{"id":2818,"date":"2020-11-20T12:42:19","date_gmt":"2020-11-20T12:42:19","guid":{"rendered":"https:\/\/www.ahortadesanroque.com\/?page_id=2818"},"modified":"2024-08-14T12:06:11","modified_gmt":"2024-08-14T12:06:11","slug":"nuestros-arroces","status":"publish","type":"page","link":"https:\/\/www.ahortadesanroque.com\/es\/nuestros-arroces\/","title":{"rendered":"Nuestros Arroces"},"content":{"rendered":"\t\t<div data-elementor-type=\"wp-post\" data-elementor-id=\"2818\" class=\"elementor elementor-2818\" data-elementor-post-type=\"page\">\n\t\t\t\t\t\t<section class=\"elementor-section elementor-top-section elementor-element elementor-element-945b880 elementor-section-full_width elementor-section-height-default elementor-section-height-default\" data-id=\"945b880\" data-element_type=\"section\" data-e-type=\"section\">\n\t\t\t\t\t\t<div class=\"elementor-container elementor-column-gap-no\">\n\t\t\t\t\t<div class=\"elementor-column elementor-col-100 elementor-top-column elementor-element elementor-element-46824f1\" data-id=\"46824f1\" data-element_type=\"column\" data-e-type=\"column\">\n\t\t\t<div class=\"elementor-widget-wrap elementor-element-populated\">\n\t\t\t\t\t\t<div class=\"elementor-element elementor-element-355e13c elementor-widget elementor-widget-ova_breadcrumb_menu\" data-id=\"355e13c\" data-element_type=\"widget\" data-e-type=\"widget\" data-widget_type=\"ova_breadcrumb_menu.default\">\n\t\t\t\t<div class=\"elementor-widget-container\">\n\t\t\t\t\t\t\t<section class=\"breadcrumb-our-team breadcrumb-menu-section section-box\" style=\"background-image: url(https:\/\/www.ahortadesanroque.com\/wp-content\/uploads\/2020\/11\/arroces.png)\">\n\t\t\t<div class=\"container\">\n\t\t\t\t<div class=\"breadcrumb-inner\">\n\t\t\t\t\t\t\t\t\t\t<h1>NUESTROS ARROCES<\/h1>\n\t\t\t\t\t\t\t\t\t\t<div class=\"menu\">\n\t\t\t\t\t\t\t\t\t\t\t\t\t<div class=\"menu-inner\">\n\n\t\t\t\t\t\t\t\t<img decoding=\"async\" src=\"https:\/\/www.ahortadesanroque.com\/wp-content\/uploads\/2020\/11\/paella-2.png\" title=\"paella (2)\" alt=\"paella (2)\" loading=\"lazy\" \/>\n\t\t\t\t\t\t\t\t\t\t\t\t\t\t\t\t\t<h4>ARROCES<\/h4>\n\t\t\t\t\t\t\t\t\t\t\t\t\t\t\t\t\n\t\t\t\t\t\t\t<\/div>\n\t\t\t\t\t\t\t\t\t\t\t<\/div>\n\t\t\t\t<\/div>\t\n\t\t\t<\/div>\n\t\t<\/section>\n\t\t\t\t\t<\/div>\n\t\t\t\t<\/div>\n\t\t\t\t\t<\/div>\n\t\t<\/div>\n\t\t\t\t\t<\/div>\n\t\t<\/section>\n\t\t\t\t<section class=\"elementor-section elementor-top-section elementor-element elementor-element-6e488f5 elementor-section-boxed elementor-section-height-default elementor-section-height-default\" data-id=\"6e488f5\" data-element_type=\"section\" data-e-type=\"section\">\n\t\t\t\t\t\t<div class=\"elementor-container elementor-column-gap-default\">\n\t\t\t\t\t<div class=\"elementor-column elementor-col-100 elementor-top-column elementor-element elementor-element-486ece4\" data-id=\"486ece4\" data-element_type=\"column\" data-e-type=\"column\">\n\t\t\t<div class=\"elementor-widget-wrap elementor-element-populated\">\n\t\t\t\t\t\t<div class=\"elementor-element elementor-element-ef46769 elementor-widget elementor-widget-ova_our_menu_heading\" data-id=\"ef46769\" data-element_type=\"widget\" data-e-type=\"widget\" data-widget_type=\"ova_our_menu_heading.default\">\n\t\t\t\t<div class=\"elementor-widget-container\">\n\t\t\t\t\t\n\t\t<div class=\"menu-heading\">\n\t\t\t<div class=\"container\">\n\t\t\t\t<div class=\"row\">\n\t\t\t\t\t<div class=\"heading_ct\">\n\t\t\t\t\t\t<img decoding=\"async\" src=\"https:\/\/www.ahortadesanroque.com\/wp-content\/uploads\/2020\/11\/paella-3.png\" alt=\"ARROZ CALDOSO Y PAELLAS\">\n\t\t\t\t\t\t<h2>ARROZ CALDOSO Y PAELLAS<\/h2>\n\t\t\t\t\t<\/div>\n\t\t\t\t<\/div>\n\t\t\t<\/div>\n\t\t<\/div>\n\t\t\t\t\t<\/div>\n\t\t\t\t<\/div>\n\t\t\t\t<div class=\"elementor-element elementor-element-ce4bbb5 elementor-widget elementor-widget-ova_our_menu_v2\" data-id=\"ce4bbb5\" data-element_type=\"widget\" data-e-type=\"widget\" data-widget_type=\"ova_our_menu_v2.default\">\n\t\t\t\t<div class=\"elementor-widget-container\">\n\t\t\t\t\t\n\t\t<!-- Menu Potato Section -->\n\t\t<section class=\"salad-section \">\n\t\t\t<div class=\"container\">\n\t\t\t\t<div class=\"row\"> \n\t\t\t\t\t<div class=\"owl-carousel owl-theme\" data-options=\"{&quot;total_columns_slide&quot;:2,&quot;items_ipad&quot;:1,&quot;items_mobile&quot;:1,&quot;smartSpeed&quot;:500,&quot;margin&quot;:30,&quot;loop&quot;:false,&quot;autoplay&quot;:false,&quot;autoplayTimeout&quot;:5000,&quot;autoplayHoverPause&quot;:true,&quot;dots&quot;:true,&quot;slideBy&quot;:1}\">\n\t\t\t\t\t\t\t                            <div class=\"item\">\n\t                        \t\n\n\t\t\t\t\t\t\t\t<div class=\"item-content\">\n\t\t\t\t\t\t\t\t\t<div class=\"image\">\n\t\t\t\t\t\t\t\t\t\t<img decoding=\"async\" src=\"https:\/\/www.ahortadesanroque.com\/wp-content\/uploads\/2020\/11\/2a14beb1aee2d71c6fecb12f25c690f7_XL.jpg\" title=\"2a14beb1aee2d71c6fecb12f25c690f7_XL\" alt=\"Restaurante en Ribadeo especializado en arroces\" loading=\"lazy\" \/>\t\t\t\t\t\t\t\t\t<\/div>\n\t\t\t\t\t\t\t\t\t<div class=\"info salad-info\">\n\t\t\t\t\t\t\t\t\t\t<h5>Arroz caldoso de marisco<\/h5>\n\t\t\t\t\t\t\t\t\t\t<p>El famoso arroz caldoso de Rinlo<\/p>\n\t\t\t\t\t\t\t\t\t\t<span>m\u00edn .2p<\/span>\n\t\t\t\t\t\t\t\t\t<\/div>\n\t\t\t\t\t\t\t\t<\/div>\n\t\t\t\t\t\t\t\n\t\t\t\t\t\t\t\n\t\t\t\t\t\t\t\n\n\t\t\t\t\t\t\t\t<div class=\"item-content\">\n\t\t\t\t\t\t\t\t\t<div class=\"image\">\n\t\t\t\t\t\t\t\t\t\t<img decoding=\"async\" src=\"https:\/\/www.ahortadesanroque.com\/wp-content\/uploads\/2021\/02\/arroz-con-bogabante-1.jpg\" title=\"arroz con bogabante\" alt=\"Restaurante en Ribadeo A Horta de San Roque - Arroz caldoso con bogavante en Ribadeo\" loading=\"lazy\" \/>\t\t\t\t\t\t\t\t\t<\/div>\n\t\t\t\t\t\t\t\t\t<div class=\"info salad-info\">\n\t\t\t\t\t\t\t\t\t\t<h5>Arroz caldoso de bogavante\u2026por encargo<\/h5>\n\t\t\t\t\t\t\t\t\t\t<p>Plato hecho solo por encargo<\/p>\n\t\t\t\t\t\t\t\t\t\t<span>m\u00edn.2p.<\/span>\n\t\t\t\t\t\t\t\t\t<\/div>\n\t\t\t\t\t\t\t\t<\/div>\n\t\t\t\t\t\t\t\n\t\t\t\t\t\t\t       \n\t                         \t<\/div>                       \t\n\t                        \n\t\t\t\t\t\t\t                            <div class=\"item\">\n\t                        \t\n\n\t\t\t\t\t\t\t\t<div class=\"item-content\">\n\t\t\t\t\t\t\t\t\t<div class=\"image\">\n\t\t\t\t\t\t\t\t\t\t<img decoding=\"async\" src=\"https:\/\/www.ahortadesanroque.com\/wp-content\/uploads\/2021\/02\/paella-marisco2-scaled.jpg\" title=\"paella marisco2\" alt=\"Restaurante en Ribadeo A Horta de San Roque - Paella marisco\" loading=\"lazy\" \/>\t\t\t\t\t\t\t\t\t<\/div>\n\t\t\t\t\t\t\t\t\t<div class=\"info salad-info\">\n\t\t\t\t\t\t\t\t\t\t<h5>Paella de marisco\u2026por encargo<\/h5>\n\t\t\t\t\t\t\t\t\t\t<p>Plato hecho solo por encargo<\/p>\n\t\t\t\t\t\t\t\t\t\t<span>m\u00edn.2p.<\/span>\n\t\t\t\t\t\t\t\t\t<\/div>\n\t\t\t\t\t\t\t\t<\/div>\n\t\t\t\t\t\t\t\n\t\t\t\t\t\t\t\n\t\t\t\t\t\t\t\n\n\t\t\t\t\t\t\t\t<div class=\"item-content\">\n\t\t\t\t\t\t\t\t\t<div class=\"image\">\n\t\t\t\t\t\t\t\t\t\t<img decoding=\"async\" src=\"https:\/\/www.ahortadesanroque.com\/wp-content\/uploads\/2021\/02\/paella-bogavante.jpg\" title=\"paella bogavante\" alt=\"Restaurante en Ribadeo A Horta de San Roque - Paella bogavante\" loading=\"lazy\" \/>\t\t\t\t\t\t\t\t\t<\/div>\n\t\t\t\t\t\t\t\t\t<div class=\"info salad-info\">\n\t\t\t\t\t\t\t\t\t\t<h5>Paella de bogavante\u2026por encargo<\/h5>\n\t\t\t\t\t\t\t\t\t\t<p>Plato hecho solo por encargo<\/p>\n\t\t\t\t\t\t\t\t\t\t<span>m\u00edn.2p.<\/span>\n\t\t\t\t\t\t\t\t\t<\/div>\n\t\t\t\t\t\t\t\t<\/div>\n\t\t\t\t\t\t\t\n\t\t\t\t\t\t\t       \n\t                         \t<\/div>                       \t\n\t                        \n\t\t\t\t\t\t\t\t\t\t\t<\/div>\n\t\t\t\t<\/div>\n\t\t\t<\/div>\n\t\t<\/section>\n\t\t<!-- End Menu Potato Section -->\n\n\n\t\t\t\t\t<\/div>\n\t\t\t\t<\/div>\n\t\t\t\t\t<\/div>\n\t\t<\/div>\n\t\t\t\t\t<\/div>\n\t\t<\/section>\n\t\t\t\t<\/div>\n\t\t","protected":false},"excerpt":{"rendered":"<p>NUESTROS ARROCES ARROCES ARROZ CALDOSO Y PAELLAS Arroz caldoso de marisco El famoso arroz caldoso de Rinlo m\u00edn .2p Arroz caldoso de bogavante\u2026por encargo Plato hecho solo por encargo m\u00edn.2p. Paella de marisco\u2026por encargo Plato hecho solo por encargo m\u00edn.2p. Paella de bogavante\u2026por encargo Plato hecho solo por encargo m\u00edn.2p.<\/p>\n","protected":false},"author":2,"featured_media":0,"parent":0,"menu_order":0,"comment_status":"closed","ping_status":"closed","template":"elementor_header_footer","meta":{"footnotes":""},"class_list":["post-2818","page","type-page","status-publish","hentry"],"yoast_head":"<!-- This site is optimized with the Yoast SEO plugin v27.4 - https:\/\/yoast.com\/product\/yoast-seo-wordpress\/ -->\n<title>A Horta de San Roque | Carta | Especializados en Arroces<\/title>\n<meta name=\"description\" content=\"Descubre nuestra selecci\u00f3n de paellas y arroces caldosos y sum\u00e9rgete en una experiencia culinaria \u00fanica. Elaborados con los producto fresco.\" \/>\n<meta name=\"robots\" content=\"index, follow, max-snippet:-1, max-image-preview:large, max-video-preview:-1\" \/>\n<link rel=\"canonical\" href=\"https:\/\/www.ahortadesanroque.com\/es\/nuestros-arroces\/\" \/>\n<meta property=\"og:locale\" content=\"es_ES\" \/>\n<meta property=\"og:type\" content=\"article\" \/>\n<meta property=\"og:title\" content=\"A Horta de San Roque | Carta | Especializados en Arroces\" \/>\n<meta property=\"og:description\" content=\"Descubre nuestra selecci\u00f3n de paellas y arroces caldosos y sum\u00e9rgete en una experiencia culinaria \u00fanica. Elaborados con los producto fresco.\" \/>\n<meta property=\"og:url\" content=\"https:\/\/www.ahortadesanroque.com\/es\/nuestros-arroces\/\" \/>\n<meta property=\"og:site_name\" content=\"A Horta de San Roque\" \/>\n<meta property=\"article:modified_time\" content=\"2024-08-14T12:06:11+00:00\" \/>\n<meta property=\"og:image\" content=\"https:\/\/www.ahortadesanroque.com\/wp-content\/uploads\/2021\/02\/paella-bogavante.jpg\" \/>\n\t<meta property=\"og:image:width\" content=\"830\" \/>\n\t<meta property=\"og:image:height\" content=\"623\" \/>\n\t<meta property=\"og:image:type\" content=\"image\/jpeg\" \/>\n<meta name=\"twitter:card\" content=\"summary_large_image\" \/>\n<meta name=\"twitter:title\" content=\"A Horta de San Roque | Carta | Especializados en Arroces\" \/>\n<meta name=\"twitter:description\" content=\"Descubre nuestra selecci\u00f3n de paellas y arroces caldosos y sum\u00e9rgete en una experiencia culinaria \u00fanica. Elaborados con los producto fresco.\" \/>\n<meta name=\"twitter:image\" content=\"https:\/\/www.ahortadesanroque.com\/wp-content\/uploads\/2021\/02\/paella-bogavante.jpg\" \/>\n<meta name=\"twitter:label1\" content=\"Tiempo de lectura\" \/>\n\t<meta name=\"twitter:data1\" content=\"2 minutos\" \/>\n<script type=\"application\/ld+json\" class=\"yoast-schema-graph\">{\"@context\":\"https:\\\/\\\/schema.org\",\"@graph\":[{\"@type\":\"WebPage\",\"@id\":\"https:\\\/\\\/www.ahortadesanroque.com\\\/nuestros-arroces\\\/\",\"url\":\"https:\\\/\\\/www.ahortadesanroque.com\\\/nuestros-arroces\\\/\",\"name\":\"A Horta de San Roque | Carta | Especializados en Arroces\",\"isPartOf\":{\"@id\":\"https:\\\/\\\/www.ahortadesanroque.com\\\/es\\\/#website\"},\"primaryImageOfPage\":{\"@id\":\"https:\\\/\\\/www.ahortadesanroque.com\\\/nuestros-arroces\\\/#primaryimage\"},\"image\":{\"@id\":\"https:\\\/\\\/www.ahortadesanroque.com\\\/nuestros-arroces\\\/#primaryimage\"},\"thumbnailUrl\":\"https:\\\/\\\/www.ahortadesanroque.com\\\/wp-content\\\/uploads\\\/2020\\\/11\\\/paella-2.png\",\"datePublished\":\"2020-11-20T12:42:19+00:00\",\"dateModified\":\"2024-08-14T12:06:11+00:00\",\"description\":\"Descubre nuestra selecci\u00f3n de paellas y arroces caldosos y sum\u00e9rgete en una experiencia culinaria \u00fanica. Elaborados con los producto fresco.\",\"breadcrumb\":{\"@id\":\"https:\\\/\\\/www.ahortadesanroque.com\\\/nuestros-arroces\\\/#breadcrumb\"},\"inLanguage\":\"es\",\"potentialAction\":[{\"@type\":\"ReadAction\",\"target\":[\"https:\\\/\\\/www.ahortadesanroque.com\\\/nuestros-arroces\\\/\"]}]},{\"@type\":\"ImageObject\",\"inLanguage\":\"es\",\"@id\":\"https:\\\/\\\/www.ahortadesanroque.com\\\/nuestros-arroces\\\/#primaryimage\",\"url\":\"https:\\\/\\\/www.ahortadesanroque.com\\\/wp-content\\\/uploads\\\/2020\\\/11\\\/paella-2.png\",\"contentUrl\":\"https:\\\/\\\/www.ahortadesanroque.com\\\/wp-content\\\/uploads\\\/2020\\\/11\\\/paella-2.png\"},{\"@type\":\"BreadcrumbList\",\"@id\":\"https:\\\/\\\/www.ahortadesanroque.com\\\/nuestros-arroces\\\/#breadcrumb\",\"itemListElement\":[{\"@type\":\"ListItem\",\"position\":1,\"name\":\"Portada\",\"item\":\"https:\\\/\\\/www.ahortadesanroque.com\\\/\"},{\"@type\":\"ListItem\",\"position\":2,\"name\":\"Nuestros Arroces\"}]},{\"@type\":\"WebSite\",\"@id\":\"https:\\\/\\\/www.ahortadesanroque.com\\\/es\\\/#website\",\"url\":\"https:\\\/\\\/www.ahortadesanroque.com\\\/es\\\/\",\"name\":\"A Horta de San Roque\",\"description\":\"\",\"potentialAction\":[{\"@type\":\"SearchAction\",\"target\":{\"@type\":\"EntryPoint\",\"urlTemplate\":\"https:\\\/\\\/www.ahortadesanroque.com\\\/es\\\/?s={search_term_string}\"},\"query-input\":{\"@type\":\"PropertyValueSpecification\",\"valueRequired\":true,\"valueName\":\"search_term_string\"}}],\"inLanguage\":\"es\"}]}<\/script>\n<!-- \/ Yoast SEO plugin. -->","yoast_head_json":{"title":"A Horta de San Roque | Carta | Especializados en Arroces","description":"Descubre nuestra selecci\u00f3n de paellas y arroces caldosos y sum\u00e9rgete en una experiencia culinaria \u00fanica. Elaborados con los producto fresco.","robots":{"index":"index","follow":"follow","max-snippet":"max-snippet:-1","max-image-preview":"max-image-preview:large","max-video-preview":"max-video-preview:-1"},"canonical":"https:\/\/www.ahortadesanroque.com\/es\/nuestros-arroces\/","og_locale":"es_ES","og_type":"article","og_title":"A Horta de San Roque | Carta | Especializados en Arroces","og_description":"Descubre nuestra selecci\u00f3n de paellas y arroces caldosos y sum\u00e9rgete en una experiencia culinaria \u00fanica. Elaborados con los producto fresco.","og_url":"https:\/\/www.ahortadesanroque.com\/es\/nuestros-arroces\/","og_site_name":"A Horta de San Roque","article_modified_time":"2024-08-14T12:06:11+00:00","og_image":[{"width":830,"height":623,"url":"https:\/\/www.ahortadesanroque.com\/wp-content\/uploads\/2021\/02\/paella-bogavante.jpg","type":"image\/jpeg"}],"twitter_card":"summary_large_image","twitter_title":"A Horta de San Roque | Carta | Especializados en Arroces","twitter_description":"Descubre nuestra selecci\u00f3n de paellas y arroces caldosos y sum\u00e9rgete en una experiencia culinaria \u00fanica. Elaborados con los producto fresco.","twitter_image":"https:\/\/www.ahortadesanroque.com\/wp-content\/uploads\/2021\/02\/paella-bogavante.jpg","twitter_misc":{"Tiempo de lectura":"2 minutos"},"schema":{"@context":"https:\/\/schema.org","@graph":[{"@type":"WebPage","@id":"https:\/\/www.ahortadesanroque.com\/nuestros-arroces\/","url":"https:\/\/www.ahortadesanroque.com\/nuestros-arroces\/","name":"A Horta de San Roque | Carta | Especializados en Arroces","isPartOf":{"@id":"https:\/\/www.ahortadesanroque.com\/es\/#website"},"primaryImageOfPage":{"@id":"https:\/\/www.ahortadesanroque.com\/nuestros-arroces\/#primaryimage"},"image":{"@id":"https:\/\/www.ahortadesanroque.com\/nuestros-arroces\/#primaryimage"},"thumbnailUrl":"https:\/\/www.ahortadesanroque.com\/wp-content\/uploads\/2020\/11\/paella-2.png","datePublished":"2020-11-20T12:42:19+00:00","dateModified":"2024-08-14T12:06:11+00:00","description":"Descubre nuestra selecci\u00f3n de paellas y arroces caldosos y sum\u00e9rgete en una experiencia culinaria \u00fanica. Elaborados con los producto fresco.","breadcrumb":{"@id":"https:\/\/www.ahortadesanroque.com\/nuestros-arroces\/#breadcrumb"},"inLanguage":"es","potentialAction":[{"@type":"ReadAction","target":["https:\/\/www.ahortadesanroque.com\/nuestros-arroces\/"]}]},{"@type":"ImageObject","inLanguage":"es","@id":"https:\/\/www.ahortadesanroque.com\/nuestros-arroces\/#primaryimage","url":"https:\/\/www.ahortadesanroque.com\/wp-content\/uploads\/2020\/11\/paella-2.png","contentUrl":"https:\/\/www.ahortadesanroque.com\/wp-content\/uploads\/2020\/11\/paella-2.png"},{"@type":"BreadcrumbList","@id":"https:\/\/www.ahortadesanroque.com\/nuestros-arroces\/#breadcrumb","itemListElement":[{"@type":"ListItem","position":1,"name":"Portada","item":"https:\/\/www.ahortadesanroque.com\/"},{"@type":"ListItem","position":2,"name":"Nuestros Arroces"}]},{"@type":"WebSite","@id":"https:\/\/www.ahortadesanroque.com\/es\/#website","url":"https:\/\/www.ahortadesanroque.com\/es\/","name":"A Horta de San Roque","description":"","potentialAction":[{"@type":"SearchAction","target":{"@type":"EntryPoint","urlTemplate":"https:\/\/www.ahortadesanroque.com\/es\/?s={search_term_string}"},"query-input":{"@type":"PropertyValueSpecification","valueRequired":true,"valueName":"search_term_string"}}],"inLanguage":"es"}]}},"jetpack_sharing_enabled":true,"_links":{"self":[{"href":"https:\/\/www.ahortadesanroque.com\/es\/wp-json\/wp\/v2\/pages\/2818","targetHints":{"allow":["GET"]}}],"collection":[{"href":"https:\/\/www.ahortadesanroque.com\/es\/wp-json\/wp\/v2\/pages"}],"about":[{"href":"https:\/\/www.ahortadesanroque.com\/es\/wp-json\/wp\/v2\/types\/page"}],"author":[{"embeddable":true,"href":"https:\/\/www.ahortadesanroque.com\/es\/wp-json\/wp\/v2\/users\/2"}],"replies":[{"embeddable":true,"href":"https:\/\/www.ahortadesanroque.com\/es\/wp-json\/wp\/v2\/comments?post=2818"}],"version-history":[{"count":39,"href":"https:\/\/www.ahortadesanroque.com\/es\/wp-json\/wp\/v2\/pages\/2818\/revisions"}],"predecessor-version":[{"id":3812,"href":"https:\/\/www.ahortadesanroque.com\/es\/wp-json\/wp\/v2\/pages\/2818\/revisions\/3812"}],"wp:attachment":[{"href":"https:\/\/www.ahortadesanroque.com\/es\/wp-json\/wp\/v2\/media?parent=2818"}],"curies":[{"name":"wp","href":"https:\/\/api.w.org\/{rel}","templated":true}]}}