{"id":2858,"date":"2020-11-26T19:32:12","date_gmt":"2020-11-26T19:32:12","guid":{"rendered":"https:\/\/www.ahortadesanroque.com\/?page_id=2858"},"modified":"2024-02-01T00:04:47","modified_gmt":"2024-02-01T00:04:47","slug":"nuestros-postres","status":"publish","type":"page","link":"https:\/\/www.ahortadesanroque.com\/es\/nuestros-postres\/","title":{"rendered":"Nuestros Postres"},"content":{"rendered":"\t\t<div data-elementor-type=\"wp-post\" data-elementor-id=\"2858\" class=\"elementor elementor-2858\" data-elementor-post-type=\"page\">\n\t\t\t\t\t\t<section class=\"elementor-section elementor-top-section elementor-element elementor-element-945b880 elementor-section-full_width elementor-section-height-default elementor-section-height-default\" data-id=\"945b880\" data-element_type=\"section\" data-e-type=\"section\">\n\t\t\t\t\t\t<div class=\"elementor-container elementor-column-gap-no\">\n\t\t\t\t\t<div class=\"elementor-column elementor-col-100 elementor-top-column elementor-element elementor-element-46824f1\" data-id=\"46824f1\" data-element_type=\"column\" data-e-type=\"column\">\n\t\t\t<div class=\"elementor-widget-wrap elementor-element-populated\">\n\t\t\t\t\t\t<div class=\"elementor-element elementor-element-355e13c elementor-widget elementor-widget-ova_breadcrumb_menu\" data-id=\"355e13c\" data-element_type=\"widget\" data-e-type=\"widget\" data-widget_type=\"ova_breadcrumb_menu.default\">\n\t\t\t\t<div class=\"elementor-widget-container\">\n\t\t\t\t\t\t\t<section class=\"breadcrumb-our-team breadcrumb-menu-section section-box\" style=\"background-image: url(https:\/\/www.ahortadesanroque.com\/wp-content\/uploads\/2020\/11\/POSTRES.png)\">\n\t\t\t<div class=\"container\">\n\t\t\t\t<div class=\"breadcrumb-inner\">\n\t\t\t\t\t\t\t\t\t\t<h1>NUESTROS POSTRES<\/h1>\n\t\t\t\t\t\t\t\t\t\t<div class=\"menu\">\n\t\t\t\t\t\t\t\t\t\t\t\t\t<div class=\"menu-inner\">\n\n\t\t\t\t\t\t\t\t<img decoding=\"async\" src=\"https:\/\/www.ahortadesanroque.com\/wp-content\/uploads\/2020\/11\/flan.png\" title=\"flan\" alt=\"flan\" loading=\"lazy\" \/>\n\t\t\t\t\t\t\t\t\t\t\t\t\t\t\t\t\t<h4>POSTRES<\/h4>\n\t\t\t\t\t\t\t\t\t\t\t\t\t\t\t\t\n\t\t\t\t\t\t\t<\/div>\n\t\t\t\t\t\t\t\t\t\t\t<\/div>\n\t\t\t\t<\/div>\t\n\t\t\t<\/div>\n\t\t<\/section>\n\t\t\t\t\t<\/div>\n\t\t\t\t<\/div>\n\t\t\t\t\t<\/div>\n\t\t<\/div>\n\t\t\t\t\t<\/div>\n\t\t<\/section>\n\t\t\t\t<section class=\"elementor-section elementor-top-section elementor-element elementor-element-6e488f5 elementor-section-boxed elementor-section-height-default elementor-section-height-default\" data-id=\"6e488f5\" data-element_type=\"section\" data-e-type=\"section\">\n\t\t\t\t\t\t<div class=\"elementor-container elementor-column-gap-default\">\n\t\t\t\t\t<div class=\"elementor-column elementor-col-100 elementor-top-column elementor-element elementor-element-486ece4\" data-id=\"486ece4\" data-element_type=\"column\" data-e-type=\"column\">\n\t\t\t<div class=\"elementor-widget-wrap elementor-element-populated\">\n\t\t\t\t\t\t<div class=\"elementor-element elementor-element-ef46769 elementor-widget elementor-widget-ova_our_menu_heading\" data-id=\"ef46769\" data-element_type=\"widget\" data-e-type=\"widget\" data-widget_type=\"ova_our_menu_heading.default\">\n\t\t\t\t<div class=\"elementor-widget-container\">\n\t\t\t\t\t\n\t\t<div class=\"menu-heading\">\n\t\t\t<div class=\"container\">\n\t\t\t\t<div class=\"row\">\n\t\t\t\t\t<div class=\"heading_ct\">\n\t\t\t\t\t\t<img decoding=\"async\" src=\"https:\/\/www.ahortadesanroque.com\/wp-content\/uploads\/2020\/11\/flan1.png\" alt=\"NUESTROS POSTRES\">\n\t\t\t\t\t\t<h2>NUESTROS POSTRES<\/h2>\n\t\t\t\t\t<\/div>\n\t\t\t\t<\/div>\n\t\t\t<\/div>\n\t\t<\/div>\n\t\t\t\t\t<\/div>\n\t\t\t\t<\/div>\n\t\t\t\t<div class=\"elementor-element elementor-element-ce4bbb5 elementor-widget elementor-widget-ova_our_menu_v2\" data-id=\"ce4bbb5\" data-element_type=\"widget\" data-e-type=\"widget\" data-widget_type=\"ova_our_menu_v2.default\">\n\t\t\t\t<div class=\"elementor-widget-container\">\n\t\t\t\t\t\n\t\t<!-- Menu Potato Section -->\n\t\t<section class=\"salad-section \">\n\t\t\t<div class=\"container\">\n\t\t\t\t<div class=\"row\"> \n\t\t\t\t\t<div class=\"owl-carousel owl-theme\" data-options=\"{&quot;total_columns_slide&quot;:3,&quot;items_ipad&quot;:1,&quot;items_mobile&quot;:1,&quot;smartSpeed&quot;:500,&quot;margin&quot;:30,&quot;loop&quot;:false,&quot;autoplay&quot;:false,&quot;autoplayTimeout&quot;:5000,&quot;autoplayHoverPause&quot;:true,&quot;dots&quot;:true,&quot;slideBy&quot;:1}\">\n\t\t\t\t\t\t\t                            <div class=\"item\">\n\t                        \t\n\n\t\t\t\t\t\t\t\t<div class=\"item-content\">\n\t\t\t\t\t\t\t\t\t<div class=\"image\">\n\t\t\t\t\t\t\t\t\t\t<img decoding=\"async\" src=\"https:\/\/www.ahortadesanroque.com\/wp-content\/uploads\/2021\/02\/flan-de-huevo.jpg\" title=\"flan de huevo\" alt=\"Restaurante en Ribadeo A Horta de San Roque - Flan de huevo\" loading=\"lazy\" \/>\t\t\t\t\t\t\t\t\t<\/div>\n\t\t\t\t\t\t\t\t\t<div class=\"info salad-info\">\n\t\t\t\t\t\t\t\t\t\t<h5>Flan de huevo<\/h5>\n\t\t\t\t\t\t\t\t\t\t<p>El flan casero de toda la vida<\/p>\n\t\t\t\t\t\t\t\t\t\t<span><\/span>\n\t\t\t\t\t\t\t\t\t<\/div>\n\t\t\t\t\t\t\t\t<\/div>\n\t\t\t\t\t\t\t\n\t\t\t\t\t\t\t\n\t\t\t\t\t\t\t\n\n\t\t\t\t\t\t\t\t<div class=\"item-content\">\n\t\t\t\t\t\t\t\t\t<div class=\"image\">\n\t\t\t\t\t\t\t\t\t\t<img decoding=\"async\" src=\"https:\/\/www.ahortadesanroque.com\/wp-content\/uploads\/2021\/02\/coulant-de-chocolate-casero.jpg\" title=\"coulant de chocolate casero\" alt=\"Restaurante en Ribadeo A Horta de San Roque - coulant de chocolate casero\" loading=\"lazy\" \/>\t\t\t\t\t\t\t\t\t<\/div>\n\t\t\t\t\t\t\t\t\t<div class=\"info salad-info\">\n\t\t\t\t\t\t\t\t\t\t<h5>Coulant de chocolate con helado de mandarina<\/h5>\n\t\t\t\t\t\t\t\t\t\t<p>Espectacular choque de texturas y temperatura<\/p>\n\t\t\t\t\t\t\t\t\t\t<span><\/span>\n\t\t\t\t\t\t\t\t\t<\/div>\n\t\t\t\t\t\t\t\t<\/div>\n\t\t\t\t\t\t\t\n\t\t\t\t\t\t\t\n\t\t\t\t\t\t\t\n\n\t\t\t\t\t\t\t\t<div class=\"item-content\">\n\t\t\t\t\t\t\t\t\t<div class=\"image\">\n\t\t\t\t\t\t\t\t\t\t<img decoding=\"async\" src=\"https:\/\/www.ahortadesanroque.com\/wp-content\/uploads\/2021\/02\/tarta-de-queso.jpg\" title=\"tarta de queso\" alt=\"Restaurante en Ribadeo A Horta de San Roque - tarta de queso\" loading=\"lazy\" \/>\t\t\t\t\t\t\t\t\t<\/div>\n\t\t\t\t\t\t\t\t\t<div class=\"info salad-info\">\n\t\t\t\t\t\t\t\t\t\t<h5>Tarta de queso fr\u00eda<\/h5>\n\t\t\t\t\t\t\t\t\t\t<p>Exquisita tarta de queso fr\u00eda casera<\/p>\n\t\t\t\t\t\t\t\t\t\t<span><\/span>\n\t\t\t\t\t\t\t\t\t<\/div>\n\t\t\t\t\t\t\t\t<\/div>\n\t\t\t\t\t\t\t\n\t\t\t\t\t\t\t       \n\t                         \t<\/div>                       \t\n\t                        \n\t\t\t\t\t\t\t                            <div class=\"item\">\n\t                        \t\n\n\t\t\t\t\t\t\t\t<div class=\"item-content\">\n\t\t\t\t\t\t\t\t\t<div class=\"image\">\n\t\t\t\t\t\t\t\t\t\t<img decoding=\"async\" src=\"https:\/\/www.ahortadesanroque.com\/wp-content\/uploads\/2020\/11\/arroz-con-leche.png\" title=\"arroz-con-leche\" alt=\"Restaurante en Ribadeo A Horta de San Roque -arroz con leche postre\" loading=\"lazy\" \/>\t\t\t\t\t\t\t\t\t<\/div>\n\t\t\t\t\t\t\t\t\t<div class=\"info salad-info\">\n\t\t\t\t\t\t\t\t\t\t<h5>Arroz con leche<\/h5>\n\t\t\t\t\t\t\t\t\t\t<p>Postre t\u00edpico de nuestra gastronom\u00eda<\/p>\n\t\t\t\t\t\t\t\t\t\t<span><\/span>\n\t\t\t\t\t\t\t\t\t<\/div>\n\t\t\t\t\t\t\t\t<\/div>\n\t\t\t\t\t\t\t\n\t\t\t\t\t\t\t\n\t\t\t\t\t\t\t\n\n\t\t\t\t\t\t\t\t<div class=\"item-content\">\n\t\t\t\t\t\t\t\t\t<div class=\"image\">\n\t\t\t\t\t\t\t\t\t\t<img decoding=\"async\" src=\"https:\/\/www.ahortadesanroque.com\/wp-content\/uploads\/2020\/11\/img_requeson.jpg\" title=\"img_requeson\" alt=\"Restaurante en Ribadeo A Horta de San Roque -reques\u00f3n postre\" loading=\"lazy\" \/>\t\t\t\t\t\t\t\t\t<\/div>\n\t\t\t\t\t\t\t\t\t<div class=\"info salad-info\">\n\t\t\t\t\t\t\t\t\t\t<h5>Reques\u00f3n<\/h5>\n\t\t\t\t\t\t\t\t\t\t<p>Aut\u00e9ntico reques\u00f3n de leche de vaca gallega<\/p>\n\t\t\t\t\t\t\t\t\t\t<span><\/span>\n\t\t\t\t\t\t\t\t\t<\/div>\n\t\t\t\t\t\t\t\t<\/div>\n\t\t\t\t\t\t\t\n\t\t\t\t\t\t\t\n\t\t\t\t\t\t\t\n\n\t\t\t\t\t\t\t\t<div class=\"item-content\">\n\t\t\t\t\t\t\t\t\t<div class=\"image\">\n\t\t\t\t\t\t\t\t\t\t<img decoding=\"async\" src=\"https:\/\/www.ahortadesanroque.com\/wp-content\/uploads\/2020\/11\/queso-gallego-con-membrillo.jpg\" title=\"queso-gallego-con-membrillo\" alt=\"Restaurante en Ribadeo A Horta de San Roque -Queso con membrillo postre\" loading=\"lazy\" \/>\t\t\t\t\t\t\t\t\t<\/div>\n\t\t\t\t\t\t\t\t\t<div class=\"info salad-info\">\n\t\t\t\t\t\t\t\t\t\t<h5>Queso gallego con Membrillo<\/h5>\n\t\t\t\t\t\t\t\t\t\t<p>Si en Galicia existe un postre por excelencia, ese es el queso con membrillo<\/p>\n\t\t\t\t\t\t\t\t\t\t<span><\/span>\n\t\t\t\t\t\t\t\t\t<\/div>\n\t\t\t\t\t\t\t\t<\/div>\n\t\t\t\t\t\t\t\n\t\t\t\t\t\t\t       \n\t                         \t<\/div>                       \t\n\t                        \n\t\t\t\t\t\t\t                            <div class=\"item\">\n\t                        \t\n\n\t\t\t\t\t\t\t\t<div class=\"item-content\">\n\t\t\t\t\t\t\t\t\t<div class=\"image\">\n\t\t\t\t\t\t\t\t\t\t<img decoding=\"async\" src=\"https:\/\/www.ahortadesanroque.com\/wp-content\/uploads\/2020\/11\/amieiro.jpg\" title=\"amieiro\" alt=\"Restaurante en Ribadeo A Horta de San Roque - Amieiro Tiramis\u00fa postre\" loading=\"lazy\" \/>\t\t\t\t\t\t\t\t\t<\/div>\n\t\t\t\t\t\t\t\t\t<div class=\"info salad-info\">\n\t\t\t\t\t\t\t\t\t\t<h5>O Amieiro do Sancristan<\/h5>\n\t\t\t\t\t\t\t\t\t\t<p>Postre homenaje a las dos personas que m\u00e1s sacrificaron para que yo estudiara este oficio y que siempre apostaron por mi<\/p>\n\t\t\t\t\t\t\t\t\t\t<span><\/span>\n\t\t\t\t\t\t\t\t\t<\/div>\n\t\t\t\t\t\t\t\t<\/div>\n\t\t\t\t\t\t\t\n\t\t\t\t\t\t\t\n\t\t\t\t\t\t\t\n\n\t\t\t\t\t\t\t\t<div class=\"item-content\">\n\t\t\t\t\t\t\t\t\t<div class=\"image\">\n\t\t\t\t\t\t\t\t\t\t<img decoding=\"async\" src=\"https:\/\/www.ahortadesanroque.com\/wp-content\/uploads\/2020\/11\/tarta-helada.jpg\" title=\"tarta-helada\" alt=\"tarta-helada\" loading=\"lazy\" \/>\t\t\t\t\t\t\t\t\t<\/div>\n\t\t\t\t\t\t\t\t\t<div class=\"info salad-info\">\n\t\t\t\t\t\t\t\t\t\t<h5>Tarta helada<\/h5>\n\t\t\t\t\t\t\t\t\t\t<p>Cl\u00e1sica tarta helada <\/p>\n\t\t\t\t\t\t\t\t\t\t<span><\/span>\n\t\t\t\t\t\t\t\t\t<\/div>\n\t\t\t\t\t\t\t\t<\/div>\n\t\t\t\t\t\t\t\n\t\t\t\t\t\t\t\n\t\t\t\t\t\t\t\n\n\t\t\t\t\t\t\t\t<div class=\"item-content\">\n\t\t\t\t\t\t\t\t\t<div class=\"image\">\n\t\t\t\t\t\t\t\t\t\t<img decoding=\"async\" src=\"https:\/\/www.ahortadesanroque.com\/wp-content\/uploads\/2020\/11\/tartawhisky.jpg\" title=\"tartawhisky\" alt=\"Restaurante en Ribadeo A Horta de San Roque - Tarta Whisky\" loading=\"lazy\" \/>\t\t\t\t\t\t\t\t\t<\/div>\n\t\t\t\t\t\t\t\t\t<div class=\"info salad-info\">\n\t\t\t\t\t\t\t\t\t\t<h5>Tarta de Whisky<\/h5>\n\t\t\t\t\t\t\t\t\t\t<p>Tradicional receta de tarta al Whisky<\/p>\n\t\t\t\t\t\t\t\t\t\t<span><\/span>\n\t\t\t\t\t\t\t\t\t<\/div>\n\t\t\t\t\t\t\t\t<\/div>\n\t\t\t\t\t\t\t\n\t\t\t\t\t\t\t       \n\t                         \t<\/div>                       \t\n\t                        \n\t\t\t\t\t\t\t\t\t\t\t<\/div>\n\t\t\t\t<\/div>\n\t\t\t<\/div>\n\t\t<\/section>\n\t\t<!-- End Menu Potato Section -->\n\n\n\t\t\t\t\t<\/div>\n\t\t\t\t<\/div>\n\t\t\t\t<div class=\"elementor-element elementor-element-1496fcb elementor-widget elementor-widget-ova_our_menu_heading\" data-id=\"1496fcb\" data-element_type=\"widget\" data-e-type=\"widget\" data-widget_type=\"ova_our_menu_heading.default\">\n\t\t\t\t<div class=\"elementor-widget-container\">\n\t\t\t\t\t\n\t\t<div class=\"menu-heading\">\n\t\t\t<div class=\"container\">\n\t\t\t\t<div class=\"row\">\n\t\t\t\t\t<div class=\"heading_ct\">\n\t\t\t\t\t\t<img decoding=\"async\" src=\"https:\/\/www.ahortadesanroque.com\/wp-content\/uploads\/2020\/11\/helado.png\" alt=\"Consultar helados\">\n\t\t\t\t\t\t<h2>Consultar helados<\/h2>\n\t\t\t\t\t<\/div>\n\t\t\t\t<\/div>\n\t\t\t<\/div>\n\t\t<\/div>\n\t\t\t\t\t<\/div>\n\t\t\t\t<\/div>\n\t\t\t\t\t<\/div>\n\t\t<\/div>\n\t\t\t\t\t<\/div>\n\t\t<\/section>\n\t\t\t\t<\/div>\n\t\t","protected":false},"excerpt":{"rendered":"<p>NUESTROS POSTRES POSTRES NUESTROS POSTRES Flan de huevo El flan casero de toda la vida Coulant de chocolate con helado de mandarina Espectacular choque de texturas y temperatura Tarta de queso fr\u00eda Exquisita tarta de queso fr\u00eda casera Arroz con leche Postre t\u00edpico de nuestra gastronom\u00eda Reques\u00f3n Aut\u00e9ntico reques\u00f3n de leche de vaca gallega Queso [&hellip;]<\/p>\n","protected":false},"author":2,"featured_media":0,"parent":0,"menu_order":0,"comment_status":"closed","ping_status":"closed","template":"elementor_header_footer","meta":{"footnotes":""},"class_list":["post-2858","page","type-page","status-publish","hentry"],"yoast_head":"<!-- This site is optimized with the Yoast SEO plugin v27.4 - https:\/\/yoast.com\/product\/yoast-seo-wordpress\/ -->\n<title>A Horta de San Roque | Carta | Nuestros Postres<\/title>\n<meta name=\"description\" content=\"Finaliza tu experiencia en A Horta de San Roque de la mejor manera posible con nuestra amplia selecci\u00f3n de postres. Del\u00e9itate con sabores cautivadores.\" \/>\n<meta name=\"robots\" content=\"index, follow, max-snippet:-1, max-image-preview:large, max-video-preview:-1\" \/>\n<link rel=\"canonical\" href=\"https:\/\/www.ahortadesanroque.com\/es\/nuestros-postres\/\" \/>\n<meta property=\"og:locale\" content=\"es_ES\" \/>\n<meta property=\"og:type\" content=\"article\" \/>\n<meta property=\"og:title\" content=\"A Horta de San Roque | Carta | Nuestros Postres\" \/>\n<meta property=\"og:description\" content=\"Finaliza tu experiencia en A Horta de San Roque de la mejor manera posible con nuestra amplia selecci\u00f3n de postres. Del\u00e9itate con sabores cautivadores.\" \/>\n<meta property=\"og:url\" content=\"https:\/\/www.ahortadesanroque.com\/es\/nuestros-postres\/\" \/>\n<meta property=\"og:site_name\" content=\"A Horta de San Roque\" \/>\n<meta property=\"article:modified_time\" content=\"2024-02-01T00:04:47+00:00\" \/>\n<meta property=\"og:image\" content=\"https:\/\/www.ahortadesanroque.com\/wp-content\/uploads\/2020\/11\/flan.png\" \/>\n<meta name=\"twitter:card\" content=\"summary_large_image\" \/>\n<meta name=\"twitter:label1\" content=\"Tiempo de lectura\" \/>\n\t<meta name=\"twitter:data1\" content=\"3 minutos\" \/>\n<script type=\"application\/ld+json\" class=\"yoast-schema-graph\">{\"@context\":\"https:\\\/\\\/schema.org\",\"@graph\":[{\"@type\":\"WebPage\",\"@id\":\"https:\\\/\\\/www.ahortadesanroque.com\\\/es\\\/nuestros-postres\\\/\",\"url\":\"https:\\\/\\\/www.ahortadesanroque.com\\\/es\\\/nuestros-postres\\\/\",\"name\":\"A Horta de San Roque | Carta | Nuestros Postres\",\"isPartOf\":{\"@id\":\"https:\\\/\\\/www.ahortadesanroque.com\\\/es\\\/#website\"},\"primaryImageOfPage\":{\"@id\":\"https:\\\/\\\/www.ahortadesanroque.com\\\/es\\\/nuestros-postres\\\/#primaryimage\"},\"image\":{\"@id\":\"https:\\\/\\\/www.ahortadesanroque.com\\\/es\\\/nuestros-postres\\\/#primaryimage\"},\"thumbnailUrl\":\"https:\\\/\\\/www.ahortadesanroque.com\\\/wp-content\\\/uploads\\\/2020\\\/11\\\/flan.png\",\"datePublished\":\"2020-11-26T19:32:12+00:00\",\"dateModified\":\"2024-02-01T00:04:47+00:00\",\"description\":\"Finaliza tu experiencia en A Horta de San Roque de la mejor manera posible con nuestra amplia selecci\u00f3n de postres. Del\u00e9itate con sabores cautivadores.\",\"breadcrumb\":{\"@id\":\"https:\\\/\\\/www.ahortadesanroque.com\\\/es\\\/nuestros-postres\\\/#breadcrumb\"},\"inLanguage\":\"es\",\"potentialAction\":[{\"@type\":\"ReadAction\",\"target\":[\"https:\\\/\\\/www.ahortadesanroque.com\\\/es\\\/nuestros-postres\\\/\"]}]},{\"@type\":\"ImageObject\",\"inLanguage\":\"es\",\"@id\":\"https:\\\/\\\/www.ahortadesanroque.com\\\/es\\\/nuestros-postres\\\/#primaryimage\",\"url\":\"https:\\\/\\\/www.ahortadesanroque.com\\\/wp-content\\\/uploads\\\/2020\\\/11\\\/flan.png\",\"contentUrl\":\"https:\\\/\\\/www.ahortadesanroque.com\\\/wp-content\\\/uploads\\\/2020\\\/11\\\/flan.png\"},{\"@type\":\"BreadcrumbList\",\"@id\":\"https:\\\/\\\/www.ahortadesanroque.com\\\/es\\\/nuestros-postres\\\/#breadcrumb\",\"itemListElement\":[{\"@type\":\"ListItem\",\"position\":1,\"name\":\"Portada\",\"item\":\"https:\\\/\\\/www.ahortadesanroque.com\\\/\"},{\"@type\":\"ListItem\",\"position\":2,\"name\":\"Nuestros Postres\"}]},{\"@type\":\"WebSite\",\"@id\":\"https:\\\/\\\/www.ahortadesanroque.com\\\/es\\\/#website\",\"url\":\"https:\\\/\\\/www.ahortadesanroque.com\\\/es\\\/\",\"name\":\"A Horta de San Roque\",\"description\":\"\",\"potentialAction\":[{\"@type\":\"SearchAction\",\"target\":{\"@type\":\"EntryPoint\",\"urlTemplate\":\"https:\\\/\\\/www.ahortadesanroque.com\\\/es\\\/?s={search_term_string}\"},\"query-input\":{\"@type\":\"PropertyValueSpecification\",\"valueRequired\":true,\"valueName\":\"search_term_string\"}}],\"inLanguage\":\"es\"}]}<\/script>\n<!-- \/ Yoast SEO plugin. -->","yoast_head_json":{"title":"A Horta de San Roque | Carta | Nuestros Postres","description":"Finaliza tu experiencia en A Horta de San Roque de la mejor manera posible con nuestra amplia selecci\u00f3n de postres. Del\u00e9itate con sabores cautivadores.","robots":{"index":"index","follow":"follow","max-snippet":"max-snippet:-1","max-image-preview":"max-image-preview:large","max-video-preview":"max-video-preview:-1"},"canonical":"https:\/\/www.ahortadesanroque.com\/es\/nuestros-postres\/","og_locale":"es_ES","og_type":"article","og_title":"A Horta de San Roque | Carta | Nuestros Postres","og_description":"Finaliza tu experiencia en A Horta de San Roque de la mejor manera posible con nuestra amplia selecci\u00f3n de postres. Del\u00e9itate con sabores cautivadores.","og_url":"https:\/\/www.ahortadesanroque.com\/es\/nuestros-postres\/","og_site_name":"A Horta de San Roque","article_modified_time":"2024-02-01T00:04:47+00:00","og_image":[{"url":"https:\/\/www.ahortadesanroque.com\/wp-content\/uploads\/2020\/11\/flan.png","type":"","width":"","height":""}],"twitter_card":"summary_large_image","twitter_misc":{"Tiempo de lectura":"3 minutos"},"schema":{"@context":"https:\/\/schema.org","@graph":[{"@type":"WebPage","@id":"https:\/\/www.ahortadesanroque.com\/es\/nuestros-postres\/","url":"https:\/\/www.ahortadesanroque.com\/es\/nuestros-postres\/","name":"A Horta de San Roque | Carta | Nuestros Postres","isPartOf":{"@id":"https:\/\/www.ahortadesanroque.com\/es\/#website"},"primaryImageOfPage":{"@id":"https:\/\/www.ahortadesanroque.com\/es\/nuestros-postres\/#primaryimage"},"image":{"@id":"https:\/\/www.ahortadesanroque.com\/es\/nuestros-postres\/#primaryimage"},"thumbnailUrl":"https:\/\/www.ahortadesanroque.com\/wp-content\/uploads\/2020\/11\/flan.png","datePublished":"2020-11-26T19:32:12+00:00","dateModified":"2024-02-01T00:04:47+00:00","description":"Finaliza tu experiencia en A Horta de San Roque de la mejor manera posible con nuestra amplia selecci\u00f3n de postres. Del\u00e9itate con sabores cautivadores.","breadcrumb":{"@id":"https:\/\/www.ahortadesanroque.com\/es\/nuestros-postres\/#breadcrumb"},"inLanguage":"es","potentialAction":[{"@type":"ReadAction","target":["https:\/\/www.ahortadesanroque.com\/es\/nuestros-postres\/"]}]},{"@type":"ImageObject","inLanguage":"es","@id":"https:\/\/www.ahortadesanroque.com\/es\/nuestros-postres\/#primaryimage","url":"https:\/\/www.ahortadesanroque.com\/wp-content\/uploads\/2020\/11\/flan.png","contentUrl":"https:\/\/www.ahortadesanroque.com\/wp-content\/uploads\/2020\/11\/flan.png"},{"@type":"BreadcrumbList","@id":"https:\/\/www.ahortadesanroque.com\/es\/nuestros-postres\/#breadcrumb","itemListElement":[{"@type":"ListItem","position":1,"name":"Portada","item":"https:\/\/www.ahortadesanroque.com\/"},{"@type":"ListItem","position":2,"name":"Nuestros Postres"}]},{"@type":"WebSite","@id":"https:\/\/www.ahortadesanroque.com\/es\/#website","url":"https:\/\/www.ahortadesanroque.com\/es\/","name":"A Horta de San Roque","description":"","potentialAction":[{"@type":"SearchAction","target":{"@type":"EntryPoint","urlTemplate":"https:\/\/www.ahortadesanroque.com\/es\/?s={search_term_string}"},"query-input":{"@type":"PropertyValueSpecification","valueRequired":true,"valueName":"search_term_string"}}],"inLanguage":"es"}]}},"jetpack_sharing_enabled":true,"_links":{"self":[{"href":"https:\/\/www.ahortadesanroque.com\/es\/wp-json\/wp\/v2\/pages\/2858","targetHints":{"allow":["GET"]}}],"collection":[{"href":"https:\/\/www.ahortadesanroque.com\/es\/wp-json\/wp\/v2\/pages"}],"about":[{"href":"https:\/\/www.ahortadesanroque.com\/es\/wp-json\/wp\/v2\/types\/page"}],"author":[{"embeddable":true,"href":"https:\/\/www.ahortadesanroque.com\/es\/wp-json\/wp\/v2\/users\/2"}],"replies":[{"embeddable":true,"href":"https:\/\/www.ahortadesanroque.com\/es\/wp-json\/wp\/v2\/comments?post=2858"}],"version-history":[{"count":29,"href":"https:\/\/www.ahortadesanroque.com\/es\/wp-json\/wp\/v2\/pages\/2858\/revisions"}],"predecessor-version":[{"id":3751,"href":"https:\/\/www.ahortadesanroque.com\/es\/wp-json\/wp\/v2\/pages\/2858\/revisions\/3751"}],"wp:attachment":[{"href":"https:\/\/www.ahortadesanroque.com\/es\/wp-json\/wp\/v2\/media?parent=2858"}],"curies":[{"name":"wp","href":"https:\/\/api.w.org\/{rel}","templated":true}]}}