{"id":3156,"date":"2021-02-06T12:59:59","date_gmt":"2021-02-06T12:59:59","guid":{"rendered":"https:\/\/www.ahortadesanroque.com\/?page_id=3156"},"modified":"2024-08-14T07:12:31","modified_gmt":"2024-08-14T07:12:31","slug":"politica-de-cookies","status":"publish","type":"page","link":"https:\/\/www.ahortadesanroque.com\/es\/politica-de-cookies\/","title":{"rendered":"Pol\u00edtica de Cookies"},"content":{"rendered":"\t\t<div data-elementor-type=\"wp-page\" data-elementor-id=\"3156\" class=\"elementor elementor-3156\" data-elementor-post-type=\"page\">\n\t\t\t\t\t\t<section class=\"elementor-section elementor-top-section elementor-element elementor-element-fbcb40e elementor-section-boxed elementor-section-height-default elementor-section-height-default\" data-id=\"fbcb40e\" data-element_type=\"section\" data-e-type=\"section\">\n\t\t\t\t\t\t<div class=\"elementor-container elementor-column-gap-default\">\n\t\t\t\t\t<div class=\"elementor-column elementor-col-100 elementor-top-column elementor-element elementor-element-37186c7c\" data-id=\"37186c7c\" data-element_type=\"column\" data-e-type=\"column\">\n\t\t\t<div class=\"elementor-widget-wrap elementor-element-populated\">\n\t\t\t\t\t\t<div class=\"elementor-element elementor-element-e64a7b6 elementor-widget elementor-widget-text-editor\" data-id=\"e64a7b6\" data-element_type=\"widget\" data-e-type=\"widget\" data-widget_type=\"text-editor.default\">\n\t\t\t\t<div class=\"elementor-widget-container\">\n\t\t\t\t\t\t\t\t\t<div class=\"cli_pg_page_contaner\"><h3>Sobre la pol\u00edtica de cookies<\/h3><div>Esta Pol\u00edtica de Cookies explica qu\u00e9 cookies son y c\u00f3mo se utilizan, los tipos de cookies que utilizamos, adem\u00e1s de la informaci\u00f3n que recogemos utilizando cookies y como tratamos esa informaci\u00f3n, y como gestionar las preferencias de cookies. Para m\u00e1s informaci\u00f3n sobre c\u00f3mo usamos, guardamos, y mantenemos segura tu informaci\u00f3n personal, \u00e9chale un vistazo a nuestra Pol\u00edtica de Privacidad.<\/div><div>\u00a0<\/div><div>Puedes cambiar o retirar en cualquier momento tu consentimiento a trav\u00e9s de la Declaraci\u00f3n de Cookies.<\/div><div>\u00a0<\/div><div>Aprenda m\u00e1s sobre qui\u00e9nes somos, como contactarnos, y c\u00f3mo procesamos su informaci\u00f3n personal en nuestra Pol\u00edtica de Privacidad.<\/div><div>\u00a0<\/div><div>Su consentimiento se aplica en los siguientes dominios: www.ahortadesanroque.com<\/div><div>\u00a0<\/div><div><div class=\"cli_user_consent_state\">Tu estado actual: No se ha dado el consentimiento. <a class=\"cli_manage_current_consent\" style=\"cursor:pointer;text-decoration:underline;\">Gestiona tu consentimiento.<\/a> <\/div><\/div><h3>Que son las cookies?<\/h3><div>Las cookies son peque\u00f1os archivos de texto que se utilizan para almacenar peque\u00f1as cantidades de informaci\u00f3n. Se almacenan en tu dispositivo cuando cargas la web en tu navegador. Estas cookies contribuyen al correcto funcionamiento de la web, hacerla m\u00e1s segura, proporcionar una mejor experiencia de usuario, entender c\u00f3mo se desempe\u00f1a la web y analizar lo que funcione y donde se necesita una mejora..<\/div><h3>C\u00f3mo utilizamos las cookies?<\/h3><div><p>Como la mayor\u00eda de los servicios online, utiliza cookies propias y de terceros para diversos prop\u00f3sitos. Las cookies propias son mayoritariamente necesarias para el correcto funcionamiento de la web, y no recogen ninguna informaci\u00f3n identificable del usuario.<\/p><p>Las cookies de terceros utilizadas en nuestra web son en su mayor\u00eda para analizar el funcionamiento de la web, c\u00f3mo interact\u00faas con ella, mantener nuestros servicios seguros, proporcionar anuncios que sean relevantes para ti, <span class=\"VIiyi\" lang=\"es\"><span class=\"JLqJ4b ChMk0b\" data-language-for-alternatives=\"es\" data-language-to-translate-into=\"auto\" data-phrase-index=\"0\">y en general, brind\u00e1ndole una experiencia de usuario mejor y mejorada, y ayud\u00e1ndole a acelerar sus interacciones futuras con nuestra web<\/span><\/span> .<\/p><\/div><h3>Qu\u00e9 tipo de cookies utilizamos?<\/h3><div><p><strong>Esenciales<\/strong>: Algunas cookies son esenciales para que seas capaz de experimentar todas las funcionalidades de nuestra web. Nos permiten mantener las sesiones de usuario y prevenir cualquier amenaza de seguridad. No recogen ni almacenan ning\u00fan tipo de informaci\u00f3n personal. Por ejemplo, estas cookies te permiten entrar en tu cuenta, a\u00f1adir productos a tu cesta y hacer el pago de forma segura.<\/p><p><strong>Estad\u00edsticas<\/strong>: Este tipo de cookies almacenan informaci\u00f3n tipo el n\u00famero de visitantes de la web, el n\u00famero de visitantes \u00fanucos, qu\u00e9 p\u00e1ginas de la web han sido visitadas, el origen de la visita, etc. Estos datos nos ayudan a entender y analizar donde la web funciona a la perfecci\u00f3n y donde necesita una mejora.<\/p><p><strong>Funcional<\/strong>: Estas son cookies que ayudan a funcionalidades no esenciales en nuestra web. Estas funcionalidades incluyen contenido incrustado como videos o compartir contenido de la web en redes sociales.<\/p><p><strong>Ajustes<\/strong>: Estas cookies nos ayudan a almacenar tus cookies y a\u00f1adir preferencias de navegaci\u00f3n como idioma, para que as\u00ed puedas tener una experiencia mejor y m\u00e1s eficiente en pr\u00f3ximas visitas a la web.<br \/><\/p><\/div><h3>Como puedo configurar mis preferencias sobre cookies?<\/h3><div><p><span class=\"VIiyi\" lang=\"es\"><span class=\"JLqJ4b ChMk0b\" data-language-for-alternatives=\"es\" data-language-to-translate-into=\"auto\" data-phrase-index=\"0\">Si decide cambiar sus preferencias m\u00e1s adelante durante su sesi\u00f3n de navegaci\u00f3n<\/span><\/span>, puede hacer click en la pesta\u00f1a \u00abPrivacidad y Pol\u00edtica de cookies\u00bb. Esto mostrar\u00e1 el aviso de consentimiento nuevamente, para que pueda combiar sus preferencias o retirar su consentimiento por completo.<\/p><p>Adem\u00e1s de esto, los <span class=\"VIiyi\" lang=\"es\"><span class=\"JLqJ4b ChMk0b\" data-language-for-alternatives=\"es\" data-language-to-translate-into=\"auto\" data-phrase-index=\"0\">diferentes navegadores proporcionan m\u00e9todos diferentes para bloquear y eliminar las cookies utilizadas por los sitios web<\/span><\/span>. Puede cambiar los ajustes de su navegador para bloquear\/eliminar las cookies. <span class=\"VIiyi\" lang=\"es\"><span class=\"JLqJ4b ChMk0b\" data-language-for-alternatives=\"es\" data-language-to-translate-into=\"auto\" data-phrase-index=\"0\">Para obtener m\u00e1s informaci\u00f3n sobre c\u00f3mo administrar y eliminar cookies, visite wikipedia.org, www.allaboutcookies.org.<\/span><\/span><\/p><\/div><\/div>\t\t\t\t\t\t\t\t<\/div>\n\t\t\t\t<\/div>\n\t\t\t\t\t<\/div>\n\t\t<\/div>\n\t\t\t\t\t<\/div>\n\t\t<\/section>\n\t\t\t\t<\/div>\n\t\t","protected":false},"excerpt":{"rendered":"<p>Sobre la pol\u00edtica de cookies Esta Pol\u00edtica de Cookies explica qu\u00e9 cookies son y c\u00f3mo se utilizan, los tipos de cookies que utilizamos, adem\u00e1s de la informaci\u00f3n que recogemos utilizando cookies y como tratamos esa informaci\u00f3n, y como gestionar las preferencias de cookies. Para m\u00e1s informaci\u00f3n sobre c\u00f3mo usamos, guardamos, y mantenemos segura tu informaci\u00f3n [&hellip;]<\/p>\n","protected":false},"author":2,"featured_media":0,"parent":0,"menu_order":0,"comment_status":"closed","ping_status":"closed","template":"","meta":{"footnotes":""},"class_list":["post-3156","page","type-page","status-publish","hentry"],"yoast_head":"<!-- This site is optimized with the Yoast SEO plugin v27.4 - https:\/\/yoast.com\/product\/yoast-seo-wordpress\/ -->\n<title>Pol\u00edtica de Cookies - A Horta de San Roque<\/title>\n<meta name=\"robots\" content=\"noindex, follow\" \/>\n<meta property=\"og:locale\" content=\"es_ES\" \/>\n<meta property=\"og:type\" content=\"article\" \/>\n<meta property=\"og:title\" content=\"Pol\u00edtica de Cookies - A Horta de San Roque\" \/>\n<meta property=\"og:description\" content=\"Sobre la pol\u00edtica de cookies Esta Pol\u00edtica de Cookies explica qu\u00e9 cookies son y c\u00f3mo se utilizan, los tipos de cookies que utilizamos, adem\u00e1s de la informaci\u00f3n que recogemos utilizando cookies y como tratamos esa informaci\u00f3n, y como gestionar las preferencias de cookies. Para m\u00e1s informaci\u00f3n sobre c\u00f3mo usamos, guardamos, y mantenemos segura tu informaci\u00f3n [&hellip;]\" \/>\n<meta property=\"og:url\" content=\"https:\/\/www.ahortadesanroque.com\/es\/politica-de-cookies\/\" \/>\n<meta property=\"og:site_name\" content=\"A Horta de San Roque\" \/>\n<meta property=\"article:modified_time\" content=\"2024-08-14T07:12:31+00:00\" \/>\n<meta name=\"twitter:card\" content=\"summary_large_image\" \/>\n<meta name=\"twitter:label1\" content=\"Tiempo de lectura\" \/>\n\t<meta name=\"twitter:data1\" content=\"3 minutos\" \/>\n<script type=\"application\/ld+json\" class=\"yoast-schema-graph\">{\"@context\":\"https:\\\/\\\/schema.org\",\"@graph\":[{\"@type\":\"WebPage\",\"@id\":\"https:\\\/\\\/www.ahortadesanroque.com\\\/politica-de-cookies\\\/\",\"url\":\"https:\\\/\\\/www.ahortadesanroque.com\\\/politica-de-cookies\\\/\",\"name\":\"Pol\u00edtica de Cookies - A Horta de San Roque\",\"isPartOf\":{\"@id\":\"https:\\\/\\\/www.ahortadesanroque.com\\\/es\\\/#website\"},\"datePublished\":\"2021-02-06T12:59:59+00:00\",\"dateModified\":\"2024-08-14T07:12:31+00:00\",\"breadcrumb\":{\"@id\":\"https:\\\/\\\/www.ahortadesanroque.com\\\/politica-de-cookies\\\/#breadcrumb\"},\"inLanguage\":\"es\",\"potentialAction\":[{\"@type\":\"ReadAction\",\"target\":[\"https:\\\/\\\/www.ahortadesanroque.com\\\/politica-de-cookies\\\/\"]}]},{\"@type\":\"BreadcrumbList\",\"@id\":\"https:\\\/\\\/www.ahortadesanroque.com\\\/politica-de-cookies\\\/#breadcrumb\",\"itemListElement\":[{\"@type\":\"ListItem\",\"position\":1,\"name\":\"Portada\",\"item\":\"https:\\\/\\\/www.ahortadesanroque.com\\\/\"},{\"@type\":\"ListItem\",\"position\":2,\"name\":\"Pol\u00edtica de Cookies\"}]},{\"@type\":\"WebSite\",\"@id\":\"https:\\\/\\\/www.ahortadesanroque.com\\\/es\\\/#website\",\"url\":\"https:\\\/\\\/www.ahortadesanroque.com\\\/es\\\/\",\"name\":\"A Horta de San Roque\",\"description\":\"\",\"potentialAction\":[{\"@type\":\"SearchAction\",\"target\":{\"@type\":\"EntryPoint\",\"urlTemplate\":\"https:\\\/\\\/www.ahortadesanroque.com\\\/es\\\/?s={search_term_string}\"},\"query-input\":{\"@type\":\"PropertyValueSpecification\",\"valueRequired\":true,\"valueName\":\"search_term_string\"}}],\"inLanguage\":\"es\"}]}<\/script>\n<!-- \/ Yoast SEO plugin. -->","yoast_head_json":{"title":"Pol\u00edtica de Cookies - A Horta de San Roque","robots":{"index":"noindex","follow":"follow"},"og_locale":"es_ES","og_type":"article","og_title":"Pol\u00edtica de Cookies - A Horta de San Roque","og_description":"Sobre la pol\u00edtica de cookies Esta Pol\u00edtica de Cookies explica qu\u00e9 cookies son y c\u00f3mo se utilizan, los tipos de cookies que utilizamos, adem\u00e1s de la informaci\u00f3n que recogemos utilizando cookies y como tratamos esa informaci\u00f3n, y como gestionar las preferencias de cookies. Para m\u00e1s informaci\u00f3n sobre c\u00f3mo usamos, guardamos, y mantenemos segura tu informaci\u00f3n [&hellip;]","og_url":"https:\/\/www.ahortadesanroque.com\/es\/politica-de-cookies\/","og_site_name":"A Horta de San Roque","article_modified_time":"2024-08-14T07:12:31+00:00","twitter_card":"summary_large_image","twitter_misc":{"Tiempo de lectura":"3 minutos"},"schema":{"@context":"https:\/\/schema.org","@graph":[{"@type":"WebPage","@id":"https:\/\/www.ahortadesanroque.com\/politica-de-cookies\/","url":"https:\/\/www.ahortadesanroque.com\/politica-de-cookies\/","name":"Pol\u00edtica de Cookies - A Horta de San Roque","isPartOf":{"@id":"https:\/\/www.ahortadesanroque.com\/es\/#website"},"datePublished":"2021-02-06T12:59:59+00:00","dateModified":"2024-08-14T07:12:31+00:00","breadcrumb":{"@id":"https:\/\/www.ahortadesanroque.com\/politica-de-cookies\/#breadcrumb"},"inLanguage":"es","potentialAction":[{"@type":"ReadAction","target":["https:\/\/www.ahortadesanroque.com\/politica-de-cookies\/"]}]},{"@type":"BreadcrumbList","@id":"https:\/\/www.ahortadesanroque.com\/politica-de-cookies\/#breadcrumb","itemListElement":[{"@type":"ListItem","position":1,"name":"Portada","item":"https:\/\/www.ahortadesanroque.com\/"},{"@type":"ListItem","position":2,"name":"Pol\u00edtica de Cookies"}]},{"@type":"WebSite","@id":"https:\/\/www.ahortadesanroque.com\/es\/#website","url":"https:\/\/www.ahortadesanroque.com\/es\/","name":"A Horta de San Roque","description":"","potentialAction":[{"@type":"SearchAction","target":{"@type":"EntryPoint","urlTemplate":"https:\/\/www.ahortadesanroque.com\/es\/?s={search_term_string}"},"query-input":{"@type":"PropertyValueSpecification","valueRequired":true,"valueName":"search_term_string"}}],"inLanguage":"es"}]}},"jetpack_sharing_enabled":true,"_links":{"self":[{"href":"https:\/\/www.ahortadesanroque.com\/es\/wp-json\/wp\/v2\/pages\/3156","targetHints":{"allow":["GET"]}}],"collection":[{"href":"https:\/\/www.ahortadesanroque.com\/es\/wp-json\/wp\/v2\/pages"}],"about":[{"href":"https:\/\/www.ahortadesanroque.com\/es\/wp-json\/wp\/v2\/types\/page"}],"author":[{"embeddable":true,"href":"https:\/\/www.ahortadesanroque.com\/es\/wp-json\/wp\/v2\/users\/2"}],"replies":[{"embeddable":true,"href":"https:\/\/www.ahortadesanroque.com\/es\/wp-json\/wp\/v2\/comments?post=3156"}],"version-history":[{"count":49,"href":"https:\/\/www.ahortadesanroque.com\/es\/wp-json\/wp\/v2\/pages\/3156\/revisions"}],"predecessor-version":[{"id":3779,"href":"https:\/\/www.ahortadesanroque.com\/es\/wp-json\/wp\/v2\/pages\/3156\/revisions\/3779"}],"wp:attachment":[{"href":"https:\/\/www.ahortadesanroque.com\/es\/wp-json\/wp\/v2\/media?parent=3156"}],"curies":[{"name":"wp","href":"https:\/\/api.w.org\/{rel}","templated":true}]}}