{"id":3358,"date":"2021-03-02T15:31:17","date_gmt":"2021-03-02T15:31:17","guid":{"rendered":"https:\/\/www.ahortadesanroque.com\/?page_id=3358"},"modified":"2024-08-14T07:12:17","modified_gmt":"2024-08-14T07:12:17","slug":"aviso-legal","status":"publish","type":"page","link":"https:\/\/www.ahortadesanroque.com\/es\/aviso-legal\/","title":{"rendered":"Aviso Legal"},"content":{"rendered":"<h5>Condiciones de Uso \u201cCONDICIONES GENERALES DE USO DEL SITIO WEB www.ahortadesanroque.com\u201d.<\/h5>\n<p>&nbsp;<\/p>\n<p class=\"v1MsoNormal\">Felipe Fernandez Barcia con CIF.- 34638130S\u00a0 (en adelante EL PROPIETARIO) con domicilio social en San Roque, 48 baixo, pone a disposici\u00f3n en su sitio web http:\/\/www.ahortadesanroque.com determinados servicios y contenidos de car\u00e1cter informativo y comercial. Las presentes condiciones generales rigen \u00fanica y exclusivamente el uso del sitio web de EL PROPIETARIO por parte de los USUARIOS que accedan al mismo.<\/p>\n<p class=\"v1MsoNormal\">Las presentes condiciones generales se le exponen al USUARIO en el sitio web http:\/\/www.ahortadesanroque.com en todas y cada una de las p\u00e1ginas y cada vez que un USUARIO introduce sus datos en los formularios existentes, para que las lea, las imprima, archive y acepte a trav\u00e9s de internet, no pudiendo el USUARIO introducir sus datos efectivamente sin que se haya producido esta aceptaci\u00f3n.<\/p>\n<p class=\"v1MsoNormal\">El acceso al sitio web de EL PROPIETARIO implica sin reservas la aceptaci\u00f3n de las presentes condiciones generales de uso que el USUARIO afirma comprender en su totalidad. El USUARIO se compromete no a utilizar el sitio web y los servicios que se ofrecen en el mismo para la realizaci\u00f3n de actividades contrarias a la ley y a respetar en todo momento las presentes condiciones generales.<\/p>\n<p class=\"v1MsoNormal\"><strong>PRIMERA.-<\/strong> El sitio web de EL PROPIETARIO ha sido realizado con el fin de poner a disposici\u00f3n de terceros la informaci\u00f3n y servicios que precisen de nuestro establecimiento adem\u00e1s de establecer canales de comunicaci\u00f3n con terceros interesados en los temas e informaci\u00f3n expuesta. Toda la informaci\u00f3n existente en el sitio web relativa a los productos y servicios ofrecidos por terceros ajenos a EL PROPIETARIO se regir\u00e1 por las condiciones generales y particulares establecidas por esos terceros para cada producto y servicio.<\/p>\n<p class=\"v1MsoNormal\"><strong>SEGUNDA.-<\/strong> CONDICIONES DE ACCESO Y USO: 2.1.- La utilizaci\u00f3n del sitio web de EL PROPIETARIO conlleva la obligatoriedad de inscripci\u00f3n del USUARIO. Las condiciones de acceso y uso del presente sitio web se rigen estrictamente por la legalidad vigente y por el principio de buena fe comprometi\u00e9ndose el USUARIO a realizar un buen uso de la web. Quedan prohibidos todos los actos que vulneren la legalidad, derechos o intereses de terceros: derecho a la intimidad, protecci\u00f3n de datos, propiedad intelectual etc. Expresamente EL PROPIETARIO proh\u00edbe los siguientes: 2.1.1.- Realizar acciones que puedan producir en el sitio web o a trav\u00e9s del mismo por cualquier medio cualquier tipo de da\u00f1o a los sistemas de EL PROPIETARIO o a terceros 2.1.2.- Realizar sin la debida autorizaci\u00f3n cualquier tipo de publicidad o informaci\u00f3n comercial directamente o de forma encubierta, el env\u00edo de correos masivos (\u201cspaming\u201d) o env\u00edo de grandes mensajes con el fin de bloquear servidores de la red (\u201cmail bombing\u201d) 2.2.- Para acceder a determinados servicios como el web mail, el libro de visitas o servicios de correo existentes o que pudiesen existir en el sitio web de EL PROPIETARIO ser\u00e1 necesario haber obtenido un nombre de usuario y una contrase\u00f1a mediante el registro voluntario del usuario cubriendo un formulario con sus datos b\u00e1sicos. El usuario que posea estas claves de acceso es responsable de la seguridad y confidencialidad de las mismas y tiene la obligaci\u00f3n y la exclusiva responsabilidad de guardarlas y custodiarlas en un lugar seguro con el fin de impedir el acceso a terceros no autorizados. El USUARIO se compromete a comunicar a EL PROPIETARIO a la mayor brevedad posible la p\u00e9rdida, robo o cualquier otra incidencia que se derive o pueda derivar en un riesgo para la confidencialidad de los datos. De igual forma, podr\u00e1n existir determinadas \u00e1reas en el sitio web que se refieran espec\u00edficamente a servicios ofrecidos por terceros, en cuyo caso, si existiese un determinado formulario para solicitar informaci\u00f3n o contratar los mismos, estos datos corresponder\u00e1n a la exclusiva y \u00fanica responsabilidad del tercero ajeno que ofrece sus servicios a trav\u00e9s del sitio web de EL PROPIETARIO. 2.3.- EL PROPIETARIO podr\u00e1 interrumpir en cualquier momento el acceso a su sitio web si detecta un uso contrario a la legalidad, la buena fe o a las presentes condiciones generales- ver cl\u00e1usula sexta.<\/p>\n<p class=\"v1MsoNormal\"><strong>TERCERA.-<\/strong> CONTENIDOS: 3.1.- Los contenidos incorporados en este sitio web han sido elaborados e incluidos por EL PROPIETARIO utilizando fuentes internas y externas de tal modo que EL PROPIETARIO \u00fanicamente se hace responsable por los contenidos elaborados de forma interna. 3.2.- El USUARIO que desee establecer un hiperenlace en su sitio web al sitio web de EL PROPIETARIO no realizar\u00e1 un uso ilegal o contrario a la buena fe de las informaciones, servicios o productos puestos a disposici\u00f3n en el referido sitio web. Concretamente el USUARIO que introduzca un hiperenlace o link se compromete a: 3.2.1.- No destruir, da\u00f1ar o alterar de cualquier forma los contenidos, servicios o productos puestos a disposici\u00f3n del USUARIO en el sitio web de EL PROPIETARIO 3.2.2.- No declarar que EL PROPIETARIO asume la supervisi\u00f3n del hiperenlace o de los contenidos de la propia web del USUARIO que introduce en su sitio web link al sitio web de EL PROPIETARIO. 3.2.3.- No incluir en su propio sitio web la marca, nombre comercial o cualquier signo distintivo perteneciente a EL PROPIETARIO sin la previa atorizaci\u00f3n del propietario. 3.3.- EL PROPIETARIO se reserva el derecho a modificar en cualquier momento los contenidos existentes en su sitio web.<\/p>\n<p class=\"v1MsoNormal\"><strong>CUARTA.-<\/strong> PROTECCI\u00d3N DE DATOS PERSONALES: 4.1.- Informaci\u00f3n al usuario de la existencia de fichero y solicitud del consentimiento para el tratamiento automatizado de los datos: En relaci\u00f3n con los datos de car\u00e1cter personal facilitados por el USUARIO en los formularios que puedan existir en el sitio web, EL PROPIETARIO cumple estrictamente la normativa vigente establecida en la Ley 15\/1999 de Protecci\u00f3n de datos de car\u00e1cter personal y dem\u00e1s legislaci\u00f3n que la desarrolla e informa al USUARIO que los referidos datos ser\u00e1n incluidos dentro de un fichero para su tratamiento automatizado prestando el USUARIO consentimiento mediante la aceptaci\u00f3n de estas condiciones generales a dicho tratamiento. 4.2.- Finalidad de los datos: EL PROPIETARIO recoge determinados datos personales que son introducidos por el USUARIO libremente bien en el formulario del libro de visitas, bien en los foros, chats, tienda online o servicios que requieran una m\u00ednima informaci\u00f3n con el objeto de identificar al USUARIO. EL PROPIETARIO informa que gestionar\u00e1 automatizadamente estos datos para proceder a enviar o establecer las comunicaciones necesarias. Asimismo gestionar\u00e1 estos datos para el env\u00edo peri\u00f3dico de ofertas y de informaci\u00f3n comercial a estos usuarios cuando as\u00ed declaren estar conformes. En todo caso, los datos recogidos y tratados por EL PROPIETARIO son \u00fanicamente los b\u00e1sicos para las finalidades se\u00f1aladas anteriormente. 4.3.- Obligatoriedad de la introducci\u00f3n de los datos: Los campos en los que figure un asterisco* en los formularios existentes son aquellos que requieren una respuesta obligatoria y de no ser cubiertos la consecuencia ser\u00eda imposibilidad de prestaci\u00f3n de ese servicio concreto. 4.4.- Derechos de acceso, rectificaci\u00f3n, cancelaci\u00f3n y oposici\u00f3n: El USUARIO que introduzca sus datos personales en los distintos formularios de alta tendr\u00e1 pleno derecho a ejercitar sus derechos de acceso, rectificaci\u00f3n, cancelaci\u00f3n y oposici\u00f3n en cualquier momento solicit\u00e1ndolo a\u00a0info@ahortadesanoque.com\u00a0o por correo postal a A Horta de San Roque\u2013 Felipe Fernandez Barcia, San Roque, 48 BAIXO 27700 Ribadeo LUGO. En todo caso, EL PROPIETARIO se compromete a cancelar los datos personales recabados cuando hayan dejado de ser necesarios o pertinentes para la finalidad para la cual fueron recogidos. En todo caso, EL PROPIETARIO reitera que se compromete al respeto y confidencialidad absoluta en la recogida y tratamiento de los datos personales de tal forma que el USUARIO pueda saber en todo momento qu\u00e9 datos est\u00e1n en poder de EL PROPIETARIO y como est\u00e1n siendo utilizados a trav\u00e9s de un env\u00edo de correo electr\u00f3nico a\u00a0info@ahortadesanroque.com\u00a0o solicit\u00e1ndolo a trav\u00e9s de correo postal a A Horta de San Roque\u2013 Felipe Fernandez Barcia, San Roque, 48 BAIXO 27700 Ribadeo LUGO. Todos sus comentarios y sugerencias son sumamente valiosos para nosotros con el fin de mejorar nuestro sistema de protecci\u00f3n de datos. 4.5.- Responsable del tratamiento.- El responsable del tratamiento de los datos es A Horta de San Roque\u2013 Felipe Fernandez Barcia, San Roque, 48 BAIXO 27700 Ribadeo LUGO. EL PROPIETARIO ha inscrito debidamente su fichero en la Agencia de Protecci\u00f3n de Datos con el n\u00ba 12091241817 pudi\u00e9ndose consultar el mismo en www.agpd.es. 4.6.- Cesi\u00f3n de datos.- EL PROPIETARIO informa al USUARIO, que no existe ninguna cesi\u00f3n de datos. 4.7.- Seguridad.- EL PROPIETARIO asegura la absoluta confidencialidad y privacidad de los datos personales recogidos y por ello se han adoptado medidas esenciales de seguridad para evitar la alteraci\u00f3n, p\u00e9rdida, tratamiento o acceso no autorizado y garantizar as\u00ed su integridad y seguridad. EL PROPIETARIO no ser\u00e1 responsable en ning\u00fan caso de las incidencias que puedan surgir en torno a los datos personales cuando se deriven bien de un ataque o acceso no autorizado a los sistemas de tal forma que sea imposible de detectar por las medidas de seguridad implantadas o bien cuando se deba a una falta de diligencia del USUARIO en cuanto a la guardia y custodia de sus claves de acceso o de sus propios datos personales \u2013 ver cl\u00e1usula 2.2. 4.8. Veracidad de los datos.- El USUARIO es responsable de la veracidad de sus datos, comprometi\u00e9ndose a no introducir datos falsos y a proceder a la modificaci\u00f3n de los mismos si fuera necesario.<\/p>\n<p class=\"v1MsoNormal\"><strong>QUINTA.-<\/strong> RESPONSABILIDAD: 5.1.- EL PROPIETARIO en ning\u00fan caso ser\u00e1 responsable de: 5.1.1.- Los fallos e incidencias que pudieran producirse en las comunicaciones, borrado o transmisiones incompletas de manera que no se garantiza que los servicios del sitio web est\u00e9n constantemente operativos 5.1.2.- De la producci\u00f3n de cualquier tipo de da\u00f1o que los USUARIOS o terceros pudiesen ocasionar en el sitio web. 5.2.- EL PROPIETARIO se reserva el derecho a suspender el acceso sin previo aviso de forma discrecional y con car\u00e1cter definitivo o temporal hasta el aseguramiento de la efectiva responsabilidad de los da\u00f1os que pudieran producirse. Asimismo, EL PROPIETARIO colaborar\u00e1 y notificar\u00e1 a la autoridad competente estas incidencias en el momento en que tenga conocimiento fehaciente de que los da\u00f1os ocasionados constituyan cualquier tipo de actividad il\u00edcita.<\/p>\n<p class=\"v1MsoNormal\"><strong>S\u00c9XTA.-<\/strong> DERECHOS DE AUTOR Y MARCA.- EL PROPIETARIO informa que el sitio web www.ahortadesanroque.com,- los contenidos propios, la programaci\u00f3n y el dise\u00f1o del sitio web- se encuentra plenamente protegido por los derechos de autor, quedando expresamente prohibida toda reproducci\u00f3n, comunicaci\u00f3n, distribuci\u00f3n y transformaci\u00f3n de los referidos elementos protegidos salvo consentimiento expreso de EL PROPIETARIO.<\/p>\n<p class=\"v1MsoNormal\"><strong>S\u00c9PTIMA.-<\/strong> JURISDICCI\u00d3N Y LEY APLICABLE.- Las presentes condiciones generales se rigen por la legislaci\u00f3n espa\u00f1ola. Son competentes para resolver toda controversia o conflicto que se derive de las presentes condiciones generales los Juzgados de Mondo\u00f1edo (LUGO), renunciando expresamente el USUARIO a cualquier otro fuero que pudiera corresponderle.<\/p>\n<p class=\"v1MsoNormal\"><strong>OCTAVA.-<\/strong> En caso de que cualquier cl\u00e1usula del presente documento sea declarada nula, las dem\u00e1s cl\u00e1usulas seguir\u00e1n vigentes y se interpretar\u00e1n teniendo en cuenta las voluntad de las partes y la finalidad misma de las presentes condiciones. EL PROPIETARIO podr\u00e1 no ejercitar alguno de los derechos y facultades conferidos en este documento lo que no implicar\u00e1 en ning\u00fan caso la renuncia a los mismos salvo reconocimiento expreso por parte de EL PROPIETARIO.<\/p>\n","protected":false},"excerpt":{"rendered":"<p>Condiciones de Uso \u201cCONDICIONES GENERALES DE USO DEL SITIO WEB www.ahortadesanroque.com\u201d. &nbsp; Felipe Fernandez Barcia con CIF.- 34638130S\u00a0 (en adelante EL PROPIETARIO) con domicilio social en San Roque, 48 baixo, pone a disposici\u00f3n en su sitio web http:\/\/www.ahortadesanroque.com determinados servicios y contenidos de car\u00e1cter informativo y comercial. Las presentes condiciones generales rigen \u00fanica y exclusivamente [&hellip;]<\/p>\n","protected":false},"author":2,"featured_media":0,"parent":0,"menu_order":0,"comment_status":"closed","ping_status":"closed","template":"","meta":{"footnotes":""},"class_list":["post-3358","page","type-page","status-publish","hentry"],"yoast_head":"<!-- This site is optimized with the Yoast SEO plugin v27.4 - https:\/\/yoast.com\/product\/yoast-seo-wordpress\/ -->\n<title>Aviso Legal - A Horta de San Roque<\/title>\n<meta name=\"robots\" content=\"noindex, follow\" \/>\n<meta property=\"og:locale\" content=\"es_ES\" \/>\n<meta property=\"og:type\" content=\"article\" \/>\n<meta property=\"og:title\" content=\"Aviso Legal - A Horta de San Roque\" \/>\n<meta property=\"og:description\" content=\"Condiciones de Uso \u201cCONDICIONES GENERALES DE USO DEL SITIO WEB www.ahortadesanroque.com\u201d. &nbsp; Felipe Fernandez Barcia con CIF.- 34638130S\u00a0 (en adelante EL PROPIETARIO) con domicilio social en San Roque, 48 baixo, pone a disposici\u00f3n en su sitio web http:\/\/www.ahortadesanroque.com determinados servicios y contenidos de car\u00e1cter informativo y comercial. Las presentes condiciones generales rigen \u00fanica y exclusivamente [&hellip;]\" \/>\n<meta property=\"og:url\" content=\"https:\/\/www.ahortadesanroque.com\/es\/aviso-legal\/\" \/>\n<meta property=\"og:site_name\" content=\"A Horta de San Roque\" \/>\n<meta property=\"article:modified_time\" content=\"2024-08-14T07:12:17+00:00\" \/>\n<meta name=\"twitter:card\" content=\"summary_large_image\" \/>\n<meta name=\"twitter:label1\" content=\"Tiempo de lectura\" \/>\n\t<meta name=\"twitter:data1\" content=\"9 minutos\" \/>\n<script type=\"application\/ld+json\" class=\"yoast-schema-graph\">{\"@context\":\"https:\\\/\\\/schema.org\",\"@graph\":[{\"@type\":\"WebPage\",\"@id\":\"https:\\\/\\\/www.ahortadesanroque.com\\\/aviso-legal\\\/\",\"url\":\"https:\\\/\\\/www.ahortadesanroque.com\\\/aviso-legal\\\/\",\"name\":\"Aviso Legal - A Horta de San Roque\",\"isPartOf\":{\"@id\":\"https:\\\/\\\/www.ahortadesanroque.com\\\/es\\\/#website\"},\"datePublished\":\"2021-03-02T15:31:17+00:00\",\"dateModified\":\"2024-08-14T07:12:17+00:00\",\"breadcrumb\":{\"@id\":\"https:\\\/\\\/www.ahortadesanroque.com\\\/aviso-legal\\\/#breadcrumb\"},\"inLanguage\":\"es\",\"potentialAction\":[{\"@type\":\"ReadAction\",\"target\":[\"https:\\\/\\\/www.ahortadesanroque.com\\\/aviso-legal\\\/\"]}]},{\"@type\":\"BreadcrumbList\",\"@id\":\"https:\\\/\\\/www.ahortadesanroque.com\\\/aviso-legal\\\/#breadcrumb\",\"itemListElement\":[{\"@type\":\"ListItem\",\"position\":1,\"name\":\"Portada\",\"item\":\"https:\\\/\\\/www.ahortadesanroque.com\\\/\"},{\"@type\":\"ListItem\",\"position\":2,\"name\":\"Aviso Legal\"}]},{\"@type\":\"WebSite\",\"@id\":\"https:\\\/\\\/www.ahortadesanroque.com\\\/es\\\/#website\",\"url\":\"https:\\\/\\\/www.ahortadesanroque.com\\\/es\\\/\",\"name\":\"A Horta de San Roque\",\"description\":\"\",\"potentialAction\":[{\"@type\":\"SearchAction\",\"target\":{\"@type\":\"EntryPoint\",\"urlTemplate\":\"https:\\\/\\\/www.ahortadesanroque.com\\\/es\\\/?s={search_term_string}\"},\"query-input\":{\"@type\":\"PropertyValueSpecification\",\"valueRequired\":true,\"valueName\":\"search_term_string\"}}],\"inLanguage\":\"es\"}]}<\/script>\n<!-- \/ Yoast SEO plugin. -->","yoast_head_json":{"title":"Aviso Legal - A Horta de San Roque","robots":{"index":"noindex","follow":"follow"},"og_locale":"es_ES","og_type":"article","og_title":"Aviso Legal - A Horta de San Roque","og_description":"Condiciones de Uso \u201cCONDICIONES GENERALES DE USO DEL SITIO WEB www.ahortadesanroque.com\u201d. &nbsp; Felipe Fernandez Barcia con CIF.- 34638130S\u00a0 (en adelante EL PROPIETARIO) con domicilio social en San Roque, 48 baixo, pone a disposici\u00f3n en su sitio web http:\/\/www.ahortadesanroque.com determinados servicios y contenidos de car\u00e1cter informativo y comercial. Las presentes condiciones generales rigen \u00fanica y exclusivamente [&hellip;]","og_url":"https:\/\/www.ahortadesanroque.com\/es\/aviso-legal\/","og_site_name":"A Horta de San Roque","article_modified_time":"2024-08-14T07:12:17+00:00","twitter_card":"summary_large_image","twitter_misc":{"Tiempo de lectura":"9 minutos"},"schema":{"@context":"https:\/\/schema.org","@graph":[{"@type":"WebPage","@id":"https:\/\/www.ahortadesanroque.com\/aviso-legal\/","url":"https:\/\/www.ahortadesanroque.com\/aviso-legal\/","name":"Aviso Legal - A Horta de San Roque","isPartOf":{"@id":"https:\/\/www.ahortadesanroque.com\/es\/#website"},"datePublished":"2021-03-02T15:31:17+00:00","dateModified":"2024-08-14T07:12:17+00:00","breadcrumb":{"@id":"https:\/\/www.ahortadesanroque.com\/aviso-legal\/#breadcrumb"},"inLanguage":"es","potentialAction":[{"@type":"ReadAction","target":["https:\/\/www.ahortadesanroque.com\/aviso-legal\/"]}]},{"@type":"BreadcrumbList","@id":"https:\/\/www.ahortadesanroque.com\/aviso-legal\/#breadcrumb","itemListElement":[{"@type":"ListItem","position":1,"name":"Portada","item":"https:\/\/www.ahortadesanroque.com\/"},{"@type":"ListItem","position":2,"name":"Aviso Legal"}]},{"@type":"WebSite","@id":"https:\/\/www.ahortadesanroque.com\/es\/#website","url":"https:\/\/www.ahortadesanroque.com\/es\/","name":"A Horta de San Roque","description":"","potentialAction":[{"@type":"SearchAction","target":{"@type":"EntryPoint","urlTemplate":"https:\/\/www.ahortadesanroque.com\/es\/?s={search_term_string}"},"query-input":{"@type":"PropertyValueSpecification","valueRequired":true,"valueName":"search_term_string"}}],"inLanguage":"es"}]}},"jetpack_sharing_enabled":true,"_links":{"self":[{"href":"https:\/\/www.ahortadesanroque.com\/es\/wp-json\/wp\/v2\/pages\/3358","targetHints":{"allow":["GET"]}}],"collection":[{"href":"https:\/\/www.ahortadesanroque.com\/es\/wp-json\/wp\/v2\/pages"}],"about":[{"href":"https:\/\/www.ahortadesanroque.com\/es\/wp-json\/wp\/v2\/types\/page"}],"author":[{"embeddable":true,"href":"https:\/\/www.ahortadesanroque.com\/es\/wp-json\/wp\/v2\/users\/2"}],"replies":[{"embeddable":true,"href":"https:\/\/www.ahortadesanroque.com\/es\/wp-json\/wp\/v2\/comments?post=3358"}],"version-history":[{"count":2,"href":"https:\/\/www.ahortadesanroque.com\/es\/wp-json\/wp\/v2\/pages\/3358\/revisions"}],"predecessor-version":[{"id":3376,"href":"https:\/\/www.ahortadesanroque.com\/es\/wp-json\/wp\/v2\/pages\/3358\/revisions\/3376"}],"wp:attachment":[{"href":"https:\/\/www.ahortadesanroque.com\/es\/wp-json\/wp\/v2\/media?parent=3358"}],"curies":[{"name":"wp","href":"https:\/\/api.w.org\/{rel}","templated":true}]}}