{"id":35,"date":"2018-12-19T07:56:23","date_gmt":"2018-12-19T07:56:23","guid":{"rendered":"http:\/\/demo.ovathemes.com\/reon\/?page_id=35"},"modified":"2024-08-14T11:57:21","modified_gmt":"2024-08-14T11:57:21","slug":"para-picar","status":"publish","type":"page","link":"https:\/\/www.ahortadesanroque.com\/es\/para-picar\/","title":{"rendered":"Para Picar"},"content":{"rendered":"\t\t<div data-elementor-type=\"wp-post\" data-elementor-id=\"35\" class=\"elementor elementor-35\" data-elementor-post-type=\"page\">\n\t\t\t\t\t\t<section class=\"elementor-section elementor-top-section elementor-element elementor-element-3f49431 elementor-section-full_width elementor-section-height-default elementor-section-height-default\" data-id=\"3f49431\" data-element_type=\"section\" data-e-type=\"section\">\n\t\t\t\t\t\t<div class=\"elementor-container elementor-column-gap-no\">\n\t\t\t\t\t<div class=\"elementor-column elementor-col-100 elementor-top-column elementor-element elementor-element-9e905ee\" data-id=\"9e905ee\" data-element_type=\"column\" data-e-type=\"column\">\n\t\t\t<div class=\"elementor-widget-wrap elementor-element-populated\">\n\t\t\t\t\t\t<div class=\"elementor-element elementor-element-b43d0e2 elementor-widget elementor-widget-ova_breadcrumb_menu\" data-id=\"b43d0e2\" data-element_type=\"widget\" data-e-type=\"widget\" data-widget_type=\"ova_breadcrumb_menu.default\">\n\t\t\t\t<div class=\"elementor-widget-container\">\n\t\t\t\t\t\t\t<section class=\"breadcrumb-our-team breadcrumb-menu-section section-box\" style=\"background-image: url(https:\/\/www.ahortadesanroque.com\/wp-content\/uploads\/2020\/11\/banner.png)\">\n\t\t\t<div class=\"container\">\n\t\t\t\t<div class=\"breadcrumb-inner\">\n\t\t\t\t\t\t\t\t\t\t<h1>PARA PICAR<\/h1>\n\t\t\t\t\t\t\t\t\t\t<div class=\"menu\">\n\t\t\t\t\t\t\t\t\t\t\t\t\t<div class=\"menu-inner\">\n\n\t\t\t\t\t\t\t\t<img decoding=\"async\" src=\"https:\/\/www.ahortadesanroque.com\/wp-content\/uploads\/2020\/11\/pulpo-2.png\" title=\"pulpo (2)\" alt=\"pulpo (2)\" loading=\"lazy\" \/>\n\t\t\t\t\t\t\t\t\t\t\t\t\t\t\t\t\t<h4>PULPO<\/h4>\n\t\t\t\t\t\t\t\t\t\t\t\t\t\t\t\t\n\t\t\t\t\t\t\t<\/div>\n\t\t\t\t\t\t\t\t\t\t\t\t\t<div class=\"menu-inner\">\n\n\t\t\t\t\t\t\t\t<img decoding=\"async\" src=\"https:\/\/www.ahortadesanroque.com\/wp-content\/uploads\/2020\/11\/calamar.png\" title=\"calamar\" alt=\"calamar\" loading=\"lazy\" \/>\n\t\t\t\t\t\t\t\t\t\t\t\t\t\t\t\t\t<h4>CALAMARES<\/h4>\n\t\t\t\t\t\t\t\t\t\t\t\t\t\t\t\t\n\t\t\t\t\t\t\t<\/div>\n\t\t\t\t\t\t\t\t\t\t\t\t\t<div class=\"menu-inner\">\n\n\t\t\t\t\t\t\t\t<img decoding=\"async\" src=\"https:\/\/www.ahortadesanroque.com\/wp-content\/uploads\/2020\/11\/croqueta.png\" title=\"croqueta\" alt=\"croqueta\" loading=\"lazy\" \/>\n\t\t\t\t\t\t\t\t\t\t\t\t\t\t\t\t\t<h4>CROQUETAS<\/h4>\n\t\t\t\t\t\t\t\t\t\t\t\t\t\t\t\t\n\t\t\t\t\t\t\t<\/div>\n\t\t\t\t\t\t\t\t\t\t\t<\/div>\n\t\t\t\t<\/div>\t\n\t\t\t<\/div>\n\t\t<\/section>\n\t\t\t\t\t<\/div>\n\t\t\t\t<\/div>\n\t\t\t\t\t<\/div>\n\t\t<\/div>\n\t\t\t\t\t<\/div>\n\t\t<\/section>\n\t\t\t\t<section class=\"elementor-section elementor-top-section elementor-element elementor-element-5c02156 elementor-section-boxed elementor-section-height-default elementor-section-height-default\" data-id=\"5c02156\" data-element_type=\"section\" data-e-type=\"section\">\n\t\t\t\t\t\t<div class=\"elementor-container elementor-column-gap-default\">\n\t\t\t\t\t<div class=\"elementor-column elementor-col-100 elementor-top-column elementor-element elementor-element-3b85a6b\" data-id=\"3b85a6b\" data-element_type=\"column\" data-e-type=\"column\">\n\t\t\t<div class=\"elementor-widget-wrap elementor-element-populated\">\n\t\t\t\t\t\t<div class=\"elementor-element elementor-element-117d6ae elementor-widget elementor-widget-ova_our_menu_heading\" data-id=\"117d6ae\" data-element_type=\"widget\" data-e-type=\"widget\" data-widget_type=\"ova_our_menu_heading.default\">\n\t\t\t\t<div class=\"elementor-widget-container\">\n\t\t\t\t\t\n\t\t<div class=\"menu-heading\">\n\t\t\t<div class=\"container\">\n\t\t\t\t<div class=\"row\">\n\t\t\t\t\t<div class=\"heading_ct\">\n\t\t\t\t\t\t<img decoding=\"async\" src=\"https:\/\/www.ahortadesanroque.com\/wp-content\/uploads\/2020\/11\/entrantes.png\" alt=\"ENTRANTES Y RACIONES\">\n\t\t\t\t\t\t<h2>ENTRANTES Y RACIONES<\/h2>\n\t\t\t\t\t<\/div>\n\t\t\t\t<\/div>\n\t\t\t<\/div>\n\t\t<\/div>\n\t\t\t\t\t<\/div>\n\t\t\t\t<\/div>\n\t\t\t\t<div class=\"elementor-element elementor-element-a0eb54a elementor-widget elementor-widget-ova_our_menu_v2\" data-id=\"a0eb54a\" data-element_type=\"widget\" data-e-type=\"widget\" data-widget_type=\"ova_our_menu_v2.default\">\n\t\t\t\t<div class=\"elementor-widget-container\">\n\t\t\t\t\t\n\t\t<!-- Menu Potato Section -->\n\t\t<section class=\"salad-section \">\n\t\t\t<div class=\"container\">\n\t\t\t\t<div class=\"row\"> \n\t\t\t\t\t<div class=\"owl-carousel owl-theme\" data-options=\"{&quot;total_columns_slide&quot;:2,&quot;items_ipad&quot;:1,&quot;items_mobile&quot;:1,&quot;smartSpeed&quot;:500,&quot;margin&quot;:30,&quot;loop&quot;:false,&quot;autoplay&quot;:false,&quot;autoplayTimeout&quot;:5000,&quot;autoplayHoverPause&quot;:true,&quot;dots&quot;:true,&quot;slideBy&quot;:1}\">\n\t\t\t\t\t\t\t                            <div class=\"item\">\n\t                        \t\n\n\t\t\t\t\t\t\t\t<div class=\"item-content\">\n\t\t\t\t\t\t\t\t\t<div class=\"image\">\n\t\t\t\t\t\t\t\t\t\t<img decoding=\"async\" src=\"https:\/\/www.ahortadesanroque.com\/wp-content\/uploads\/2021\/02\/pulpo-brasa.jpg\" title=\"pulpo brasa\" alt=\"Restaurante en Ribadeo A Horta de San Roque - Pulpo a la brasa\" loading=\"lazy\" \/>\t\t\t\t\t\t\t\t\t<\/div>\n\t\t\t\t\t\t\t\t\t<div class=\"info salad-info\">\n\t\t\t\t\t\t\t\t\t\t<h5>Pulpo a la brasa<\/h5>\n\t\t\t\t\t\t\t\t\t\t<p>Una forma deliciosa de comer el pulpo<\/p>\n\t\t\t\t\t\t\t\t\t\t<span><\/span>\n\t\t\t\t\t\t\t\t\t<\/div>\n\t\t\t\t\t\t\t\t<\/div>\n\t\t\t\t\t\t\t\n\t\t\t\t\t\t\t\n\t\t\t\t\t\t\t\n\n\t\t\t\t\t\t\t\t<div class=\"item-content\">\n\t\t\t\t\t\t\t\t\t<div class=\"image\">\n\t\t\t\t\t\t\t\t\t\t<img decoding=\"async\" src=\"https:\/\/www.ahortadesanroque.com\/wp-content\/uploads\/2021\/02\/pulpo-feira2.jpg\" title=\"Pulpo \u00e1 feira\" alt=\"Restaurante en Ribadeo A Horta de San Roque - Pulpo \u00e1 Feira\" loading=\"lazy\" \/>\t\t\t\t\t\t\t\t\t<\/div>\n\t\t\t\t\t\t\t\t\t<div class=\"info salad-info\">\n\t\t\t\t\t\t\t\t\t\t<h5>Pulpo \u00e1 feira<\/h5>\n\t\t\t\t\t\t\t\t\t\t<p>Plato t\u00edpico de la cocina gallega<\/p>\n\t\t\t\t\t\t\t\t\t\t<span><\/span>\n\t\t\t\t\t\t\t\t\t<\/div>\n\t\t\t\t\t\t\t\t<\/div>\n\t\t\t\t\t\t\t\n\t\t\t\t\t\t\t\n\t\t\t\t\t\t\t\n\n\t\t\t\t\t\t\t\t<div class=\"item-content\">\n\t\t\t\t\t\t\t\t\t<div class=\"image\">\n\t\t\t\t\t\t\t\t\t\t<img decoding=\"async\" src=\"https:\/\/www.ahortadesanroque.com\/wp-content\/uploads\/2021\/02\/pulpo-encebollado.jpg\" title=\"pulpo encebollado\" alt=\"Restaurante en Ribadeo A Horta de San Roque - Pulpo encebollado\" loading=\"lazy\" \/>\t\t\t\t\t\t\t\t\t<\/div>\n\t\t\t\t\t\t\t\t\t<div class=\"info salad-info\">\n\t\t\t\t\t\t\t\t\t\t<h5>Pulpo encebollado<\/h5>\n\t\t\t\t\t\t\t\t\t\t<p>Otra receta de pulpo muy popular en Galicia: intenso sabor y el aroma especial de piment\u00f3n dulce y cebolla<\/p>\n\t\t\t\t\t\t\t\t\t\t<span><\/span>\n\t\t\t\t\t\t\t\t\t<\/div>\n\t\t\t\t\t\t\t\t<\/div>\n\t\t\t\t\t\t\t\n\t\t\t\t\t\t\t\n\t\t\t\t\t\t\t\n\n\t\t\t\t\t\t\t\t<div class=\"item-content\">\n\t\t\t\t\t\t\t\t\t<div class=\"image\">\n\t\t\t\t\t\t\t\t\t\t<img decoding=\"async\" src=\"https:\/\/www.ahortadesanroque.com\/wp-content\/uploads\/2021\/02\/croquetas-de-jamon-iberico.jpg\" title=\"croquetas de jamon iberico\" alt=\"Restaurante en Ribadeo A Horta de San Roque - Croquetas de jam\u00f3n ib\u00e9rico\" loading=\"lazy\" \/>\t\t\t\t\t\t\t\t\t<\/div>\n\t\t\t\t\t\t\t\t\t<div class=\"info salad-info\">\n\t\t\t\t\t\t\t\t\t\t<h5>Croquetas caseras de Jam\u00f3n Ib\u00e9rico<\/h5>\n\t\t\t\t\t\t\t\t\t\t<p>Cremosas croquetas caseras en su variedad m\u00e1s extendida<\/p>\n\t\t\t\t\t\t\t\t\t\t<span><\/span>\n\t\t\t\t\t\t\t\t\t<\/div>\n\t\t\t\t\t\t\t\t<\/div>\n\t\t\t\t\t\t\t\n\t\t\t\t\t\t\t\n\t\t\t\t\t\t\t\n\n\t\t\t\t\t\t\t\t<div class=\"item-content\">\n\t\t\t\t\t\t\t\t\t<div class=\"image\">\n\t\t\t\t\t\t\t\t\t\t<img decoding=\"async\" src=\"https:\/\/www.ahortadesanroque.com\/wp-content\/uploads\/2021\/02\/almejas-marinera2.jpg\" title=\"almejas marinera2\" alt=\"Restaurante en Ribadeo A Horta de San Roque - Almejas a la Marinera\" loading=\"lazy\" \/>\t\t\t\t\t\t\t\t\t<\/div>\n\t\t\t\t\t\t\t\t\t<div class=\"info salad-info\">\n\t\t\t\t\t\t\t\t\t\t<h5>Almejas a la marinera<\/h5>\n\t\t\t\t\t\t\t\t\t\t<p>Exquisita y sencilla receta tradicional<\/p>\n\t\t\t\t\t\t\t\t\t\t<span><\/span>\n\t\t\t\t\t\t\t\t\t<\/div>\n\t\t\t\t\t\t\t\t<\/div>\n\t\t\t\t\t\t\t\n\t\t\t\t\t\t\t       \n\t                         \t<\/div>                       \t\n\t                        \n\t\t\t\t\t\t\t                            <div class=\"item\">\n\t                        \t\n\n\t\t\t\t\t\t\t\t<div class=\"item-content\">\n\t\t\t\t\t\t\t\t\t<div class=\"image\">\n\t\t\t\t\t\t\t\t\t\t<img decoding=\"async\" src=\"https:\/\/www.ahortadesanroque.com\/wp-content\/uploads\/2021\/02\/calamares-fritos.jpg\" title=\"calamares fritos\" alt=\"Restaurante en Ribadeo A Horta de San Roque - Calamares fritos\" loading=\"lazy\" \/>\t\t\t\t\t\t\t\t\t<\/div>\n\t\t\t\t\t\t\t\t\t<div class=\"info salad-info\">\n\t\t\t\t\t\t\t\t\t\t<h5>Calamares de la r\u00eda fritos<\/h5>\n\t\t\t\t\t\t\t\t\t\t<p>Calamares de nuestra r\u00eda con lim\u00f3n<\/p>\n\t\t\t\t\t\t\t\t\t\t<span><\/span>\n\t\t\t\t\t\t\t\t\t<\/div>\n\t\t\t\t\t\t\t\t<\/div>\n\t\t\t\t\t\t\t\n\t\t\t\t\t\t\t\n\t\t\t\t\t\t\t\n\n\t\t\t\t\t\t\t\t<div class=\"item-content\">\n\t\t\t\t\t\t\t\t\t<div class=\"image\">\n\t\t\t\t\t\t\t\t\t\t<img decoding=\"async\" src=\"https:\/\/www.ahortadesanroque.com\/wp-content\/uploads\/2021\/02\/calamar-a-la-brasa.jpg\" title=\"calamar a la brasa\" alt=\"Restaurante en Ribadeo A Horta de San Roque - Calamar a la brasa\" loading=\"lazy\" \/>\t\t\t\t\t\t\t\t\t<\/div>\n\t\t\t\t\t\t\t\t\t<div class=\"info salad-info\">\n\t\t\t\t\t\t\t\t\t\t<h5>Calamar a la brasa<\/h5>\n\t\t\t\t\t\t\t\t\t\t<p>Calamar de la r\u00eda a la parrilla<\/p>\n\t\t\t\t\t\t\t\t\t\t<span><\/span>\n\t\t\t\t\t\t\t\t\t<\/div>\n\t\t\t\t\t\t\t\t<\/div>\n\t\t\t\t\t\t\t\n\t\t\t\t\t\t\t\n\t\t\t\t\t\t\t\n\n\t\t\t\t\t\t\t\t<div class=\"item-content\">\n\t\t\t\t\t\t\t\t\t<div class=\"image\">\n\t\t\t\t\t\t\t\t\t\t<img decoding=\"async\" src=\"https:\/\/www.ahortadesanroque.com\/wp-content\/uploads\/2021\/02\/calamar-a-la-brasa.jpg\" title=\"calamar a la brasa\" alt=\"Restaurante en Ribadeo A Horta de San Roque - Calamar a la brasa\" loading=\"lazy\" \/>\t\t\t\t\t\t\t\t\t<\/div>\n\t\t\t\t\t\t\t\t\t<div class=\"info salad-info\">\n\t\t\t\t\t\t\t\t\t\t<h5>Calamar a la brasa<\/h5>\n\t\t\t\t\t\t\t\t\t\t<p>Calamar de la r\u00eda a la parrilla<\/p>\n\t\t\t\t\t\t\t\t\t\t<span><\/span>\n\t\t\t\t\t\t\t\t\t<\/div>\n\t\t\t\t\t\t\t\t<\/div>\n\t\t\t\t\t\t\t\n\t\t\t\t\t\t\t\n\t\t\t\t\t\t\t\n\n\t\t\t\t\t\t\t\t<div class=\"item-content\">\n\t\t\t\t\t\t\t\t\t<div class=\"image\">\n\t\t\t\t\t\t\t\t\t\t<img decoding=\"async\" src=\"https:\/\/www.ahortadesanroque.com\/wp-content\/uploads\/2021\/02\/chipirones-encebollados.jpg\" title=\"chipirones encebollados\" alt=\"Restaurante en Ribadeo A Horta de San Roque - Chipirones encebollados\" loading=\"lazy\" \/>\t\t\t\t\t\t\t\t\t<\/div>\n\t\t\t\t\t\t\t\t\t<div class=\"info salad-info\">\n\t\t\t\t\t\t\t\t\t\t<h5>Chiprones encebollados<\/h5>\n\t\t\t\t\t\t\t\t\t\t<p>Calamares en salsa de cebolla y ajo<\/p>\n\t\t\t\t\t\t\t\t\t\t<span><\/span>\n\t\t\t\t\t\t\t\t\t<\/div>\n\t\t\t\t\t\t\t\t<\/div>\n\t\t\t\t\t\t\t\n\t\t\t\t\t\t\t\n\t\t\t\t\t\t\t\n\n\t\t\t\t\t\t\t\t<div class=\"item-content\">\n\t\t\t\t\t\t\t\t\t<div class=\"image\">\n\t\t\t\t\t\t\t\t\t\t<img decoding=\"async\" src=\"https:\/\/www.ahortadesanroque.com\/wp-content\/uploads\/2021\/02\/chipirones-plancha.jpg\" title=\"chipirones plancha\" alt=\"Restaurante en Ribadeo A Horta de San Roque - Chipirones a la plancha\" loading=\"lazy\" \/>\t\t\t\t\t\t\t\t\t<\/div>\n\t\t\t\t\t\t\t\t\t<div class=\"info salad-info\">\n\t\t\t\t\t\t\t\t\t\t<h5>Chipirones a la plancha<\/h5>\n\t\t\t\t\t\t\t\t\t\t<p>Receta saludable y deliciosa con calamares de nuestra r\u00eda<\/p>\n\t\t\t\t\t\t\t\t\t\t<span><\/span>\n\t\t\t\t\t\t\t\t\t<\/div>\n\t\t\t\t\t\t\t\t<\/div>\n\t\t\t\t\t\t\t\n\t\t\t\t\t\t\t       \n\t                         \t<\/div>                       \t\n\t                        \n\t\t\t\t\t\t\t                            <div class=\"item\">\n\t                        \t\n\n\t\t\t\t\t\t\t\t<div class=\"item-content\">\n\t\t\t\t\t\t\t\t\t<div class=\"image\">\n\t\t\t\t\t\t\t\t\t\t<img decoding=\"async\" src=\"https:\/\/www.ahortadesanroque.com\/wp-content\/uploads\/2021\/02\/Zamburinas-scaled.jpg\" title=\"Zamburi\u00f1as\" alt=\"Restaurante en Ribadeo A Horta de San Roque - Zamburi\u00f1as a la plancha\" loading=\"lazy\" \/>\t\t\t\t\t\t\t\t\t<\/div>\n\t\t\t\t\t\t\t\t\t<div class=\"info salad-info\">\n\t\t\t\t\t\t\t\t\t\t<h5>Zamburi\u00f1as a la plancha<\/h5>\n\t\t\t\t\t\t\t\t\t\t<p>Uno de nuestros mariscos m\u00e1s sabrosos hechos a la plancha<\/p>\n\t\t\t\t\t\t\t\t\t\t<span><\/span>\n\t\t\t\t\t\t\t\t\t<\/div>\n\t\t\t\t\t\t\t\t<\/div>\n\t\t\t\t\t\t\t\n\t\t\t\t\t\t\t\n\t\t\t\t\t\t\t\t\t\t\t<\/div>\n\t\t\t\t<\/div>\n\t\t\t<\/div>\n\t\t<\/section>\n\t\t<!-- End Menu Potato Section -->\n\n\n\t\t\t\t\t<\/div>\n\t\t\t\t<\/div>\n\t\t\t\t\t<\/div>\n\t\t<\/div>\n\t\t\t\t\t<\/div>\n\t\t<\/section>\n\t\t\t\t<section class=\"elementor-section elementor-top-section elementor-element elementor-element-c8c946f elementor-section-boxed elementor-section-height-default elementor-section-height-default\" data-id=\"c8c946f\" data-element_type=\"section\" data-e-type=\"section\" data-settings=\"{&quot;background_background&quot;:&quot;classic&quot;}\">\n\t\t\t\t\t\t<div class=\"elementor-container elementor-column-gap-default\">\n\t\t\t\t\t<div class=\"elementor-column elementor-col-100 elementor-top-column elementor-element elementor-element-1a417ec\" data-id=\"1a417ec\" data-element_type=\"column\" data-e-type=\"column\">\n\t\t\t<div class=\"elementor-widget-wrap elementor-element-populated\">\n\t\t\t\t\t\t<div class=\"elementor-element elementor-element-30abfe5 elementor-widget elementor-widget-ova_our_menu_heading\" data-id=\"30abfe5\" data-element_type=\"widget\" data-e-type=\"widget\" data-widget_type=\"ova_our_menu_heading.default\">\n\t\t\t\t<div class=\"elementor-widget-container\">\n\t\t\t\t\t\n\t\t<div class=\"menu-heading\">\n\t\t\t<div class=\"container\">\n\t\t\t\t<div class=\"row\">\n\t\t\t\t\t<div class=\"heading_ct\">\n\t\t\t\t\t\t<img decoding=\"async\" src=\"https:\/\/www.ahortadesanroque.com\/wp-content\/uploads\/2020\/11\/un-pan.png\" alt=\"RACI\u00d3N DE PAN \">\n\t\t\t\t\t\t<h2>RACI\u00d3N DE PAN <\/h2>\n\t\t\t\t\t<\/div>\n\t\t\t\t<\/div>\n\t\t\t<\/div>\n\t\t<\/div>\n\t\t\t\t\t<\/div>\n\t\t\t\t<\/div>\n\t\t\t\t\t<\/div>\n\t\t<\/div>\n\t\t\t\t\t<\/div>\n\t\t<\/section>\n\t\t\t\t<\/div>\n\t\t","protected":false},"excerpt":{"rendered":"<p>PARA PICAR PULPO CALAMARES CROQUETAS ENTRANTES Y RACIONES Pulpo a la brasa Una forma deliciosa de comer el pulpo Pulpo \u00e1 feira Plato t\u00edpico de la cocina gallega Pulpo encebollado Otra receta de pulpo muy popular en Galicia: intenso sabor y el aroma especial de piment\u00f3n dulce y cebolla Croquetas caseras de Jam\u00f3n Ib\u00e9rico Cremosas [&hellip;]<\/p>\n","protected":false},"author":1,"featured_media":0,"parent":0,"menu_order":0,"comment_status":"closed","ping_status":"closed","template":"elementor_header_footer","meta":{"footnotes":""},"class_list":["post-35","page","type-page","status-publish","hentry"],"yoast_head":"<!-- This site is optimized with the Yoast SEO plugin v27.4 - https:\/\/yoast.com\/product\/yoast-seo-wordpress\/ -->\n<title>A Horta de San Roque | Carta | Entrantes y Raciones<\/title>\n<meta name=\"description\" content=\"Disfruta de una experiencia \u00fanica con los mejores entrantes: pulpo, calamares, croquetas... Platos elaborados con producto local, ideales para compartir.\" \/>\n<meta name=\"robots\" content=\"index, follow, max-snippet:-1, max-image-preview:large, max-video-preview:-1\" \/>\n<link rel=\"canonical\" href=\"https:\/\/www.ahortadesanroque.com\/es\/para-picar\/\" \/>\n<meta property=\"og:locale\" content=\"es_ES\" \/>\n<meta property=\"og:type\" content=\"article\" \/>\n<meta property=\"og:title\" content=\"A Horta de San Roque | Carta | Entrantes y Raciones\" \/>\n<meta property=\"og:description\" content=\"Disfruta de una experiencia \u00fanica con los mejores entrantes: pulpo, calamares, croquetas... Platos elaborados con producto local, ideales para compartir.\" \/>\n<meta property=\"og:url\" content=\"https:\/\/www.ahortadesanroque.com\/es\/para-picar\/\" \/>\n<meta property=\"og:site_name\" content=\"A Horta de San Roque\" \/>\n<meta property=\"article:modified_time\" content=\"2024-08-14T11:57:21+00:00\" \/>\n<meta property=\"og:image\" content=\"https:\/\/www.ahortadesanroque.com\/wp-content\/uploads\/2021\/02\/chipirones-plancha.jpg\" \/>\n\t<meta property=\"og:image:width\" content=\"1080\" \/>\n\t<meta property=\"og:image:height\" content=\"809\" \/>\n\t<meta property=\"og:image:type\" content=\"image\/jpeg\" \/>\n<meta name=\"twitter:card\" content=\"summary_large_image\" \/>\n<meta name=\"twitter:title\" content=\"A Horta de San Roque | Carta | Entrantes y Raciones\" \/>\n<meta name=\"twitter:description\" content=\"Disfruta de una experiencia \u00fanica con los mejores entrantes: pulpo, calamares, croquetas... Platos elaborados con producto local, ideales para compartir.\" \/>\n<meta name=\"twitter:image\" content=\"https:\/\/www.ahortadesanroque.com\/wp-content\/uploads\/2021\/02\/chipirones-plancha.jpg\" \/>\n<meta name=\"twitter:label1\" content=\"Tiempo de lectura\" \/>\n\t<meta name=\"twitter:data1\" content=\"4 minutos\" \/>\n<script type=\"application\/ld+json\" class=\"yoast-schema-graph\">{\"@context\":\"https:\\\/\\\/schema.org\",\"@graph\":[{\"@type\":\"WebPage\",\"@id\":\"https:\\\/\\\/www.ahortadesanroque.com\\\/para-picar\\\/\",\"url\":\"https:\\\/\\\/www.ahortadesanroque.com\\\/para-picar\\\/\",\"name\":\"A Horta de San Roque | Carta | Entrantes y Raciones\",\"isPartOf\":{\"@id\":\"https:\\\/\\\/www.ahortadesanroque.com\\\/es\\\/#website\"},\"primaryImageOfPage\":{\"@id\":\"https:\\\/\\\/www.ahortadesanroque.com\\\/para-picar\\\/#primaryimage\"},\"image\":{\"@id\":\"https:\\\/\\\/www.ahortadesanroque.com\\\/para-picar\\\/#primaryimage\"},\"thumbnailUrl\":\"https:\\\/\\\/www.ahortadesanroque.com\\\/wp-content\\\/uploads\\\/2020\\\/11\\\/pulpo-2.png\",\"datePublished\":\"2018-12-19T07:56:23+00:00\",\"dateModified\":\"2024-08-14T11:57:21+00:00\",\"description\":\"Disfruta de una experiencia \u00fanica con los mejores entrantes: pulpo, calamares, croquetas... Platos elaborados con producto local, ideales para compartir.\",\"breadcrumb\":{\"@id\":\"https:\\\/\\\/www.ahortadesanroque.com\\\/para-picar\\\/#breadcrumb\"},\"inLanguage\":\"es\",\"potentialAction\":[{\"@type\":\"ReadAction\",\"target\":[\"https:\\\/\\\/www.ahortadesanroque.com\\\/para-picar\\\/\"]}]},{\"@type\":\"ImageObject\",\"inLanguage\":\"es\",\"@id\":\"https:\\\/\\\/www.ahortadesanroque.com\\\/para-picar\\\/#primaryimage\",\"url\":\"https:\\\/\\\/www.ahortadesanroque.com\\\/wp-content\\\/uploads\\\/2020\\\/11\\\/pulpo-2.png\",\"contentUrl\":\"https:\\\/\\\/www.ahortadesanroque.com\\\/wp-content\\\/uploads\\\/2020\\\/11\\\/pulpo-2.png\"},{\"@type\":\"BreadcrumbList\",\"@id\":\"https:\\\/\\\/www.ahortadesanroque.com\\\/para-picar\\\/#breadcrumb\",\"itemListElement\":[{\"@type\":\"ListItem\",\"position\":1,\"name\":\"Portada\",\"item\":\"https:\\\/\\\/www.ahortadesanroque.com\\\/\"},{\"@type\":\"ListItem\",\"position\":2,\"name\":\"Para Picar\"}]},{\"@type\":\"WebSite\",\"@id\":\"https:\\\/\\\/www.ahortadesanroque.com\\\/es\\\/#website\",\"url\":\"https:\\\/\\\/www.ahortadesanroque.com\\\/es\\\/\",\"name\":\"A Horta de San Roque\",\"description\":\"\",\"potentialAction\":[{\"@type\":\"SearchAction\",\"target\":{\"@type\":\"EntryPoint\",\"urlTemplate\":\"https:\\\/\\\/www.ahortadesanroque.com\\\/es\\\/?s={search_term_string}\"},\"query-input\":{\"@type\":\"PropertyValueSpecification\",\"valueRequired\":true,\"valueName\":\"search_term_string\"}}],\"inLanguage\":\"es\"}]}<\/script>\n<!-- \/ Yoast SEO plugin. -->","yoast_head_json":{"title":"A Horta de San Roque | Carta | Entrantes y Raciones","description":"Disfruta de una experiencia \u00fanica con los mejores entrantes: pulpo, calamares, croquetas... Platos elaborados con producto local, ideales para compartir.","robots":{"index":"index","follow":"follow","max-snippet":"max-snippet:-1","max-image-preview":"max-image-preview:large","max-video-preview":"max-video-preview:-1"},"canonical":"https:\/\/www.ahortadesanroque.com\/es\/para-picar\/","og_locale":"es_ES","og_type":"article","og_title":"A Horta de San Roque | Carta | Entrantes y Raciones","og_description":"Disfruta de una experiencia \u00fanica con los mejores entrantes: pulpo, calamares, croquetas... Platos elaborados con producto local, ideales para compartir.","og_url":"https:\/\/www.ahortadesanroque.com\/es\/para-picar\/","og_site_name":"A Horta de San Roque","article_modified_time":"2024-08-14T11:57:21+00:00","og_image":[{"width":1080,"height":809,"url":"https:\/\/www.ahortadesanroque.com\/wp-content\/uploads\/2021\/02\/chipirones-plancha.jpg","type":"image\/jpeg"}],"twitter_card":"summary_large_image","twitter_title":"A Horta de San Roque | Carta | Entrantes y Raciones","twitter_description":"Disfruta de una experiencia \u00fanica con los mejores entrantes: pulpo, calamares, croquetas... Platos elaborados con producto local, ideales para compartir.","twitter_image":"https:\/\/www.ahortadesanroque.com\/wp-content\/uploads\/2021\/02\/chipirones-plancha.jpg","twitter_misc":{"Tiempo de lectura":"4 minutos"},"schema":{"@context":"https:\/\/schema.org","@graph":[{"@type":"WebPage","@id":"https:\/\/www.ahortadesanroque.com\/para-picar\/","url":"https:\/\/www.ahortadesanroque.com\/para-picar\/","name":"A Horta de San Roque | Carta | Entrantes y Raciones","isPartOf":{"@id":"https:\/\/www.ahortadesanroque.com\/es\/#website"},"primaryImageOfPage":{"@id":"https:\/\/www.ahortadesanroque.com\/para-picar\/#primaryimage"},"image":{"@id":"https:\/\/www.ahortadesanroque.com\/para-picar\/#primaryimage"},"thumbnailUrl":"https:\/\/www.ahortadesanroque.com\/wp-content\/uploads\/2020\/11\/pulpo-2.png","datePublished":"2018-12-19T07:56:23+00:00","dateModified":"2024-08-14T11:57:21+00:00","description":"Disfruta de una experiencia \u00fanica con los mejores entrantes: pulpo, calamares, croquetas... Platos elaborados con producto local, ideales para compartir.","breadcrumb":{"@id":"https:\/\/www.ahortadesanroque.com\/para-picar\/#breadcrumb"},"inLanguage":"es","potentialAction":[{"@type":"ReadAction","target":["https:\/\/www.ahortadesanroque.com\/para-picar\/"]}]},{"@type":"ImageObject","inLanguage":"es","@id":"https:\/\/www.ahortadesanroque.com\/para-picar\/#primaryimage","url":"https:\/\/www.ahortadesanroque.com\/wp-content\/uploads\/2020\/11\/pulpo-2.png","contentUrl":"https:\/\/www.ahortadesanroque.com\/wp-content\/uploads\/2020\/11\/pulpo-2.png"},{"@type":"BreadcrumbList","@id":"https:\/\/www.ahortadesanroque.com\/para-picar\/#breadcrumb","itemListElement":[{"@type":"ListItem","position":1,"name":"Portada","item":"https:\/\/www.ahortadesanroque.com\/"},{"@type":"ListItem","position":2,"name":"Para Picar"}]},{"@type":"WebSite","@id":"https:\/\/www.ahortadesanroque.com\/es\/#website","url":"https:\/\/www.ahortadesanroque.com\/es\/","name":"A Horta de San Roque","description":"","potentialAction":[{"@type":"SearchAction","target":{"@type":"EntryPoint","urlTemplate":"https:\/\/www.ahortadesanroque.com\/es\/?s={search_term_string}"},"query-input":{"@type":"PropertyValueSpecification","valueRequired":true,"valueName":"search_term_string"}}],"inLanguage":"es"}]}},"jetpack_sharing_enabled":true,"_links":{"self":[{"href":"https:\/\/www.ahortadesanroque.com\/es\/wp-json\/wp\/v2\/pages\/35","targetHints":{"allow":["GET"]}}],"collection":[{"href":"https:\/\/www.ahortadesanroque.com\/es\/wp-json\/wp\/v2\/pages"}],"about":[{"href":"https:\/\/www.ahortadesanroque.com\/es\/wp-json\/wp\/v2\/types\/page"}],"author":[{"embeddable":true,"href":"https:\/\/www.ahortadesanroque.com\/es\/wp-json\/wp\/v2\/users\/1"}],"replies":[{"embeddable":true,"href":"https:\/\/www.ahortadesanroque.com\/es\/wp-json\/wp\/v2\/comments?post=35"}],"version-history":[{"count":64,"href":"https:\/\/www.ahortadesanroque.com\/es\/wp-json\/wp\/v2\/pages\/35\/revisions"}],"predecessor-version":[{"id":3803,"href":"https:\/\/www.ahortadesanroque.com\/es\/wp-json\/wp\/v2\/pages\/35\/revisions\/3803"}],"wp:attachment":[{"href":"https:\/\/www.ahortadesanroque.com\/es\/wp-json\/wp\/v2\/media?parent=35"}],"curies":[{"name":"wp","href":"https:\/\/api.w.org\/{rel}","templated":true}]}}