{"id":2840,"date":"2020-11-26T18:40:37","date_gmt":"2020-11-26T18:40:37","guid":{"rendered":"https:\/\/www.ahortadesanroque.com\/?page_id=2840"},"modified":"2024-08-14T12:11:46","modified_gmt":"2024-08-14T12:11:46","slug":"del-cantabrico","status":"publish","type":"page","link":"https:\/\/www.ahortadesanroque.com\/gl\/del-cantabrico\/","title":{"rendered":"Do Cant\u00e1brico"},"content":{"rendered":"<div data-elementor-type=\"wp-post\" data-elementor-id=\"2840\" class=\"elementor elementor-2840\" data-elementor-post-type=\"page\">\n\t\t\t\t\t\t<section class=\"elementor-section elementor-top-section elementor-element elementor-element-945b880 elementor-section-full_width elementor-section-height-default elementor-section-height-default\" data-id=\"945b880\" data-element_type=\"section\" data-e-type=\"section\">\n\t\t\t\t\t\t<div class=\"elementor-container elementor-column-gap-no\">\n\t\t\t\t\t<div class=\"elementor-column elementor-col-100 elementor-top-column elementor-element elementor-element-46824f1\" data-id=\"46824f1\" data-element_type=\"column\" data-e-type=\"column\">\n\t\t\t<div class=\"elementor-widget-wrap elementor-element-populated\">\n\t\t\t\t\t\t<div class=\"elementor-element elementor-element-355e13c elementor-widget elementor-widget-ova_breadcrumb_menu\" data-id=\"355e13c\" data-element_type=\"widget\" data-e-type=\"widget\" data-widget_type=\"ova_breadcrumb_menu.default\">\n\t\t\t\t<div class=\"elementor-widget-container\">\n\t\t\t\t\t\t\t<section class=\"breadcrumb-our-team breadcrumb-menu-section section-box\" style=\"background-image: url(https:\/\/www.ahortadesanroque.com\/wp-content\/uploads\/2020\/11\/cantabrico.png)\">\n\t\t\t<div class=\"container\">\n\t\t\t\t<div class=\"breadcrumb-inner\">\n\t\t\t\t\t\t\t\t\t\t<h1>PESCADOS DEL CANT\u00c1BRICO<\/h1>\n\t\t\t\t\t\t\t\t\t\t<div class=\"menu\">\n\t\t\t\t\t\t\t\t\t\t\t\t\t<div class=\"menu-inner\">\n\n\t\t\t\t\t\t\t\t<img decoding=\"async\" src=\"https:\/\/www.ahortadesanroque.com\/wp-content\/uploads\/2020\/11\/pez1.png\" title=\"pez(1)\" alt=\"pez(1)\" loading=\"lazy\" \/>\n\t\t\t\t\t\t\t\t\t\t\t\t\t\t\t\t\t<h4>ESPECIALISTAS EN PESCADOS<\/h4>\n\t\t\t\t\t\t\t\t\t\t\t\t\t\t\t\t\n\t\t\t\t\t\t\t<\/div>\n\t\t\t\t\t\t\t\t\t\t\t<\/div>\n\t\t\t\t<\/div>\t\n\t\t\t<\/div>\n\t\t<\/section>\n\t\t\t\t\t<\/div>\n\t\t\t\t<\/div>\n\t\t\t\t\t<\/div>\n\t\t<\/div>\n\t\t\t\t\t<\/div>\n\t\t<\/section>\n\t\t\t\t<section class=\"elementor-section elementor-top-section elementor-element elementor-element-6e488f5 elementor-section-boxed elementor-section-height-default elementor-section-height-default\" data-id=\"6e488f5\" data-element_type=\"section\" data-e-type=\"section\">\n\t\t\t\t\t\t<div class=\"elementor-container elementor-column-gap-default\">\n\t\t\t\t\t<div class=\"elementor-column elementor-col-100 elementor-top-column elementor-element elementor-element-486ece4\" data-id=\"486ece4\" data-element_type=\"column\" data-e-type=\"column\">\n\t\t\t<div class=\"elementor-widget-wrap elementor-element-populated\">\n\t\t\t\t\t\t<div class=\"elementor-element elementor-element-ef46769 elementor-widget elementor-widget-ova_our_menu_heading\" data-id=\"ef46769\" data-element_type=\"widget\" data-e-type=\"widget\" data-widget_type=\"ova_our_menu_heading.default\">\n\t\t\t\t<div class=\"elementor-widget-container\">\n\t\t\t\t\t\n\t\t<div class=\"menu-heading\">\n\t\t\t<div class=\"container\">\n\t\t\t\t<div class=\"row\">\n\t\t\t\t\t<div class=\"heading_ct\">\n\t\t\t\t\t\t<img decoding=\"async\" src=\"https:\/\/www.ahortadesanroque.com\/wp-content\/uploads\/2020\/11\/pez.png\" alt=\"PESCADOS DEL CANT\u00c1BRICO \">\n\t\t\t\t\t\t<h2>PESCADOS DEL CANT\u00c1BRICO <\/h2>\n\t\t\t\t\t<\/div>\n\t\t\t\t<\/div>\n\t\t\t<\/div>\n\t\t<\/div>\n\t\t\t\t\t<\/div>\n\t\t\t\t<\/div>\n\t\t\t\t<div class=\"elementor-element elementor-element-ce4bbb5 elementor-widget elementor-widget-ova_our_menu_v2\" data-id=\"ce4bbb5\" data-element_type=\"widget\" data-e-type=\"widget\" data-widget_type=\"ova_our_menu_v2.default\">\n\t\t\t\t<div class=\"elementor-widget-container\">\n\t\t\t\t\t\n\t\t<!-- Menu Potato Section -->\n\t\t<section class=\"salad-section\">\n\t\t\t<div class=\"container\">\n\t\t\t\t<div class=\"row\"> \n\t\t\t\t\t<div class=\"owl-carousel owl-theme\" data-options=\"{&quot;total_columns_slide&quot;:2,&quot;items_ipad&quot;:1,&quot;items_mobile&quot;:1,&quot;smartSpeed&quot;:500,&quot;margin&quot;:30,&quot;loop&quot;:false,&quot;autoplay&quot;:false,&quot;autoplayTimeout&quot;:5000,&quot;autoplayHoverPause&quot;:true,&quot;dots&quot;:true,&quot;slideBy&quot;:1}\">\n\t\t\t\t\t\t\t                            <div class=\"item\">\n\t                        \t\n\n\t\t\t\t\t\t\t\t<div class=\"item-content\">\n\t\t\t\t\t\t\t\t\t<div class=\"image\">\n\t\t\t\t\t\t\t\t\t\t<img decoding=\"async\" src=\"https:\/\/www.ahortadesanroque.com\/wp-content\/uploads\/2020\/11\/EF09NLK1-660x371-1.jpg\" title=\"EF09NLK1&#8211;660&#215;371\" alt=\"Restaurante en Ribadeo especializado en pescados\" loading=\"lazy\" \/>\t\t\t\t\t\t\t\t\t<\/div>\n\t\t\t\t\t\t\t\t\t<div class=\"info salad-info\">\n\t\t\t\t\t\t\t\t\t\t<h5>Lomos de merluza en salsa de ourizos<\/h5>\n\t\t\t\t\t\t\t\t\t\t<p>Merluza do cant\u00e1brico en salsa de ourizos, un producto exquisito pero pouco co\u00f1ecido<\/p>\n\t\t\t\t\t\t\t\t\t\t<span><\/span>\n\t\t\t\t\t\t\t\t\t<\/div>\n\t\t\t\t\t\t\t\t<\/div>\n\t\t\t\t\t\t\t\n\t\t\t\t\t\t\t\n\t\t\t\t\t\t\t\n\n\t\t\t\t\t\t\t\t<div class=\"item-content\">\n\t\t\t\t\t\t\t\t\t<div class=\"image\">\n\t\t\t\t\t\t\t\t\t\t<img decoding=\"async\" src=\"https:\/\/www.ahortadesanroque.com\/wp-content\/uploads\/2021\/02\/merluza-plancha-scaled.jpg\" title=\"merluza plancha\" alt=\"Restaurante en Ribadeo A Horta de San Roque - Merluza a la plancha\" loading=\"lazy\" \/>\t\t\t\t\t\t\t\t\t<\/div>\n\t\t\t\t\t\t\t\t\t<div class=\"info salad-info\">\n\t\t\t\t\t\t\t\t\t\t<h5>Merluza \u00e1 prancha<\/h5>\n\t\t\t\t\t\t\t\t\t\t<p>Deliciosa merluza do pincho \u00e1 prancha<\/p>\n\t\t\t\t\t\t\t\t\t\t<span><\/span>\n\t\t\t\t\t\t\t\t\t<\/div>\n\t\t\t\t\t\t\t\t<\/div>\n\t\t\t\t\t\t\t\n\t\t\t\t\t\t\t\n\t\t\t\t\t\t\t\n\n\t\t\t\t\t\t\t\t<div class=\"item-content\">\n\t\t\t\t\t\t\t\t\t<div class=\"image\">\n\t\t\t\t\t\t\t\t\t\t<img decoding=\"async\" src=\"https:\/\/www.ahortadesanroque.com\/wp-content\/uploads\/2021\/02\/bacalao-brasa-scaled.jpg\" title=\"bacalao brasa\" alt=\"Restaurante en Ribadeo A Horta de San Roque - bacalao a la brasa\" loading=\"lazy\" \/>\t\t\t\t\t\t\t\t\t<\/div>\n\t\t\t\t\t\t\t\t\t<div class=\"info salad-info\">\n\t\t\t\t\t\t\t\t\t\t<h5>Bacallao \u00e1 brasa<\/h5>\n\t\t\t\t\t\t\t\t\t\t<p>Sabrosa receita Asturiana de Bacallao<\/p>\n\t\t\t\t\t\t\t\t\t\t<span><\/span>\n\t\t\t\t\t\t\t\t\t<\/div>\n\t\t\t\t\t\t\t\t<\/div>\n\t\t\t\t\t\t\t\n\t\t\t\t\t\t\t       \n\t                         \t<\/div>                       \t\n\t                        \n\t\t\t\t\t\t\t                            <div class=\"item\">\n\t                        \t\n\n\t\t\t\t\t\t\t\t<div class=\"item-content\">\n\t\t\t\t\t\t\t\t\t<div class=\"image\">\n\t\t\t\t\t\t\t\t\t\t<img decoding=\"async\" src=\"https:\/\/www.ahortadesanroque.com\/wp-content\/uploads\/2020\/11\/IMG_2139-1.jpg\" title=\"IMG_2139\" alt=\"Restaurante en Ribadeo A Horta de San Roque - suprema de merluza\" loading=\"lazy\" \/>\t\t\t\t\t\t\t\t\t<\/div>\n\t\t\t\t\t\t\t\t\t<div class=\"info salad-info\">\n\t\t\t\t\t\t\t\t\t\t<h5>Suprema de merluza con grelos e allada<\/h5>\n\t\t\t\t\t\t\t\t\t\t<p>Unha receita de pescado das de toda a vida<\/p>\n\t\t\t\t\t\t\t\t\t\t<span><\/span>\n\t\t\t\t\t\t\t\t\t<\/div>\n\t\t\t\t\t\t\t\t<\/div>\n\t\t\t\t\t\t\t\n\t\t\t\t\t\t\t\n\t\t\t\t\t\t\t\n\n\t\t\t\t\t\t\t\t<div class=\"item-content\">\n\t\t\t\t\t\t\t\t\t<div class=\"image\">\n\t\t\t\t\t\t\t\t\t\t<img decoding=\"async\" src=\"https:\/\/www.ahortadesanroque.com\/wp-content\/uploads\/2021\/02\/rape-a-la-plancha-1.jpg\" title=\"Rape \u00e1 prancha\" alt=\"Restaurante en Ribadeo A Horta de San Roque - Rape a la plancha\" loading=\"lazy\" \/>\t\t\t\t\t\t\t\t\t<\/div>\n\t\t\t\t\t\t\t\t\t<div class=\"info salad-info\">\n\t\t\t\t\t\t\t\t\t\t<h5>Rape \u00e1 prancha<\/h5>\n\t\t\t\t\t\t\t\t\t\t<p>Unha receita de pescado das de toda a vida<\/p>\n\t\t\t\t\t\t\t\t\t\t<span><\/span>\n\t\t\t\t\t\t\t\t\t<\/div>\n\t\t\t\t\t\t\t\t<\/div>\n\t\t\t\t\t\t\t\n\t\t\t\t\t\t\t\n\t\t\t\t\t\t\t\n\n\t\t\t\t\t\t\t\t<div class=\"item-content\">\n\t\t\t\t\t\t\t\t\t<div class=\"image\">\n\t\t\t\t\t\t\t\t\t\t<img decoding=\"async\" src=\"https:\/\/www.ahortadesanroque.com\/wp-content\/uploads\/2020\/11\/fritos.jpg\" title=\"fritos\" alt=\"fritos\" loading=\"lazy\" \/>\t\t\t\t\t\t\t\t\t<\/div>\n\t\t\t\t\t\t\t\t\t<div class=\"info salad-info\">\n\t\t\t\t\t\t\t\t\t\t<h5>Fritos de merluza<\/h5>\n\t\t\t\t\t\t\t\t\t\t<p>Receita de merluza para os m\u00e1is pequenos<\/p>\n\t\t\t\t\t\t\t\t\t\t<span><\/span>\n\t\t\t\t\t\t\t\t\t<\/div>\n\t\t\t\t\t\t\t\t<\/div>\n\t\t\t\t\t\t\t\n\t\t\t\t\t\t\t       \n\t                         \t<\/div>                       \t\n\t                        \n\t\t\t\t\t\t\t\t\t\t\t<\/div>\n\t\t\t\t<\/div>\n\t\t\t<\/div>\n\t\t<\/section>\n\t\t<!-- End Menu Potato Section -->\n\n\n\t\t\t\t\t<\/div>\n\t\t\t\t<\/div>\n\t\t\t\t\t<\/div>\n\t\t<\/div>\n\t\t\t\t\t<\/div>\n\t\t<\/section>\n\t\t\t\t<\/div>","protected":false},"excerpt":{"rendered":"<p>PESCADOS DEL CANT\u00c1BRICO ESPECIALISTAS EN PESCADOS PESCADOS DEL CANT\u00c1BRICO Lomos de merluza en salsa de oricios Merluza del cant\u00e1brico en salsa de oricios, un producto exquisito pero poco conocido Merluza a la plancha Deliciosa merluza del pincho a la plancha Bacalao a la brasa Sabrosa receta Asturiana de Bacalao Suprema de merluza con grelos y [&hellip;]<\/p>\n","protected":false},"author":2,"featured_media":0,"parent":0,"menu_order":0,"comment_status":"closed","ping_status":"closed","template":"elementor_header_footer","meta":{"footnotes":""},"class_list":["post-2840","page","type-page","status-publish","hentry"],"yoast_head":"<!-- This site is optimized with the Yoast SEO plugin v27.4 - https:\/\/yoast.com\/product\/yoast-seo-wordpress\/ -->\n<title>A Horta de San Roque | Carta | Especialistas en Pescados<\/title>\n<meta name=\"description\" content=\"Descubre los sabores del Cant\u00e1brico en A Horta de San Roque. Platos elaborados con los mejores pescados de nuestras costas.\" \/>\n<meta name=\"robots\" content=\"index, follow, max-snippet:-1, max-image-preview:large, max-video-preview:-1\" \/>\n<link rel=\"canonical\" href=\"https:\/\/www.ahortadesanroque.com\/gl\/del-cantabrico\/\" \/>\n<meta property=\"og:locale\" content=\"gl_ES\" \/>\n<meta property=\"og:type\" content=\"article\" \/>\n<meta property=\"og:title\" content=\"A Horta de San Roque | Carta | Especialistas en Pescados\" \/>\n<meta property=\"og:description\" content=\"Descubre los sabores del Cant\u00e1brico en A Horta de San Roque. Platos elaborados con los mejores pescados de nuestras costas.\" \/>\n<meta property=\"og:url\" content=\"https:\/\/www.ahortadesanroque.com\/gl\/del-cantabrico\/\" \/>\n<meta property=\"og:site_name\" content=\"A Horta de San Roque\" \/>\n<meta property=\"article:modified_time\" content=\"2024-08-14T12:11:46+00:00\" \/>\n<meta property=\"og:image\" content=\"https:\/\/www.ahortadesanroque.com\/wp-content\/uploads\/2020\/11\/IMG_2139-1.jpg\" \/>\n\t<meta property=\"og:image:width\" content=\"600\" \/>\n\t<meta property=\"og:image:height\" content=\"445\" \/>\n\t<meta property=\"og:image:type\" content=\"image\/jpeg\" \/>\n<meta name=\"twitter:card\" content=\"summary_large_image\" \/>\n<meta name=\"twitter:title\" content=\"A Horta de San Roque | Carta | Especialistas en Pescados\" \/>\n<meta name=\"twitter:description\" content=\"Descubre los sabores del Cant\u00e1brico en A Horta de San Roque. Platos elaborados con los mejores pescados de nuestras costas.\" \/>\n<meta name=\"twitter:image\" content=\"https:\/\/www.ahortadesanroque.com\/wp-content\/uploads\/2020\/11\/IMG_2139-1.jpg\" \/>\n<meta name=\"twitter:label1\" content=\"Tempo de lectura\" \/>\n\t<meta name=\"twitter:data1\" content=\"3 minutos\" \/>\n<script type=\"application\/ld+json\" class=\"yoast-schema-graph\">{\"@context\":\"https:\\\/\\\/schema.org\",\"@graph\":[{\"@type\":\"WebPage\",\"@id\":\"https:\\\/\\\/www.ahortadesanroque.com\\\/del-cantabrico\\\/\",\"url\":\"https:\\\/\\\/www.ahortadesanroque.com\\\/del-cantabrico\\\/\",\"name\":\"A Horta de San Roque | Carta | Especialistas en Pescados\",\"isPartOf\":{\"@id\":\"https:\\\/\\\/www.ahortadesanroque.com\\\/es\\\/#website\"},\"primaryImageOfPage\":{\"@id\":\"https:\\\/\\\/www.ahortadesanroque.com\\\/del-cantabrico\\\/#primaryimage\"},\"image\":{\"@id\":\"https:\\\/\\\/www.ahortadesanroque.com\\\/del-cantabrico\\\/#primaryimage\"},\"thumbnailUrl\":\"https:\\\/\\\/www.ahortadesanroque.com\\\/wp-content\\\/uploads\\\/2020\\\/11\\\/pez1.png\",\"datePublished\":\"2020-11-26T18:40:37+00:00\",\"dateModified\":\"2024-08-14T12:11:46+00:00\",\"description\":\"Descubre los sabores del Cant\u00e1brico en A Horta de San Roque. Platos elaborados con los mejores pescados de nuestras costas.\",\"breadcrumb\":{\"@id\":\"https:\\\/\\\/www.ahortadesanroque.com\\\/del-cantabrico\\\/#breadcrumb\"},\"inLanguage\":\"gl-ES\",\"potentialAction\":[{\"@type\":\"ReadAction\",\"target\":[\"https:\\\/\\\/www.ahortadesanroque.com\\\/del-cantabrico\\\/\"]}]},{\"@type\":\"ImageObject\",\"inLanguage\":\"gl-ES\",\"@id\":\"https:\\\/\\\/www.ahortadesanroque.com\\\/del-cantabrico\\\/#primaryimage\",\"url\":\"https:\\\/\\\/www.ahortadesanroque.com\\\/wp-content\\\/uploads\\\/2020\\\/11\\\/pez1.png\",\"contentUrl\":\"https:\\\/\\\/www.ahortadesanroque.com\\\/wp-content\\\/uploads\\\/2020\\\/11\\\/pez1.png\"},{\"@type\":\"BreadcrumbList\",\"@id\":\"https:\\\/\\\/www.ahortadesanroque.com\\\/del-cantabrico\\\/#breadcrumb\",\"itemListElement\":[{\"@type\":\"ListItem\",\"position\":1,\"name\":\"Portada\",\"item\":\"https:\\\/\\\/www.ahortadesanroque.com\\\/\"},{\"@type\":\"ListItem\",\"position\":2,\"name\":\"Del Cant\u00e1brico\"}]},{\"@type\":\"WebSite\",\"@id\":\"https:\\\/\\\/www.ahortadesanroque.com\\\/es\\\/#website\",\"url\":\"https:\\\/\\\/www.ahortadesanroque.com\\\/es\\\/\",\"name\":\"A Horta de San Roque\",\"description\":\"\",\"potentialAction\":[{\"@type\":\"SearchAction\",\"target\":{\"@type\":\"EntryPoint\",\"urlTemplate\":\"https:\\\/\\\/www.ahortadesanroque.com\\\/es\\\/?s={search_term_string}\"},\"query-input\":{\"@type\":\"PropertyValueSpecification\",\"valueRequired\":true,\"valueName\":\"search_term_string\"}}],\"inLanguage\":\"gl-ES\"}]}<\/script>\n<!-- \/ Yoast SEO plugin. -->","yoast_head_json":{"title":"A Horta de San Roque | Carta | Especialistas en Pescados","description":"Descubre los sabores del Cant\u00e1brico en A Horta de San Roque. Platos elaborados con los mejores pescados de nuestras costas.","robots":{"index":"index","follow":"follow","max-snippet":"max-snippet:-1","max-image-preview":"max-image-preview:large","max-video-preview":"max-video-preview:-1"},"canonical":"https:\/\/www.ahortadesanroque.com\/gl\/del-cantabrico\/","og_locale":"gl_ES","og_type":"article","og_title":"A Horta de San Roque | Carta | Especialistas en Pescados","og_description":"Descubre los sabores del Cant\u00e1brico en A Horta de San Roque. Platos elaborados con los mejores pescados de nuestras costas.","og_url":"https:\/\/www.ahortadesanroque.com\/gl\/del-cantabrico\/","og_site_name":"A Horta de San Roque","article_modified_time":"2024-08-14T12:11:46+00:00","og_image":[{"width":600,"height":445,"url":"https:\/\/www.ahortadesanroque.com\/wp-content\/uploads\/2020\/11\/IMG_2139-1.jpg","type":"image\/jpeg"}],"twitter_card":"summary_large_image","twitter_title":"A Horta de San Roque | Carta | Especialistas en Pescados","twitter_description":"Descubre los sabores del Cant\u00e1brico en A Horta de San Roque. Platos elaborados con los mejores pescados de nuestras costas.","twitter_image":"https:\/\/www.ahortadesanroque.com\/wp-content\/uploads\/2020\/11\/IMG_2139-1.jpg","twitter_misc":{"Tempo de lectura":"3 minutos"},"schema":{"@context":"https:\/\/schema.org","@graph":[{"@type":"WebPage","@id":"https:\/\/www.ahortadesanroque.com\/del-cantabrico\/","url":"https:\/\/www.ahortadesanroque.com\/del-cantabrico\/","name":"A Horta de San Roque | Carta | Especialistas en Pescados","isPartOf":{"@id":"https:\/\/www.ahortadesanroque.com\/es\/#website"},"primaryImageOfPage":{"@id":"https:\/\/www.ahortadesanroque.com\/del-cantabrico\/#primaryimage"},"image":{"@id":"https:\/\/www.ahortadesanroque.com\/del-cantabrico\/#primaryimage"},"thumbnailUrl":"https:\/\/www.ahortadesanroque.com\/wp-content\/uploads\/2020\/11\/pez1.png","datePublished":"2020-11-26T18:40:37+00:00","dateModified":"2024-08-14T12:11:46+00:00","description":"Descubre los sabores del Cant\u00e1brico en A Horta de San Roque. Platos elaborados con los mejores pescados de nuestras costas.","breadcrumb":{"@id":"https:\/\/www.ahortadesanroque.com\/del-cantabrico\/#breadcrumb"},"inLanguage":"gl-ES","potentialAction":[{"@type":"ReadAction","target":["https:\/\/www.ahortadesanroque.com\/del-cantabrico\/"]}]},{"@type":"ImageObject","inLanguage":"gl-ES","@id":"https:\/\/www.ahortadesanroque.com\/del-cantabrico\/#primaryimage","url":"https:\/\/www.ahortadesanroque.com\/wp-content\/uploads\/2020\/11\/pez1.png","contentUrl":"https:\/\/www.ahortadesanroque.com\/wp-content\/uploads\/2020\/11\/pez1.png"},{"@type":"BreadcrumbList","@id":"https:\/\/www.ahortadesanroque.com\/del-cantabrico\/#breadcrumb","itemListElement":[{"@type":"ListItem","position":1,"name":"Portada","item":"https:\/\/www.ahortadesanroque.com\/"},{"@type":"ListItem","position":2,"name":"Del Cant\u00e1brico"}]},{"@type":"WebSite","@id":"https:\/\/www.ahortadesanroque.com\/es\/#website","url":"https:\/\/www.ahortadesanroque.com\/es\/","name":"A Horta de San Roque","description":"","potentialAction":[{"@type":"SearchAction","target":{"@type":"EntryPoint","urlTemplate":"https:\/\/www.ahortadesanroque.com\/es\/?s={search_term_string}"},"query-input":{"@type":"PropertyValueSpecification","valueRequired":true,"valueName":"search_term_string"}}],"inLanguage":"gl-ES"}]}},"jetpack_sharing_enabled":true,"_links":{"self":[{"href":"https:\/\/www.ahortadesanroque.com\/gl\/wp-json\/wp\/v2\/pages\/2840","targetHints":{"allow":["GET"]}}],"collection":[{"href":"https:\/\/www.ahortadesanroque.com\/gl\/wp-json\/wp\/v2\/pages"}],"about":[{"href":"https:\/\/www.ahortadesanroque.com\/gl\/wp-json\/wp\/v2\/types\/page"}],"author":[{"embeddable":true,"href":"https:\/\/www.ahortadesanroque.com\/gl\/wp-json\/wp\/v2\/users\/2"}],"replies":[{"embeddable":true,"href":"https:\/\/www.ahortadesanroque.com\/gl\/wp-json\/wp\/v2\/comments?post=2840"}],"version-history":[{"count":33,"href":"https:\/\/www.ahortadesanroque.com\/gl\/wp-json\/wp\/v2\/pages\/2840\/revisions"}],"predecessor-version":[{"id":3816,"href":"https:\/\/www.ahortadesanroque.com\/gl\/wp-json\/wp\/v2\/pages\/2840\/revisions\/3816"}],"wp:attachment":[{"href":"https:\/\/www.ahortadesanroque.com\/gl\/wp-json\/wp\/v2\/media?parent=2840"}],"curies":[{"name":"wp","href":"https:\/\/api.w.org\/{rel}","templated":true}]}}