{"id":3237,"date":"2021-02-17T18:43:38","date_gmt":"2021-02-17T18:43:38","guid":{"rendered":"https:\/\/www.ahortadesanroque.com\/?page_id=3237"},"modified":"2024-02-01T00:06:00","modified_gmt":"2024-02-01T00:06:00","slug":"platos","status":"publish","type":"page","link":"https:\/\/www.ahortadesanroque.com\/gl\/platos\/","title":{"rendered":"Platos"},"content":{"rendered":"\t\t<div data-elementor-type=\"wp-page\" data-elementor-id=\"3237\" class=\"elementor elementor-3237\" data-elementor-post-type=\"page\">\n\t\t\t\t\t\t<section class=\"elementor-section elementor-top-section elementor-element elementor-element-0f7956e elementor-section-boxed elementor-section-height-default elementor-section-height-default\" data-id=\"0f7956e\" data-element_type=\"section\" data-e-type=\"section\">\n\t\t\t\t\t\t<div class=\"elementor-container elementor-column-gap-default\">\n\t\t\t\t\t<div class=\"elementor-column elementor-col-100 elementor-top-column elementor-element elementor-element-da201ce\" data-id=\"da201ce\" data-element_type=\"column\" data-e-type=\"column\">\n\t\t\t<div class=\"elementor-widget-wrap elementor-element-populated\">\n\t\t\t\t\t\t<div class=\"elementor-element elementor-element-08a644f elementor-widget elementor-widget-shortcode\" data-id=\"08a644f\" data-element_type=\"widget\" data-e-type=\"widget\" data-widget_type=\"shortcode.default\">\n\t\t\t\t<div class=\"elementor-widget-container\">\n\t\t\t\t\t\t\t<div class=\"elementor-shortcode\"><div class=\"uk-scope\">\n\n    <div id=\"wk-grid72a\" class=\"uk-child-width-1-1 uk-child-width-1-2@s uk-child-width-1-3@m uk-child-width-1-4@l uk-child-width-1-6@xl uk-grid-match \" uk-height-match=\"target: &gt; div &gt; .uk-panel, &gt; div &gt; .uk-card; row: true\" uk-grid  uk-scrollspy=\"cls: uk-animation-slide-bottom; target: &gt; div &gt; .uk-panel, &gt; div &gt; .uk-card; delay: 200\" uk-lightbox=\"container: .uk-gallery-container; toggle: a[data-js-lightbox]\">\n\n            \n        <div>\n        \n<div class=\"uk-card uk-card-primary\">\n\n        <div class=\"uk-card-media-top\">\n    \n        <div class=\"uk-inline-clip uk-transition-toggle \">\n\n            <img decoding=\"async\" src=\"\/wp-content\/uploads\/2018\/12\/croquetas-de-chipiron-en-tinta.jpg\" class=\"uk-transition-scale uk-transition-opaque\" alt=\"Croquetas De Chipiron En Tinta\">\n            \n            \n            \n            \n        <\/div>\n\n        <\/div>\n    <div class=\"uk-card-body\">\n    \n            <div class=\"uk-grid-small uk-flex-middle\" uk-grid>\n\n                        <div class=\"uk-width-expand\">\n\n                                <h3 class=\"uk-panel uk-margin-remove-bottom\">Croquetas De Chipiron En Tinta<\/h3>\n                \n                \n            <\/div>\n            \n            <div class=\"uk-width-auto\">\n\n                <div class=\"uk-grid uk-grid-small\" uk-grid>\n\n                    \n                                        <div><a class=\"uk-button uk-button-default\" data-js-lightbox href=\"\/wp-content\/uploads\/2018\/12\/croquetas-de-chipiron-en-tinta.jpg\" data-type=\"image\" data-caption=\"Croquetas De Chipiron En Tinta\">Ampliar<\/a><\/div>\n                    \n                <\/div>\n\n            <\/div>\n\n        <\/div>\n    \n        <\/div>\n    \n<\/div>\n        <\/div>\n\n                    \n        <div>\n        \n<div class=\"uk-card uk-card-primary\">\n\n        <div class=\"uk-card-media-top\">\n    \n        <div class=\"uk-inline-clip uk-transition-toggle \">\n\n            <img decoding=\"async\" src=\"\/wp-content\/uploads\/2018\/12\/flan-de-queixo.jpg\" class=\"uk-transition-scale uk-transition-opaque\" alt=\"Flan De Queso\">\n            \n            \n            \n            \n        <\/div>\n\n        <\/div>\n    <div class=\"uk-card-body\">\n    \n            <div class=\"uk-grid-small uk-flex-middle\" uk-grid>\n\n                        <div class=\"uk-width-expand\">\n\n                                <h3 class=\"uk-panel uk-margin-remove-bottom\">Flan De Queso<\/h3>\n                \n                \n            <\/div>\n            \n            <div class=\"uk-width-auto\">\n\n                <div class=\"uk-grid uk-grid-small\" uk-grid>\n\n                    \n                                        <div><a class=\"uk-button uk-button-default\" data-js-lightbox href=\"\/wp-content\/uploads\/2018\/12\/flan-de-queixo.jpg\" data-type=\"image\" data-caption=\"Flan De Queso\">Ampliar<\/a><\/div>\n                    \n                <\/div>\n\n            <\/div>\n\n        <\/div>\n    \n        <\/div>\n    \n<\/div>\n        <\/div>\n\n                    \n        <div>\n        \n<div class=\"uk-card uk-card-primary\">\n\n        <div class=\"uk-card-media-top\">\n    \n        <div class=\"uk-inline-clip uk-transition-toggle \">\n\n            <img decoding=\"async\" src=\"\/wp-content\/uploads\/2018\/12\/IMG_20210117_124156.jpg\" class=\"uk-transition-scale uk-transition-opaque\" alt=\"Tataki de Vaca\">\n            \n            \n            \n            \n        <\/div>\n\n        <\/div>\n    <div class=\"uk-card-body\">\n    \n            <div class=\"uk-grid-small uk-flex-middle\" uk-grid>\n\n                        <div class=\"uk-width-expand\">\n\n                                <h3 class=\"uk-panel uk-margin-remove-bottom\">Tataki de Vaca<\/h3>\n                \n                \n            <\/div>\n            \n            <div class=\"uk-width-auto\">\n\n                <div class=\"uk-grid uk-grid-small\" uk-grid>\n\n                    \n                                        <div><a class=\"uk-button uk-button-default\" data-js-lightbox href=\"\/wp-content\/uploads\/2018\/12\/IMG_20210117_124156.jpg\" data-type=\"image\" data-caption=\"Tataki de Vaca\">Ampliar<\/a><\/div>\n                    \n                <\/div>\n\n            <\/div>\n\n        <\/div>\n    \n        <\/div>\n    \n<\/div>\n        <\/div>\n\n                    \n        <div>\n        \n<div class=\"uk-card uk-card-primary\">\n\n        <div class=\"uk-card-media-top\">\n    \n        <div class=\"uk-inline-clip uk-transition-toggle \">\n\n            <img decoding=\"async\" src=\"\/wp-content\/uploads\/2018\/12\/pixin-brasa-scaled.jpg\" class=\"uk-transition-scale uk-transition-opaque\" alt=\"Pixin Brasa\">\n            \n            \n            \n            \n        <\/div>\n\n        <\/div>\n    <div class=\"uk-card-body\">\n    \n            <div class=\"uk-grid-small uk-flex-middle\" uk-grid>\n\n                        <div class=\"uk-width-expand\">\n\n                                <h3 class=\"uk-panel uk-margin-remove-bottom\">Pixin Brasa<\/h3>\n                \n                \n            <\/div>\n            \n            <div class=\"uk-width-auto\">\n\n                <div class=\"uk-grid uk-grid-small\" uk-grid>\n\n                    \n                                        <div><a class=\"uk-button uk-button-default\" data-js-lightbox href=\"\/wp-content\/uploads\/2018\/12\/pixin-brasa-scaled.jpg\" data-type=\"image\" data-caption=\"Pixin Brasa\">Ampliar<\/a><\/div>\n                    \n                <\/div>\n\n            <\/div>\n\n        <\/div>\n    \n        <\/div>\n    \n<\/div>\n        <\/div>\n\n                    \n        <div>\n        \n<div class=\"uk-card uk-card-primary\">\n\n        <div class=\"uk-card-media-top\">\n    \n        <div class=\"uk-inline-clip uk-transition-toggle \">\n\n            <img decoding=\"async\" src=\"\/wp-content\/uploads\/2018\/12\/popietas-de-lenguado-con-langostinos.jpg\" class=\"uk-transition-scale uk-transition-opaque\" alt=\"Popietas De Lenguado Con Langostinos\">\n            \n            \n            \n            \n        <\/div>\n\n        <\/div>\n    <div class=\"uk-card-body\">\n    \n            <div class=\"uk-grid-small uk-flex-middle\" uk-grid>\n\n                        <div class=\"uk-width-expand\">\n\n                                <h3 class=\"uk-panel uk-margin-remove-bottom\">Popietas De Lenguado Con Langostinos<\/h3>\n                \n                \n            <\/div>\n            \n            <div class=\"uk-width-auto\">\n\n                <div class=\"uk-grid uk-grid-small\" uk-grid>\n\n                    \n                                        <div><a class=\"uk-button uk-button-default\" data-js-lightbox href=\"\/wp-content\/uploads\/2018\/12\/popietas-de-lenguado-con-langostinos.jpg\" data-type=\"image\" data-caption=\"Popietas De Lenguado Con Langostinos\">Ampliar<\/a><\/div>\n                    \n                <\/div>\n\n            <\/div>\n\n        <\/div>\n    \n        <\/div>\n    \n<\/div>\n        <\/div>\n\n                    \n        <div>\n        \n<div class=\"uk-card uk-card-primary\">\n\n        <div class=\"uk-card-media-top\">\n    \n        <div class=\"uk-inline-clip uk-transition-toggle \">\n\n            <img decoding=\"async\" src=\"\/wp-content\/uploads\/2018\/12\/Rodaballo-brasa-scaled.jpg\" class=\"uk-transition-scale uk-transition-opaque\" alt=\"Rodaballo Brasa\">\n            \n            \n            \n            \n        <\/div>\n\n        <\/div>\n    <div class=\"uk-card-body\">\n    \n            <div class=\"uk-grid-small uk-flex-middle\" uk-grid>\n\n                        <div class=\"uk-width-expand\">\n\n                                <h3 class=\"uk-panel uk-margin-remove-bottom\">Rodaballo Brasa<\/h3>\n                \n                \n            <\/div>\n            \n            <div class=\"uk-width-auto\">\n\n                <div class=\"uk-grid uk-grid-small\" uk-grid>\n\n                    \n                                        <div><a class=\"uk-button uk-button-default\" data-js-lightbox href=\"\/wp-content\/uploads\/2018\/12\/Rodaballo-brasa-scaled.jpg\" data-type=\"image\" data-caption=\"Rodaballo Brasa\">Ampliar<\/a><\/div>\n                    \n                <\/div>\n\n            <\/div>\n\n        <\/div>\n    \n        <\/div>\n    \n<\/div>\n        <\/div>\n\n                    \n        <div>\n        \n<div class=\"uk-card uk-card-primary\">\n\n        <div class=\"uk-card-media-top\">\n    \n        <div class=\"uk-inline-clip uk-transition-toggle \">\n\n            <img decoding=\"async\" src=\"\/wp-content\/uploads\/2018\/12\/salmonete.jpg\" class=\"uk-transition-scale uk-transition-opaque\" alt=\"Salmonete\">\n            \n            \n            \n            \n        <\/div>\n\n        <\/div>\n    <div class=\"uk-card-body\">\n    \n            <div class=\"uk-grid-small uk-flex-middle\" uk-grid>\n\n                        <div class=\"uk-width-expand\">\n\n                                <h3 class=\"uk-panel uk-margin-remove-bottom\">Salmonete<\/h3>\n                \n                \n            <\/div>\n            \n            <div class=\"uk-width-auto\">\n\n                <div class=\"uk-grid uk-grid-small\" uk-grid>\n\n                    \n                                        <div><a class=\"uk-button uk-button-default\" data-js-lightbox href=\"\/wp-content\/uploads\/2018\/12\/salmonete.jpg\" data-type=\"image\" data-caption=\"Salmonete\">Ampliar<\/a><\/div>\n                    \n                <\/div>\n\n            <\/div>\n\n        <\/div>\n    \n        <\/div>\n    \n<\/div>\n        <\/div>\n\n                    \n        <div>\n        \n<div class=\"uk-card uk-card-primary\">\n\n        <div class=\"uk-card-media-top\">\n    \n        <div class=\"uk-inline-clip uk-transition-toggle \">\n\n            <img decoding=\"async\" src=\"\/wp-content\/uploads\/2018\/12\/salmonetes-rellenos-scaled.jpg\" class=\"uk-transition-scale uk-transition-opaque\" alt=\"Salmonetes Rellenos\">\n            \n            \n            \n            \n        <\/div>\n\n        <\/div>\n    <div class=\"uk-card-body\">\n    \n            <div class=\"uk-grid-small uk-flex-middle\" uk-grid>\n\n                        <div class=\"uk-width-expand\">\n\n                                <h3 class=\"uk-panel uk-margin-remove-bottom\">Salmonetes Rellenos<\/h3>\n                \n                \n            <\/div>\n            \n            <div class=\"uk-width-auto\">\n\n                <div class=\"uk-grid uk-grid-small\" uk-grid>\n\n                    \n                                        <div><a class=\"uk-button uk-button-default\" data-js-lightbox href=\"\/wp-content\/uploads\/2018\/12\/salmonetes-rellenos-scaled.jpg\" data-type=\"image\" data-caption=\"Salmonetes Rellenos\">Ampliar<\/a><\/div>\n                    \n                <\/div>\n\n            <\/div>\n\n        <\/div>\n    \n        <\/div>\n    \n<\/div>\n        <\/div>\n\n                    \n        <div>\n        \n<div class=\"uk-card uk-card-primary\">\n\n        <div class=\"uk-card-media-top\">\n    \n        <div class=\"uk-inline-clip uk-transition-toggle \">\n\n            <img decoding=\"async\" src=\"\/wp-content\/uploads\/2018\/12\/sargos-brasa2-scaled.jpg\" class=\"uk-transition-scale uk-transition-opaque\" alt=\"Sargos Brasa\">\n            \n            \n            \n            \n        <\/div>\n\n        <\/div>\n    <div class=\"uk-card-body\">\n    \n            <div class=\"uk-grid-small uk-flex-middle\" uk-grid>\n\n                        <div class=\"uk-width-expand\">\n\n                                <h3 class=\"uk-panel uk-margin-remove-bottom\">Sargos Brasa<\/h3>\n                \n                \n            <\/div>\n            \n            <div class=\"uk-width-auto\">\n\n                <div class=\"uk-grid uk-grid-small\" uk-grid>\n\n                    \n                                        <div><a class=\"uk-button uk-button-default\" data-js-lightbox href=\"\/wp-content\/uploads\/2018\/12\/sargos-brasa2-scaled.jpg\" data-type=\"image\" data-caption=\"Sargos Brasa\">Ampliar<\/a><\/div>\n                    \n                <\/div>\n\n            <\/div>\n\n        <\/div>\n    \n        <\/div>\n    \n<\/div>\n        <\/div>\n\n                    \n        <div>\n        \n<div class=\"uk-card uk-card-primary\">\n\n        <div class=\"uk-card-media-top\">\n    \n        <div class=\"uk-inline-clip uk-transition-toggle \">\n\n            <img decoding=\"async\" src=\"\/wp-content\/uploads\/2018\/12\/surtido-croquetas-scaled.jpg\" class=\"uk-transition-scale uk-transition-opaque\" alt=\"Surtido Croquetas\">\n            \n            \n            \n            \n        <\/div>\n\n        <\/div>\n    <div class=\"uk-card-body\">\n    \n            <div class=\"uk-grid-small uk-flex-middle\" uk-grid>\n\n                        <div class=\"uk-width-expand\">\n\n                                <h3 class=\"uk-panel uk-margin-remove-bottom\">Surtido Croquetas<\/h3>\n                \n                \n            <\/div>\n            \n            <div class=\"uk-width-auto\">\n\n                <div class=\"uk-grid uk-grid-small\" uk-grid>\n\n                    \n                                        <div><a class=\"uk-button uk-button-default\" data-js-lightbox href=\"\/wp-content\/uploads\/2018\/12\/surtido-croquetas-scaled.jpg\" data-type=\"image\" data-caption=\"Surtido Croquetas\">Ampliar<\/a><\/div>\n                    \n                <\/div>\n\n            <\/div>\n\n        <\/div>\n    \n        <\/div>\n    \n<\/div>\n        <\/div>\n\n                    \n        <div>\n        \n<div class=\"uk-card uk-card-primary\">\n\n        <div class=\"uk-card-media-top\">\n    \n        <div class=\"uk-inline-clip uk-transition-toggle \">\n\n            <img decoding=\"async\" src=\"\/wp-content\/uploads\/2018\/12\/tarta-tres-chocolates-casera-scaled.jpg\" class=\"uk-transition-scale uk-transition-opaque\" alt=\"Tarta Tres Chocolates Casera\">\n            \n            \n            \n            \n        <\/div>\n\n        <\/div>\n    <div class=\"uk-card-body\">\n    \n            <div class=\"uk-grid-small uk-flex-middle\" uk-grid>\n\n                        <div class=\"uk-width-expand\">\n\n                                <h3 class=\"uk-panel uk-margin-remove-bottom\">Tarta Tres Chocolates Casera<\/h3>\n                \n                \n            <\/div>\n            \n            <div class=\"uk-width-auto\">\n\n                <div class=\"uk-grid uk-grid-small\" uk-grid>\n\n                    \n                                        <div><a class=\"uk-button uk-button-default\" data-js-lightbox href=\"\/wp-content\/uploads\/2018\/12\/tarta-tres-chocolates-casera-scaled.jpg\" data-type=\"image\" data-caption=\"Tarta Tres Chocolates Casera\">Ampliar<\/a><\/div>\n                    \n                <\/div>\n\n            <\/div>\n\n        <\/div>\n    \n        <\/div>\n    \n<\/div>\n        <\/div>\n\n                    \n        <div>\n        \n<div class=\"uk-card uk-card-primary\">\n\n        <div class=\"uk-card-media-top\">\n    \n        <div class=\"uk-inline-clip uk-transition-toggle \">\n\n            <img decoding=\"async\" src=\"\/wp-content\/uploads\/2018\/12\/brochetas-rape-e-langostinos.jpg\" class=\"uk-transition-scale uk-transition-opaque\" alt=\"Brochetas Rape y Langostinos\">\n            \n            \n            \n            \n        <\/div>\n\n        <\/div>\n    <div class=\"uk-card-body\">\n    \n            <div class=\"uk-grid-small uk-flex-middle\" uk-grid>\n\n                        <div class=\"uk-width-expand\">\n\n                                <h3 class=\"uk-panel uk-margin-remove-bottom\">Brochetas Rape y Langostinos<\/h3>\n                \n                \n            <\/div>\n            \n            <div class=\"uk-width-auto\">\n\n                <div class=\"uk-grid uk-grid-small\" uk-grid>\n\n                    \n                                        <div><a class=\"uk-button uk-button-default\" data-js-lightbox href=\"\/wp-content\/uploads\/2018\/12\/brochetas-rape-e-langostinos.jpg\" data-type=\"image\" data-caption=\"Brochetas Rape y Langostinos\">Ampliar<\/a><\/div>\n                    \n                <\/div>\n\n            <\/div>\n\n        <\/div>\n    \n        <\/div>\n    \n<\/div>\n        <\/div>\n\n            \n    <\/div>\n\n\n\n<script>\n\n    (function(UIkit){\n\n        var $ = UIkit.util;\n\n        $.ready(function () {\n            if (!$.$('.uk-gallery-container')) {\n                $.append(document.body, '<div class=\"uk-scope uk-gallery-container\">');\n            }\n        });\n\n    })(window.UIkitwk || window.UIkit);\n\n<\/script>\n<\/div><\/div>\n\t\t\t\t\t\t<\/div>\n\t\t\t\t<\/div>\n\t\t\t\t\t<\/div>\n\t\t<\/div>\n\t\t\t\t\t<\/div>\n\t\t<\/section>\n\t\t\t\t<\/div>\n\t\t","protected":false},"excerpt":{"rendered":"","protected":false},"author":2,"featured_media":0,"parent":0,"menu_order":0,"comment_status":"closed","ping_status":"closed","template":"","meta":{"footnotes":""},"class_list":["post-3237","page","type-page","status-publish","hentry"],"yoast_head":"<!-- This site is optimized with the Yoast SEO plugin v27.4 - https:\/\/yoast.com\/product\/yoast-seo-wordpress\/ -->\n<title>A Horta de San Roque | Galer\u00eda de Fotos | Nuestros Platos<\/title>\n<meta name=\"description\" content=\"Del\u00e9itate con algunos de nuestros espectaculares platos. Creaciones \u00fanicas llenas de sabor y pasi\u00f3n elaboradas con los mejores productos de la zona.\" \/>\n<meta name=\"robots\" content=\"index, follow, max-snippet:-1, max-image-preview:large, max-video-preview:-1\" \/>\n<link rel=\"canonical\" href=\"https:\/\/www.ahortadesanroque.com\/gl\/platos\/\" \/>\n<meta property=\"og:locale\" content=\"gl_ES\" \/>\n<meta property=\"og:type\" content=\"article\" \/>\n<meta property=\"og:title\" content=\"A Horta de San Roque | Galer\u00eda de Fotos | Nuestros Platos\" \/>\n<meta property=\"og:description\" content=\"Del\u00e9itate con algunos de nuestros espectaculares platos. Creaciones \u00fanicas llenas de sabor y pasi\u00f3n elaboradas con los mejores productos de la zona.\" \/>\n<meta property=\"og:url\" content=\"https:\/\/www.ahortadesanroque.com\/gl\/platos\/\" \/>\n<meta property=\"og:site_name\" content=\"A Horta de San Roque\" \/>\n<meta property=\"article:modified_time\" content=\"2024-02-01T00:06:00+00:00\" \/>\n<meta name=\"twitter:card\" content=\"summary_large_image\" \/>\n<script type=\"application\/ld+json\" class=\"yoast-schema-graph\">{\"@context\":\"https:\\\/\\\/schema.org\",\"@graph\":[{\"@type\":\"WebPage\",\"@id\":\"https:\\\/\\\/www.ahortadesanroque.com\\\/platos\\\/\",\"url\":\"https:\\\/\\\/www.ahortadesanroque.com\\\/platos\\\/\",\"name\":\"A Horta de San Roque | Galer\u00eda de Fotos | Nuestros Platos\",\"isPartOf\":{\"@id\":\"https:\\\/\\\/www.ahortadesanroque.com\\\/es\\\/#website\"},\"datePublished\":\"2021-02-17T18:43:38+00:00\",\"dateModified\":\"2024-02-01T00:06:00+00:00\",\"description\":\"Del\u00e9itate con algunos de nuestros espectaculares platos. Creaciones \u00fanicas llenas de sabor y pasi\u00f3n elaboradas con los mejores productos de la zona.\",\"breadcrumb\":{\"@id\":\"https:\\\/\\\/www.ahortadesanroque.com\\\/platos\\\/#breadcrumb\"},\"inLanguage\":\"gl-ES\",\"potentialAction\":[{\"@type\":\"ReadAction\",\"target\":[\"https:\\\/\\\/www.ahortadesanroque.com\\\/platos\\\/\"]}]},{\"@type\":\"BreadcrumbList\",\"@id\":\"https:\\\/\\\/www.ahortadesanroque.com\\\/platos\\\/#breadcrumb\",\"itemListElement\":[{\"@type\":\"ListItem\",\"position\":1,\"name\":\"Portada\",\"item\":\"https:\\\/\\\/www.ahortadesanroque.com\\\/\"},{\"@type\":\"ListItem\",\"position\":2,\"name\":\"Platos\"}]},{\"@type\":\"WebSite\",\"@id\":\"https:\\\/\\\/www.ahortadesanroque.com\\\/es\\\/#website\",\"url\":\"https:\\\/\\\/www.ahortadesanroque.com\\\/es\\\/\",\"name\":\"A Horta de San Roque\",\"description\":\"\",\"potentialAction\":[{\"@type\":\"SearchAction\",\"target\":{\"@type\":\"EntryPoint\",\"urlTemplate\":\"https:\\\/\\\/www.ahortadesanroque.com\\\/es\\\/?s={search_term_string}\"},\"query-input\":{\"@type\":\"PropertyValueSpecification\",\"valueRequired\":true,\"valueName\":\"search_term_string\"}}],\"inLanguage\":\"gl-ES\"}]}<\/script>\n<!-- \/ Yoast SEO plugin. -->","yoast_head_json":{"title":"A Horta de San Roque | Galer\u00eda de Fotos | Nuestros Platos","description":"Del\u00e9itate con algunos de nuestros espectaculares platos. Creaciones \u00fanicas llenas de sabor y pasi\u00f3n elaboradas con los mejores productos de la zona.","robots":{"index":"index","follow":"follow","max-snippet":"max-snippet:-1","max-image-preview":"max-image-preview:large","max-video-preview":"max-video-preview:-1"},"canonical":"https:\/\/www.ahortadesanroque.com\/gl\/platos\/","og_locale":"gl_ES","og_type":"article","og_title":"A Horta de San Roque | Galer\u00eda de Fotos | Nuestros Platos","og_description":"Del\u00e9itate con algunos de nuestros espectaculares platos. Creaciones \u00fanicas llenas de sabor y pasi\u00f3n elaboradas con los mejores productos de la zona.","og_url":"https:\/\/www.ahortadesanroque.com\/gl\/platos\/","og_site_name":"A Horta de San Roque","article_modified_time":"2024-02-01T00:06:00+00:00","twitter_card":"summary_large_image","schema":{"@context":"https:\/\/schema.org","@graph":[{"@type":"WebPage","@id":"https:\/\/www.ahortadesanroque.com\/platos\/","url":"https:\/\/www.ahortadesanroque.com\/platos\/","name":"A Horta de San Roque | Galer\u00eda de Fotos | Nuestros Platos","isPartOf":{"@id":"https:\/\/www.ahortadesanroque.com\/es\/#website"},"datePublished":"2021-02-17T18:43:38+00:00","dateModified":"2024-02-01T00:06:00+00:00","description":"Del\u00e9itate con algunos de nuestros espectaculares platos. Creaciones \u00fanicas llenas de sabor y pasi\u00f3n elaboradas con los mejores productos de la zona.","breadcrumb":{"@id":"https:\/\/www.ahortadesanroque.com\/platos\/#breadcrumb"},"inLanguage":"gl-ES","potentialAction":[{"@type":"ReadAction","target":["https:\/\/www.ahortadesanroque.com\/platos\/"]}]},{"@type":"BreadcrumbList","@id":"https:\/\/www.ahortadesanroque.com\/platos\/#breadcrumb","itemListElement":[{"@type":"ListItem","position":1,"name":"Portada","item":"https:\/\/www.ahortadesanroque.com\/"},{"@type":"ListItem","position":2,"name":"Platos"}]},{"@type":"WebSite","@id":"https:\/\/www.ahortadesanroque.com\/es\/#website","url":"https:\/\/www.ahortadesanroque.com\/es\/","name":"A Horta de San Roque","description":"","potentialAction":[{"@type":"SearchAction","target":{"@type":"EntryPoint","urlTemplate":"https:\/\/www.ahortadesanroque.com\/es\/?s={search_term_string}"},"query-input":{"@type":"PropertyValueSpecification","valueRequired":true,"valueName":"search_term_string"}}],"inLanguage":"gl-ES"}]}},"jetpack_sharing_enabled":true,"_links":{"self":[{"href":"https:\/\/www.ahortadesanroque.com\/gl\/wp-json\/wp\/v2\/pages\/3237","targetHints":{"allow":["GET"]}}],"collection":[{"href":"https:\/\/www.ahortadesanroque.com\/gl\/wp-json\/wp\/v2\/pages"}],"about":[{"href":"https:\/\/www.ahortadesanroque.com\/gl\/wp-json\/wp\/v2\/types\/page"}],"author":[{"embeddable":true,"href":"https:\/\/www.ahortadesanroque.com\/gl\/wp-json\/wp\/v2\/users\/2"}],"replies":[{"embeddable":true,"href":"https:\/\/www.ahortadesanroque.com\/gl\/wp-json\/wp\/v2\/comments?post=3237"}],"version-history":[{"count":15,"href":"https:\/\/www.ahortadesanroque.com\/gl\/wp-json\/wp\/v2\/pages\/3237\/revisions"}],"predecessor-version":[{"id":3757,"href":"https:\/\/www.ahortadesanroque.com\/gl\/wp-json\/wp\/v2\/pages\/3237\/revisions\/3757"}],"wp:attachment":[{"href":"https:\/\/www.ahortadesanroque.com\/gl\/wp-json\/wp\/v2\/media?parent=3237"}],"curies":[{"name":"wp","href":"https:\/\/api.w.org\/{rel}","templated":true}]}}