{"id":78,"date":"2018-12-19T08:04:36","date_gmt":"2018-12-19T08:04:36","guid":{"rendered":"http:\/\/demo.ovathemes.com\/reon\/?page_id=78"},"modified":"2024-08-14T11:54:16","modified_gmt":"2024-08-14T11:54:16","slug":"contacto","status":"publish","type":"page","link":"https:\/\/www.ahortadesanroque.com\/gl\/contacto\/","title":{"rendered":"Contacto"},"content":{"rendered":"<div data-elementor-type=\"wp-post\" data-elementor-id=\"78\" class=\"elementor elementor-78\" data-elementor-post-type=\"page\">\n\t\t\t\t\t\t<section class=\"elementor-section elementor-top-section elementor-element elementor-element-1f1adab elementor-section-full_width elementor-section-height-default elementor-section-height-default\" data-id=\"1f1adab\" data-element_type=\"section\" data-e-type=\"section\">\n\t\t\t\t\t\t<div class=\"elementor-container elementor-column-gap-no\">\n\t\t\t\t\t<div class=\"elementor-column elementor-col-100 elementor-top-column elementor-element elementor-element-df0a6d6\" data-id=\"df0a6d6\" data-element_type=\"column\" data-e-type=\"column\">\n\t\t\t<div class=\"elementor-widget-wrap elementor-element-populated\">\n\t\t\t\t\t\t<div class=\"elementor-element elementor-element-6ca9f95 elementor-widget elementor-widget-ova_heading\" data-id=\"6ca9f95\" data-element_type=\"widget\" data-e-type=\"widget\" data-widget_type=\"ova_heading.default\">\n\t\t\t\t<div class=\"elementor-widget-container\">\n\t\t\t\t\t\t\t\t\t<section class=\"breadcrumb-menu-v2 breadcrumb-section section-box\" style=\"background-image: url(https:\/\/www.ahortadesanroque.com\/wp-content\/uploads\/2020\/11\/contacto.png)\">\n\t\t\t\t<div class=\"container\">\n\t\t\t\t\t<div class=\"breadcrumb-inner\">\n\t\t\t\t\t\t\t\t\t\t\t\t\t<h1>Cont\u00e1ctanos<\/h1>\n\t\t\t\t\t\t\t\t\t\t\t\t\t\t\t\t\t\t\t<span class=\"breadcrumbs-text\">Estamos aqu\u00ed para ayudarte<\/span>\n\t\t\t\t\t\t\t\t\t\t\t<\/div>\t\n\t\t\t\t<\/div>\n\t\t\t<\/section>\n\t\t\t\t\t\t\t<\/div>\n\t\t\t\t<\/div>\n\t\t\t\t\t<\/div>\n\t\t<\/div>\n\t\t\t\t\t<\/div>\n\t\t<\/section>\n\t\t\t\t<section class=\"elementor-section elementor-top-section elementor-element elementor-element-014712a elementor-section-boxed elementor-section-height-default elementor-section-height-default\" data-id=\"014712a\" data-element_type=\"section\" data-e-type=\"section\">\n\t\t\t\t\t\t<div class=\"elementor-container elementor-column-gap-default\">\n\t\t\t\t\t<div class=\"elementor-column elementor-col-100 elementor-top-column elementor-element elementor-element-5d70a9c\" data-id=\"5d70a9c\" data-element_type=\"column\" data-e-type=\"column\">\n\t\t\t<div class=\"elementor-widget-wrap elementor-element-populated\">\n\t\t\t\t\t\t<div class=\"elementor-element elementor-element-bca12c3 elementor-widget elementor-widget-ova_heading\" data-id=\"bca12c3\" data-element_type=\"widget\" data-e-type=\"widget\" data-widget_type=\"ova_heading.default\">\n\t\t\t\t<div class=\"elementor-widget-container\">\n\t\t\t\t\t\t\t\t\t\t<div class=\"ova-heading\">\n\t\t\t\t\t\t\t\t\t\t\t\t\t\t\t\t\t\t\t<h2 class=\"special-heading-1 second_font\">Contacta con A Horta de San Roque<\/h2>\n\t\t\t\t\t\t\t\t\t\t\t<\/div>\n\t\t\t\t\t\t\t\t<\/div>\n\t\t\t\t<\/div>\n\t\t\t\t<div class=\"elementor-element elementor-element-b389f8b elementor-widget elementor-widget-text-editor\" data-id=\"b389f8b\" data-element_type=\"widget\" data-e-type=\"widget\" data-widget_type=\"text-editor.default\">\n\t\t\t\t<div class=\"elementor-widget-container\">\n\t\t\t\t\t\t\t\t\t<p>Contacta con A Horta de San Roque, en Ribadeo, si tienes cualquier duda o consulta.<\/p><p>Recuerda que<strong> las reservas de mesa sin confirmaci\u00f3n por parte del restaurante no ser\u00e1n v\u00e1lidas<\/strong>.<\/p>\t\t\t\t\t\t\t\t<\/div>\n\t\t\t\t<\/div>\n\t\t\t\t\t<\/div>\n\t\t<\/div>\n\t\t\t\t\t<\/div>\n\t\t<\/section>\n\t\t\t\t<section class=\"elementor-section elementor-top-section elementor-element elementor-element-b0b481c elementor-section-boxed elementor-section-height-default elementor-section-height-default\" data-id=\"b0b481c\" data-element_type=\"section\" data-e-type=\"section\">\n\t\t\t\t\t\t<div class=\"elementor-container elementor-column-gap-default\">\n\t\t\t\t\t<div class=\"elementor-column elementor-col-50 elementor-top-column elementor-element elementor-element-6311160\" data-id=\"6311160\" data-element_type=\"column\" data-e-type=\"column\">\n\t\t\t<div class=\"elementor-widget-wrap elementor-element-populated\">\n\t\t\t\t\t\t<div class=\"elementor-element elementor-element-bf6d40d elementor-widget elementor-widget-ova_reservation_info_v2\" data-id=\"bf6d40d\" data-element_type=\"widget\" data-e-type=\"widget\" data-widget_type=\"ova_reservation_info_v2.default\">\n\t\t\t\t<div class=\"elementor-widget-container\">\n\t\t\t\t\t\t<div class=\"contact-v2-section\">\n\t\t<div class=\"contact-content\">\n\t\t\t<div class=\"row\">\n\t\t\t\t<div class=\"col-6\">\n\t\t\t\t\t<div class=\"contact-info contact-address\">\n\t\t\t\t\t\t\t\t\t\t\t\t<i class=\"zmdi zmdi-pin\"><\/i>\n\t\t\t\t\t\t\t\t\t\t\t\t\t\t\t\t\t\t<h4>Direcci\u00f3n<\/h4>\n\t\t\t\t\t\t\t\t\t\t\t\t\t\n\t\t\t\t\t\t\t\t<span>R\u00faa San Roque 44, bajo, 27700 Ribadeo (Lugo)<\/span>\n\t\t\t\t\t\t\t\t\t\t\t\t<\/div>\n\t\t\t\t<\/div>\n\t\t\t\t<div class=\"col-6\">\n\t\t\t\t\t<div class=\"contact-info\">\n\t\t\t\t\t\t\t\t\t\t\t\t\t\t\t\t\t\t<div class=\"time\">\n\t\t\t\t\t\t\t\t\t\t\t\t\t\t<div class=\"time-inner\">\n\t\t\t\t\t\t\t\t<span class=\"day\"><\/span>\n\t\t\t\t\t\t\t\t<span class=\"hour\"><\/span>\n\t\t\t\t\t\t\t<\/div>\n\t\t\t\t\t\t\t\t\t\t\t\t\t<\/div>\n\t\t\t\t\t<\/div>\n\t\t\t\t<\/div>\n\t\t\t\t<div class=\"col-6\">\n\t\t\t\t\t<div class=\"contact-info\">\n\t\t\t\t\t\t\t\t\t\t\t\t\t<i class=\"zmdi zmdi-phone\"><\/i>\n\t\t\t\t\t\t\t\t\t\t\t\t\t\t\t\t\t\t<h4>Tel\u00e9fono<\/h4>\n\t\t\t\t\t\t\t\t\t\t\t\t\t\t\t\t\t\t\t<span><a href=\"tel:604 08 05 69\">604 08 05 69<\/a><\/span>\n\t\t\t\t\t\t\t\t\t\t\t\t<\/div>\n\t\t\t\t<\/div>\n\t\t\t\t<div class=\"col-6\">\n\t\t\t\t\t<div class=\"contact-info contact-email\">\n\t\t\t\t\t\t\t\t\t\t\t\t<i class=\"zmdi zmdi-email\"><\/i>\n\t\t\t\t\t\t\t\t\t\t\t\t\t\t\t\t\t\t<h4>Email <\/h4>\n\t\t\t\t\t\t\t\t\t\t\t\t\t\t\t\t\t\t\t\t<span><a href=\"mailto:info@ahortadesanroque.com\">info@ahortadesanroque.com<\/a><\/span>\n\t\t\t\t\t\t\t\t\t\t\t\t<\/div>\n\t\t\t\t<\/div>\n\t\t\t<\/div>\n\t\t<\/div>\n\t<\/div>\n\t\t\t\t\t<\/div>\n\t\t\t\t<\/div>\n\t\t\t\t\t<\/div>\n\t\t<\/div>\n\t\t\t\t<div class=\"elementor-column elementor-col-50 elementor-top-column elementor-element elementor-element-84b042b\" data-id=\"84b042b\" data-element_type=\"column\" data-e-type=\"column\">\n\t\t\t<div class=\"elementor-widget-wrap elementor-element-populated\">\n\t\t\t\t\t\t<div class=\"elementor-element elementor-element-6013fab elementor-widget elementor-widget-shortcode\" data-id=\"6013fab\" data-element_type=\"widget\" data-e-type=\"widget\" data-widget_type=\"shortcode.default\">\n\t\t\t\t<div class=\"elementor-widget-container\">\n\t\t\t\t\t\t\t<div class=\"elementor-shortcode\">\n<div class=\"wpcf7 no-js\" id=\"wpcf7-f1507-o1\" lang=\"en-US\" dir=\"ltr\" data-wpcf7-id=\"1507\">\n<div class=\"screen-reader-response\"><p role=\"status\" aria-live=\"polite\" aria-atomic=\"true\"><\/p> <ul><\/ul><\/div>\n<form action=\"\/gl\/wp-json\/wp\/v2\/pages\/78#wpcf7-f1507-o1\" method=\"post\" class=\"wpcf7-form init\" aria-label=\"Contact form\" novalidate=\"novalidate\" data-status=\"init\" data-trp-original-action=\"\/gl\/wp-json\/wp\/v2\/pages\/78#wpcf7-f1507-o1\">\n<fieldset class=\"hidden-fields-container\"><input type=\"hidden\" name=\"_wpcf7\" value=\"1507\" \/><input type=\"hidden\" name=\"_wpcf7_version\" value=\"6.1.5\" \/><input type=\"hidden\" name=\"_wpcf7_locale\" value=\"en_US\" \/><input type=\"hidden\" name=\"_wpcf7_unit_tag\" value=\"wpcf7-f1507-o1\" \/><input type=\"hidden\" name=\"_wpcf7_container_post\" value=\"0\" \/><input type=\"hidden\" name=\"_wpcf7_posted_data_hash\" value=\"\" \/><input type=\"hidden\" name=\"_wpcf7_recaptcha_response\" value=\"\" \/>\n<\/fieldset>\n<div class=\"contact-v2-section\">\n\t<div class=\"quote-form\">\n\t\t<h3>Formulario de Contacto\n\t\t<\/h3>\n\t\t<div class=\"form-contact js-contact-form\" method=\"POST\" action=\"includes\/contact-form.php\">\n\t\t\t<div class=\"form-input\">\n\t\t\t\t<p><span class=\"wpcf7-form-control-wrap\" data-name=\"your-name\"><input size=\"40\" maxlength=\"400\" class=\"wpcf7-form-control wpcf7-text wpcf7-validates-as-required\" aria-required=\"true\" aria-invalid=\"false\" placeholder=\"Nome\" value=\"\" type=\"text\" name=\"your-name\" \/><\/span>\n\t\t\t\t<\/p>\n\t\t\t<\/div>\n\t\t\t<div class=\"form-input\">\n\t\t\t\t<p><span class=\"wpcf7-form-control-wrap\" data-name=\"your-email\"><input size=\"40\" maxlength=\"400\" class=\"wpcf7-form-control wpcf7-email wpcf7-validates-as-required wpcf7-text wpcf7-validates-as-email\" aria-required=\"true\" aria-invalid=\"false\" placeholder=\"Email\" value=\"\" type=\"email\" name=\"your-email\" \/><\/span>\n\t\t\t\t<\/p>\n\t\t\t<\/div>\n\t\t\t<div class=\"form-input\">\n\t\t\t\t<p><span class=\"wpcf7-form-control-wrap\" data-name=\"your-phone\"><input size=\"40\" maxlength=\"400\" class=\"wpcf7-form-control wpcf7-text wpcf7-validates-as-required\" aria-required=\"true\" aria-invalid=\"false\" placeholder=\"Tel\u00e9fono\" value=\"\" type=\"text\" name=\"your-phone\" \/><\/span>\n\t\t\t\t<\/p>\n\t\t\t<\/div>\n\t\t\t<div class=\"form-input\">\n\t\t\t\t<p><span class=\"wpcf7-form-control-wrap\" data-name=\"your-subject\"><input size=\"40\" maxlength=\"400\" class=\"wpcf7-form-control wpcf7-text wpcf7-validates-as-required\" aria-required=\"true\" aria-invalid=\"false\" placeholder=\"Asunto\" value=\"\" type=\"text\" name=\"your-subject\" \/><\/span>\n\t\t\t\t<\/p>\n\t\t\t<\/div>\n\t\t\t<div class=\"form-bottom\">\n\t\t\t\t<p><input type=\"submit\" class=\"end-quote-1 au-btn au-btn-yellow btn-small\" name=\"quote\" value=\"ENVIAR\" \/>\n\t\t\t\t<\/p>\n\t\t\t<\/div>\n\t\t<\/div>\n\t<\/div>\n<\/div><div class=\"wpcf7-response-output\" aria-hidden=\"true\"><\/div>\n<input type=\"hidden\" name=\"trp-form-language\" value=\"gl\"\/><\/form>\n<\/div>\n<\/div>\n\t\t\t\t\t\t<\/div>\n\t\t\t\t<\/div>\n\t\t\t\t\t<\/div>\n\t\t<\/div>\n\t\t\t\t\t<\/div>\n\t\t<\/section>\n\t\t\t\t<section class=\"elementor-section elementor-top-section elementor-element elementor-element-02feba1 elementor-section-full_width elementor-section-height-default elementor-section-height-default\" data-id=\"02feba1\" data-element_type=\"section\" data-e-type=\"section\">\n\t\t\t\t\t\t<div class=\"elementor-container elementor-column-gap-no\">\n\t\t\t\t\t<div class=\"elementor-column elementor-col-100 elementor-top-column elementor-element elementor-element-9a636bf\" data-id=\"9a636bf\" data-element_type=\"column\" data-e-type=\"column\">\n\t\t\t<div class=\"elementor-widget-wrap elementor-element-populated\">\n\t\t\t\t\t\t<div class=\"elementor-element elementor-element-4b3ab3a elementor-widget elementor-widget-google_maps\" data-id=\"4b3ab3a\" data-element_type=\"widget\" data-e-type=\"widget\" data-widget_type=\"google_maps.default\">\n\t\t\t\t<div class=\"elementor-widget-container\">\n\t\t\t\t\t\t\t<div class=\"elementor-custom-embed\">\n\t\t\t<iframe loading=\"lazy\"\n\t\t\t\t\tsrc=\"https:\/\/maps.google.com\/maps?q=A%20Horta%20de%20San%20Roque&#038;t=m&#038;z=15&#038;output=embed&#038;iwloc=near\"\n\t\t\t\t\ttitle=\"A Horta de San Roque\"\n\t\t\t\t\taria-label=\"A Horta de San Roque\"\n\t\t\t><\/iframe>\n\t\t<\/div>\n\t\t\t\t\t\t<\/div>\n\t\t\t\t<\/div>\n\t\t\t\t\t<\/div>\n\t\t<\/div>\n\t\t\t\t\t<\/div>\n\t\t<\/section>\n\t\t\t\t<\/div>","protected":false},"excerpt":{"rendered":"<p>Cont\u00e1ctanos Estamos aqu\u00ed para ayudarte Contacta con A Horta de San Roque Contacta con A Horta de San Roque, en Ribadeo, si tienes cualquier duda o consulta. Recuerda que las reservas de mesa sin confirmaci\u00f3n por parte del restaurante no ser\u00e1n v\u00e1lidas. Direcci\u00f3n Calle San Roque 44, bajo, 27700 Ribadeo (Lugo) Tel\u00e9fono 604 08 05 [&hellip;]<\/p>\n","protected":false},"author":1,"featured_media":0,"parent":0,"menu_order":0,"comment_status":"closed","ping_status":"closed","template":"elementor_header_footer","meta":{"footnotes":""},"class_list":["post-78","page","type-page","status-publish","hentry"],"yoast_head":"<!-- This site is optimized with the Yoast SEO plugin v27.4 - https:\/\/yoast.com\/product\/yoast-seo-wordpress\/ -->\n<title>Contacta con Nosotros | A Horta de San Roque<\/title>\n<meta name=\"description\" content=\"Contacta con A Horta de San Roque si tienes cualquier duda o consulta. \u00a1Estamos encantados de ayudarte!\" \/>\n<meta name=\"robots\" content=\"index, follow, max-snippet:-1, max-image-preview:large, max-video-preview:-1\" \/>\n<link rel=\"canonical\" href=\"https:\/\/www.ahortadesanroque.com\/gl\/contacto\/\" \/>\n<meta property=\"og:locale\" content=\"gl_ES\" \/>\n<meta property=\"og:type\" content=\"article\" \/>\n<meta property=\"og:title\" content=\"Contacta con Nosotros | A Horta de San Roque\" \/>\n<meta property=\"og:description\" content=\"Contacta con A Horta de San Roque si tienes cualquier duda o consulta. \u00a1Estamos encantados de ayudarte!\" \/>\n<meta property=\"og:url\" content=\"https:\/\/www.ahortadesanroque.com\/gl\/contacto\/\" \/>\n<meta property=\"og:site_name\" content=\"A Horta de San Roque\" \/>\n<meta property=\"article:modified_time\" content=\"2024-08-14T11:54:16+00:00\" \/>\n<meta property=\"og:image\" content=\"https:\/\/www.ahortadesanroque.com\/wp-content\/uploads\/2018\/12\/CRS5644-HDR.jpg\" \/>\n\t<meta property=\"og:image:width\" content=\"1280\" \/>\n\t<meta property=\"og:image:height\" content=\"853\" \/>\n\t<meta property=\"og:image:type\" content=\"image\/jpeg\" \/>\n<meta name=\"twitter:card\" content=\"summary_large_image\" \/>\n<meta name=\"twitter:title\" content=\"Contacta con Nosotros | A Horta de San Roque\" \/>\n<meta name=\"twitter:description\" content=\"Contacta con A Horta de San Roque si tienes cualquier duda o consulta. \u00a1Estamos encantados de ayudarte!\" \/>\n<meta name=\"twitter:image\" content=\"https:\/\/www.ahortadesanroque.com\/wp-content\/uploads\/2018\/12\/CRS5644-HDR.jpg\" \/>\n<meta name=\"twitter:label1\" content=\"Tempo de lectura\" \/>\n\t<meta name=\"twitter:data1\" content=\"1 minuto\" \/>\n<script type=\"application\/ld+json\" class=\"yoast-schema-graph\">{\"@context\":\"https:\\\/\\\/schema.org\",\"@graph\":[{\"@type\":\"WebPage\",\"@id\":\"https:\\\/\\\/www.ahortadesanroque.com\\\/contacto\\\/\",\"url\":\"https:\\\/\\\/www.ahortadesanroque.com\\\/contacto\\\/\",\"name\":\"Contacta con Nosotros | A Horta de San Roque\",\"isPartOf\":{\"@id\":\"https:\\\/\\\/www.ahortadesanroque.com\\\/es\\\/#website\"},\"datePublished\":\"2018-12-19T08:04:36+00:00\",\"dateModified\":\"2024-08-14T11:54:16+00:00\",\"description\":\"Contacta con A Horta de San Roque si tienes cualquier duda o consulta. \u00a1Estamos encantados de ayudarte!\",\"breadcrumb\":{\"@id\":\"https:\\\/\\\/www.ahortadesanroque.com\\\/contacto\\\/#breadcrumb\"},\"inLanguage\":\"gl-ES\",\"potentialAction\":[{\"@type\":\"ReadAction\",\"target\":[\"https:\\\/\\\/www.ahortadesanroque.com\\\/contacto\\\/\"]}]},{\"@type\":\"BreadcrumbList\",\"@id\":\"https:\\\/\\\/www.ahortadesanroque.com\\\/contacto\\\/#breadcrumb\",\"itemListElement\":[{\"@type\":\"ListItem\",\"position\":1,\"name\":\"Portada\",\"item\":\"https:\\\/\\\/www.ahortadesanroque.com\\\/\"},{\"@type\":\"ListItem\",\"position\":2,\"name\":\"Contacto\"}]},{\"@type\":\"WebSite\",\"@id\":\"https:\\\/\\\/www.ahortadesanroque.com\\\/es\\\/#website\",\"url\":\"https:\\\/\\\/www.ahortadesanroque.com\\\/es\\\/\",\"name\":\"A Horta de San Roque\",\"description\":\"\",\"potentialAction\":[{\"@type\":\"SearchAction\",\"target\":{\"@type\":\"EntryPoint\",\"urlTemplate\":\"https:\\\/\\\/www.ahortadesanroque.com\\\/es\\\/?s={search_term_string}\"},\"query-input\":{\"@type\":\"PropertyValueSpecification\",\"valueRequired\":true,\"valueName\":\"search_term_string\"}}],\"inLanguage\":\"gl-ES\"}]}<\/script>\n<!-- \/ Yoast SEO plugin. -->","yoast_head_json":{"title":"Contacta con Nosotros | A Horta de San Roque","description":"Contacta con A Horta de San Roque si tienes cualquier duda o consulta. \u00a1Estamos encantados de ayudarte!","robots":{"index":"index","follow":"follow","max-snippet":"max-snippet:-1","max-image-preview":"max-image-preview:large","max-video-preview":"max-video-preview:-1"},"canonical":"https:\/\/www.ahortadesanroque.com\/gl\/contacto\/","og_locale":"gl_ES","og_type":"article","og_title":"Contacta con Nosotros | A Horta de San Roque","og_description":"Contacta con A Horta de San Roque si tienes cualquier duda o consulta. \u00a1Estamos encantados de ayudarte!","og_url":"https:\/\/www.ahortadesanroque.com\/gl\/contacto\/","og_site_name":"A Horta de San Roque","article_modified_time":"2024-08-14T11:54:16+00:00","og_image":[{"width":1280,"height":853,"url":"https:\/\/www.ahortadesanroque.com\/wp-content\/uploads\/2018\/12\/CRS5644-HDR.jpg","type":"image\/jpeg"}],"twitter_card":"summary_large_image","twitter_title":"Contacta con Nosotros | A Horta de San Roque","twitter_description":"Contacta con A Horta de San Roque si tienes cualquier duda o consulta. \u00a1Estamos encantados de ayudarte!","twitter_image":"https:\/\/www.ahortadesanroque.com\/wp-content\/uploads\/2018\/12\/CRS5644-HDR.jpg","twitter_misc":{"Tempo de lectura":"1 minuto"},"schema":{"@context":"https:\/\/schema.org","@graph":[{"@type":"WebPage","@id":"https:\/\/www.ahortadesanroque.com\/contacto\/","url":"https:\/\/www.ahortadesanroque.com\/contacto\/","name":"Contacta con Nosotros | A Horta de San Roque","isPartOf":{"@id":"https:\/\/www.ahortadesanroque.com\/es\/#website"},"datePublished":"2018-12-19T08:04:36+00:00","dateModified":"2024-08-14T11:54:16+00:00","description":"Contacta con A Horta de San Roque si tienes cualquier duda o consulta. \u00a1Estamos encantados de ayudarte!","breadcrumb":{"@id":"https:\/\/www.ahortadesanroque.com\/contacto\/#breadcrumb"},"inLanguage":"gl-ES","potentialAction":[{"@type":"ReadAction","target":["https:\/\/www.ahortadesanroque.com\/contacto\/"]}]},{"@type":"BreadcrumbList","@id":"https:\/\/www.ahortadesanroque.com\/contacto\/#breadcrumb","itemListElement":[{"@type":"ListItem","position":1,"name":"Portada","item":"https:\/\/www.ahortadesanroque.com\/"},{"@type":"ListItem","position":2,"name":"Contacto"}]},{"@type":"WebSite","@id":"https:\/\/www.ahortadesanroque.com\/es\/#website","url":"https:\/\/www.ahortadesanroque.com\/es\/","name":"A Horta de San Roque","description":"","potentialAction":[{"@type":"SearchAction","target":{"@type":"EntryPoint","urlTemplate":"https:\/\/www.ahortadesanroque.com\/es\/?s={search_term_string}"},"query-input":{"@type":"PropertyValueSpecification","valueRequired":true,"valueName":"search_term_string"}}],"inLanguage":"gl-ES"}]}},"jetpack_sharing_enabled":true,"_links":{"self":[{"href":"https:\/\/www.ahortadesanroque.com\/gl\/wp-json\/wp\/v2\/pages\/78","targetHints":{"allow":["GET"]}}],"collection":[{"href":"https:\/\/www.ahortadesanroque.com\/gl\/wp-json\/wp\/v2\/pages"}],"about":[{"href":"https:\/\/www.ahortadesanroque.com\/gl\/wp-json\/wp\/v2\/types\/page"}],"author":[{"embeddable":true,"href":"https:\/\/www.ahortadesanroque.com\/gl\/wp-json\/wp\/v2\/users\/1"}],"replies":[{"embeddable":true,"href":"https:\/\/www.ahortadesanroque.com\/gl\/wp-json\/wp\/v2\/comments?post=78"}],"version-history":[{"count":50,"href":"https:\/\/www.ahortadesanroque.com\/gl\/wp-json\/wp\/v2\/pages\/78\/revisions"}],"predecessor-version":[{"id":3799,"href":"https:\/\/www.ahortadesanroque.com\/gl\/wp-json\/wp\/v2\/pages\/78\/revisions\/3799"}],"wp:attachment":[{"href":"https:\/\/www.ahortadesanroque.com\/gl\/wp-json\/wp\/v2\/media?parent=78"}],"curies":[{"name":"wp","href":"https:\/\/api.w.org\/{rel}","templated":true}]}}